{"id":10653,"date":"2025-10-03T17:26:33","date_gmt":"2025-10-03T17:26:33","guid":{"rendered":"https:\/\/kindart.is\/?post_type=product&#038;p=10653"},"modified":"2025-10-04T17:54:41","modified_gmt":"2025-10-04T17:54:41","slug":"armann-a-althingi","status":"publish","type":"product","link":"https:\/\/kindart.is\/en\/vara\/armann-a-althingi\/","title":{"rendered":"\u00c1rmann \u00e1 Al\u00feingi"},"content":{"rendered":"<p><strong>\u00c1rmann \u00e1 Al\u00feingi<\/strong> e\u00f0a almennur fundur \u00cdslendinga. \u00c1rsrit fyrir b\u00fah\u00f6lda og b\u00e6ndaf\u00f3lk \u00e1 \u00cdslandi I-II og III-IV. (2 bindi) \u00ed upphleyptu skinnbandi. St\u00e6r\u00f0: 18 X 11 cm. 1.\u00e1rg. 112 bls, 2.\u00e1rg. 184 bls. 3.\u00e1rg. 182 bls. og 4.\u00e1rg. 178 bls.<\/p>\n<p><strong>\u00datgefandi<\/strong>: \u00deorgeir Gu\u00f0mundsson og Baldvin Einarsson Kaupmannah\u00f6fn 1829.<\/p>\n<p><strong>Prentun<\/strong>: I.- II. &#8211; 1829-1830. C. Gr\u00e6be \u00ed Kaupmannah\u00f6fn. III. &#8211; IV. 1831-1832 hj\u00e1 C. Gr\u00e6be &amp; syni. Kbh. Lj\u00f3sprenta\u00f0 \u00ed Lithoprent 1945.<\/p>\n<p><strong>Ver\u00f0<\/strong>: B\u00e6\u00f0i bindin.<br \/>\nKr. 15.000.<\/p>\n","protected":false},"excerpt":{"rendered":"<p>\u00c1rmann \u00e1 Al\u00feingi e\u00f0a almennur fundur \u00cdslendinga. \u00c1rsrit fyrir b\u00fah\u00f6lda og b\u00e6ndaf\u00f3lk \u00e1 \u00cdslandi I-II og III-IV. (2 bindi) \u00ed upphleyptu skinnbandi. St\u00e6r\u00f0: 18 X 11 cm. 1.\u00e1rg. 112 bls, 2.\u00e1rg. 184 bls. 3.\u00e1rg. 182 bls. og 4.\u00e1rg. 178 bls. \u00datgefandi: \u00deorgeir Gu\u00f0mundsson og Baldvin Einarsson Kaupmannah\u00f6fn 1829. Prentun: I.- II. &#8211; 1829-1830. C. Gr\u00e6be [&hellip;]<\/p>\n","protected":false},"featured_media":10654,"template":"","meta":{"slim_seo":{"title":"\u00c1rmann \u00e1 Al\u00feingi - KindArt","description":"\u00c1rmann \u00e1 Al\u00feingi e\u00f0a almennur fundur \u00cdslendinga. \u00c1rsrit fyrir b\u00fah\u00f6lda og b\u00e6ndaf\u00f3lk \u00e1 \u00cdslandi I-II og III-IV. (2 bindi) \u00ed upphleyptu skinnbandi. St\u00e6r\u00f0: 18 X 11 c"}},"product_brand":[],"product_cat":[82],"product_tag":[],"class_list":{"0":"post-10653","1":"product","2":"type-product","3":"status-publish","4":"has-post-thumbnail","6":"product_cat-baekur","7":"product_shipping_class-midlungs","9":"first","10":"instock","11":"purchasable","12":"product-type-simple"},"_links":{"self":[{"href":"https:\/\/kindart.is\/en\/wp-json\/wp\/v2\/product\/10653","targetHints":{"allow":["GET"]}}],"collection":[{"href":"https:\/\/kindart.is\/en\/wp-json\/wp\/v2\/product"}],"about":[{"href":"https:\/\/kindart.is\/en\/wp-json\/wp\/v2\/types\/product"}],"wp:featuredmedia":[{"embeddable":true,"href":"https:\/\/kindart.is\/en\/wp-json\/wp\/v2\/media\/10654"}],"wp:attachment":[{"href":"https:\/\/kindart.is\/en\/wp-json\/wp\/v2\/media?parent=10653"}],"wp:term":[{"taxonomy":"product_brand","embeddable":true,"href":"https:\/\/kindart.is\/en\/wp-json\/wp\/v2\/product_brand?post=10653"},{"taxonomy":"product_cat","embeddable":true,"href":"https:\/\/kindart.is\/en\/wp-json\/wp\/v2\/product_cat?post=10653"},{"taxonomy":"product_tag","embeddable":true,"href":"https:\/\/kindart.is\/en\/wp-json\/wp\/v2\/product_tag?post=10653"}],"curies":[{"name":"wp","href":"https:\/\/api.w.org\/{rel}","templated":true}]}}