{"id":10662,"date":"2025-10-09T12:45:16","date_gmt":"2025-10-09T12:45:16","guid":{"rendered":"https:\/\/kindart.is\/?post_type=product&#038;p=10662"},"modified":"2025-10-09T12:45:16","modified_gmt":"2025-10-09T12:45:16","slug":"ast-og-erfidi-og-akra-djakninn","status":"publish","type":"product","link":"https:\/\/kindart.is\/en\/vara\/ast-og-erfidi-og-akra-djakninn\/","title":{"rendered":"\u00c1st og erfi\u00f0i og Akra-dj\u00e1kninn"},"content":{"rendered":"<p><strong>\u00c1st og erfi\u00f0i<\/strong>, S\u00f6gusafn Su\u00f0urlands I,1 og <strong>Akra-dj\u00e1kninn<\/strong>, Norsk sveitasaga I.2.<\/p>\n<p><strong>\u00datg\u00e1fa og prentun<\/strong>:<br \/>\nB\u00e6kurnar eru prenta\u00f0ar \u00ed Prentsmi\u00f0ju Su\u00f0urlands \u00e1 Eyrarbakka 1910. \u00de\u00e6r eru s\u00ed\u00f0an bundnar saman \u00ed eina b\u00f3k \u00ed shirtingsband \u00e1 kj\u00f6l og horn og kl\u00e6dd me\u00f0 fornlegum marmor- spjaldapp\u00edr \u00e1 hl\u00f0um. St\u00e6r\u00f0: 17.1 X 11 cm og 85 bls.<\/p>\n","protected":false},"excerpt":{"rendered":"<p>\u00c1st og erfi\u00f0i, S\u00f6gusafn Su\u00f0urlands I,1 og Akra-dj\u00e1kninn, Norsk sveitasaga I.2. \u00datg\u00e1fa og prentun: B\u00e6kurnar eru prenta\u00f0ar \u00ed Prentsmi\u00f0ju Su\u00f0urlands \u00e1 Eyrarbakka 1910. \u00de\u00e6r eru s\u00ed\u00f0an bundnar saman \u00ed eina b\u00f3k \u00ed shirtingsband \u00e1 kj\u00f6l og horn og kl\u00e6dd me\u00f0 fornlegum marmor- spjaldapp\u00edr \u00e1 hl\u00f0um. St\u00e6r\u00f0: 17.1 X 11 cm og 85 bls.<\/p>\n","protected":false},"featured_media":10663,"template":"","meta":{"slim_seo":{"title":"\u00c1st og erfi\u00f0i og Akra-dj\u00e1kninn - KindArt","description":"\u00c1st og erfi\u00f0i , S\u00f6gusafn Su\u00f0urlands I,1 og Akra-dj\u00e1kninn , Norsk sveitasaga I.2. \u00datg\u00e1fa og prentun : B\u00e6kurnar eru prenta\u00f0ar \u00ed Prentsmi\u00f0ju Su\u00f0urlands \u00e1 Eyrarbakk"}},"product_brand":[],"product_cat":[82],"product_tag":[],"class_list":{"0":"post-10662","1":"product","2":"type-product","3":"status-publish","4":"has-post-thumbnail","6":"product_cat-baekur","7":"product_shipping_class-litill","9":"first","10":"instock","11":"purchasable","12":"product-type-simple"},"_links":{"self":[{"href":"https:\/\/kindart.is\/en\/wp-json\/wp\/v2\/product\/10662","targetHints":{"allow":["GET"]}}],"collection":[{"href":"https:\/\/kindart.is\/en\/wp-json\/wp\/v2\/product"}],"about":[{"href":"https:\/\/kindart.is\/en\/wp-json\/wp\/v2\/types\/product"}],"wp:featuredmedia":[{"embeddable":true,"href":"https:\/\/kindart.is\/en\/wp-json\/wp\/v2\/media\/10663"}],"wp:attachment":[{"href":"https:\/\/kindart.is\/en\/wp-json\/wp\/v2\/media?parent=10662"}],"wp:term":[{"taxonomy":"product_brand","embeddable":true,"href":"https:\/\/kindart.is\/en\/wp-json\/wp\/v2\/product_brand?post=10662"},{"taxonomy":"product_cat","embeddable":true,"href":"https:\/\/kindart.is\/en\/wp-json\/wp\/v2\/product_cat?post=10662"},{"taxonomy":"product_tag","embeddable":true,"href":"https:\/\/kindart.is\/en\/wp-json\/wp\/v2\/product_tag?post=10662"}],"curies":[{"name":"wp","href":"https:\/\/api.w.org\/{rel}","templated":true}]}}