{"id":10668,"date":"2025-10-09T12:50:33","date_gmt":"2025-10-09T12:50:33","guid":{"rendered":"https:\/\/kindart.is\/?post_type=product&#038;p=10668"},"modified":"2025-10-09T12:50:34","modified_gmt":"2025-10-09T12:50:34","slug":"boluhjalmars-saga","status":"publish","type":"product","link":"https:\/\/kindart.is\/en\/vara\/boluhjalmars-saga\/","title":{"rendered":"B\u00f3luHj\u00e1lmars saga"},"content":{"rendered":"<p><strong>B\u00f3luHj\u00e1lmars saga<\/strong>. S\u00edmon Dalask\u00e1ld safna\u00f0i. Rita\u00f0 hefir og auki\u00f0: Brynj\u00f3lfur J\u00f3nsson fr\u00e1 Minna N\u00fapi. B\u00f3kin er bundin \u00ed upphleypt skrautband, br\u00fant skinn. St\u00e6r\u00f0: 19 X 12.8 cm og 208 bls.<\/p>\n<p><strong>\u00datgefandi<\/strong>:<br \/>\nB\u00f3ka\u00fatg\u00e1fuf\u00e9lagi\u00f0 \u00e1 Eyrarbakka 1911.<\/p>\n<p><strong>Prentun<\/strong>: Prentsmi\u00f0ja Su\u00f0urlands Eyrarbakka 1911.<\/p>\n","protected":false},"excerpt":{"rendered":"<p>B\u00f3luHj\u00e1lmars saga. S\u00edmon Dalask\u00e1ld safna\u00f0i. Rita\u00f0 hefir og auki\u00f0: Brynj\u00f3lfur J\u00f3nsson fr\u00e1 Minna N\u00fapi. B\u00f3kin er bundin \u00ed upphleypt skrautband, br\u00fant skinn. St\u00e6r\u00f0: 19 X 12.8 cm og 208 bls. \u00datgefandi: B\u00f3ka\u00fatg\u00e1fuf\u00e9lagi\u00f0 \u00e1 Eyrarbakka 1911. Prentun: Prentsmi\u00f0ja Su\u00f0urlands Eyrarbakka 1911.<\/p>\n","protected":false},"featured_media":10669,"template":"","meta":{"slim_seo":{"title":"B\u00f3luHj\u00e1lmars saga - KindArt","description":"B\u00f3luHj\u00e1lmars saga . S\u00edmon Dalask\u00e1ld safna\u00f0i. Rita\u00f0 hefir og auki\u00f0: Brynj\u00f3lfur J\u00f3nsson fr\u00e1 Minna N\u00fapi. B\u00f3kin er bundin \u00ed upphleypt skrautband, br\u00fant skinn. St\u00e6r\u00f0"}},"product_brand":[],"product_cat":[82],"product_tag":[],"class_list":{"0":"post-10668","1":"product","2":"type-product","3":"status-publish","4":"has-post-thumbnail","6":"product_cat-baekur","7":"product_shipping_class-litill","9":"first","10":"instock","11":"purchasable","12":"product-type-simple"},"_links":{"self":[{"href":"https:\/\/kindart.is\/en\/wp-json\/wp\/v2\/product\/10668","targetHints":{"allow":["GET"]}}],"collection":[{"href":"https:\/\/kindart.is\/en\/wp-json\/wp\/v2\/product"}],"about":[{"href":"https:\/\/kindart.is\/en\/wp-json\/wp\/v2\/types\/product"}],"wp:featuredmedia":[{"embeddable":true,"href":"https:\/\/kindart.is\/en\/wp-json\/wp\/v2\/media\/10669"}],"wp:attachment":[{"href":"https:\/\/kindart.is\/en\/wp-json\/wp\/v2\/media?parent=10668"}],"wp:term":[{"taxonomy":"product_brand","embeddable":true,"href":"https:\/\/kindart.is\/en\/wp-json\/wp\/v2\/product_brand?post=10668"},{"taxonomy":"product_cat","embeddable":true,"href":"https:\/\/kindart.is\/en\/wp-json\/wp\/v2\/product_cat?post=10668"},{"taxonomy":"product_tag","embeddable":true,"href":"https:\/\/kindart.is\/en\/wp-json\/wp\/v2\/product_tag?post=10668"}],"curies":[{"name":"wp","href":"https:\/\/api.w.org\/{rel}","templated":true}]}}