{"id":10674,"date":"2025-10-09T12:58:29","date_gmt":"2025-10-09T12:58:29","guid":{"rendered":"https:\/\/kindart.is\/?post_type=product&#038;p=10674"},"modified":"2025-10-12T19:57:14","modified_gmt":"2025-10-12T19:57:14","slug":"islenzkir-sagnathaettir","status":"publish","type":"product","link":"https:\/\/kindart.is\/en\/vara\/islenzkir-sagnathaettir\/","title":{"rendered":"\u00cdslenzkir sagna\u00fe\u00e6ttir"},"content":{"rendered":"<p><strong>\u00cdslenzkir sagna\u00fe\u00e6ttir<\/strong> eftir Brynj\u00f3lf J\u00f3nsson fr\u00e1 Minnan\u00fapi, ii.hefti. (S\u00e9rprentun \u00far Su\u00f0urlandi). Sm\u00e1kver bundi\u00f0 \u00ed f\u00e1t\u00e6klegt band sem er miki\u00f0 m\u00e1\u00f0 og k\u00e1mugt. St\u00e6r\u00f0: 16 x 9.2 cm og 64 bls.<\/p>\n<p><strong>\u00datg\u00e1fa og prentun<\/strong>:<br \/>\nPrenta\u00f0 \u00ed Prentsmi\u00f0ju Su\u00f0urlands \u00e1 Eyrarbakka 1913.<\/p>\n","protected":false},"excerpt":{"rendered":"<p>\u00cdslenzkir sagna\u00fe\u00e6ttir eftir Brynj\u00f3lf J\u00f3nsson fr\u00e1 Minnan\u00fapi, ii.hefti. (S\u00e9rprentun \u00far Su\u00f0urlandi). Sm\u00e1kver bundi\u00f0 \u00ed f\u00e1t\u00e6klegt band sem er miki\u00f0 m\u00e1\u00f0 og k\u00e1mugt. St\u00e6r\u00f0: 16 x 9.2 cm og 64 bls. \u00datg\u00e1fa og prentun: Prenta\u00f0 \u00ed Prentsmi\u00f0ju Su\u00f0urlands \u00e1 Eyrarbakka 1913.<\/p>\n","protected":false},"featured_media":10675,"template":"","meta":{"slim_seo":{"title":"\u00cdslenzkir sagna\u00fe\u00e6ttir - KindArt","description":"\u00cdslenzkir sagna\u00fe\u00e6ttir eftir Brynj\u00f3lf J\u00f3nsson fr\u00e1 Minnan\u00fapi, ii.hefti. (S\u00e9rprentun \u00far Su\u00f0urlandi). Sm\u00e1kver bundi\u00f0 \u00ed f\u00e1t\u00e6klegt band sem er miki\u00f0 m\u00e1\u00f0 og k\u00e1mugt. St"}},"product_brand":[],"product_cat":[82],"product_tag":[],"class_list":{"0":"post-10674","1":"product","2":"type-product","3":"status-publish","4":"has-post-thumbnail","6":"product_cat-baekur","7":"product_shipping_class-litill","9":"first","10":"instock","11":"purchasable","12":"product-type-simple"},"_links":{"self":[{"href":"https:\/\/kindart.is\/en\/wp-json\/wp\/v2\/product\/10674","targetHints":{"allow":["GET"]}}],"collection":[{"href":"https:\/\/kindart.is\/en\/wp-json\/wp\/v2\/product"}],"about":[{"href":"https:\/\/kindart.is\/en\/wp-json\/wp\/v2\/types\/product"}],"wp:featuredmedia":[{"embeddable":true,"href":"https:\/\/kindart.is\/en\/wp-json\/wp\/v2\/media\/10675"}],"wp:attachment":[{"href":"https:\/\/kindart.is\/en\/wp-json\/wp\/v2\/media?parent=10674"}],"wp:term":[{"taxonomy":"product_brand","embeddable":true,"href":"https:\/\/kindart.is\/en\/wp-json\/wp\/v2\/product_brand?post=10674"},{"taxonomy":"product_cat","embeddable":true,"href":"https:\/\/kindart.is\/en\/wp-json\/wp\/v2\/product_cat?post=10674"},{"taxonomy":"product_tag","embeddable":true,"href":"https:\/\/kindart.is\/en\/wp-json\/wp\/v2\/product_tag?post=10674"}],"curies":[{"name":"wp","href":"https:\/\/api.w.org\/{rel}","templated":true}]}}