{"id":10677,"date":"2025-10-09T13:05:08","date_gmt":"2025-10-09T13:05:08","guid":{"rendered":"https:\/\/kindart.is\/?post_type=product&#038;p=10677"},"modified":"2025-10-09T13:05:09","modified_gmt":"2025-10-09T13:05:09","slug":"jonsmessuhatid","status":"publish","type":"product","link":"https:\/\/kindart.is\/en\/vara\/jonsmessuhatid\/","title":{"rendered":"J\u00f3nsmessuh\u00e1t\u00ed\u00f0"},"content":{"rendered":"<p><strong>J\u00f3nsmessuh\u00e1t\u00ed\u00f0<\/strong> saga eftir Alexander L. Kielland. \u00de\u00fdtt af Gu\u00f0mundi Halld\u00f3rssyni. Alexander var norskur rith\u00f6fundur, f\u00e6ddur \u00ed Stafangri, en dvaldist v\u00ed\u00f0a m..a. \u00ed Par\u00eds, Kaupmannah\u00f6fn og v\u00ed\u00f0ar. D\u00f3 \u00ed Bj\u00f6rgvin 1908. B\u00f3kin er bundin \u00ed rex\u00ednband. St\u00e6r\u00f0:19.5 X 12.7 cm og 119 bls.<\/p>\n<p><strong>\u00datg\u00e1fa og prentun<\/strong>:<br \/>\n\u00datgefanda ekki geti\u00f0, en prentu\u00f0 \u00ed Prentsmi\u00f0ju Su\u00f0urlands 1917 \u00e1 Eyrarbakka.<br \/>\nB\u00f3kin er me\u00f0 stimpli B\u00f3kasafnsins \u00cd\u00fe\u00f6ku en einnig me\u00f0 stimplinum Seld \u00far \u00cd\u00fe\u00f6ku.<\/p>\n","protected":false},"excerpt":{"rendered":"<p>J\u00f3nsmessuh\u00e1t\u00ed\u00f0 saga eftir Alexander L. Kielland. \u00de\u00fdtt af Gu\u00f0mundi Halld\u00f3rssyni. Alexander var norskur rith\u00f6fundur, f\u00e6ddur \u00ed Stafangri, en dvaldist v\u00ed\u00f0a m..a. \u00ed Par\u00eds, Kaupmannah\u00f6fn og v\u00ed\u00f0ar. D\u00f3 \u00ed Bj\u00f6rgvin 1908. B\u00f3kin er bundin \u00ed rex\u00ednband. St\u00e6r\u00f0:19.5 X 12.7 cm og 119 bls. \u00datg\u00e1fa og prentun: \u00datgefanda ekki geti\u00f0, en prentu\u00f0 \u00ed Prentsmi\u00f0ju Su\u00f0urlands 1917 \u00e1 [&hellip;]<\/p>\n","protected":false},"featured_media":10678,"template":"","meta":{"slim_seo":{"title":"J\u00f3nsmessuh\u00e1t\u00ed\u00f0 - KindArt","description":"J\u00f3nsmessuh\u00e1t\u00ed\u00f0 saga eftir Alexander L. Kielland. \u00de\u00fdtt af Gu\u00f0mundi Halld\u00f3rssyni. Alexander var norskur rith\u00f6fundur, f\u00e6ddur \u00ed Stafangri, en dvaldist v\u00ed\u00f0a m..a. \u00ed"}},"product_brand":[],"product_cat":[82],"product_tag":[],"class_list":{"0":"post-10677","1":"product","2":"type-product","3":"status-publish","4":"has-post-thumbnail","6":"product_cat-baekur","7":"product_shipping_class-litill","9":"first","10":"instock","11":"purchasable","12":"product-type-simple"},"_links":{"self":[{"href":"https:\/\/kindart.is\/en\/wp-json\/wp\/v2\/product\/10677","targetHints":{"allow":["GET"]}}],"collection":[{"href":"https:\/\/kindart.is\/en\/wp-json\/wp\/v2\/product"}],"about":[{"href":"https:\/\/kindart.is\/en\/wp-json\/wp\/v2\/types\/product"}],"wp:featuredmedia":[{"embeddable":true,"href":"https:\/\/kindart.is\/en\/wp-json\/wp\/v2\/media\/10678"}],"wp:attachment":[{"href":"https:\/\/kindart.is\/en\/wp-json\/wp\/v2\/media?parent=10677"}],"wp:term":[{"taxonomy":"product_brand","embeddable":true,"href":"https:\/\/kindart.is\/en\/wp-json\/wp\/v2\/product_brand?post=10677"},{"taxonomy":"product_cat","embeddable":true,"href":"https:\/\/kindart.is\/en\/wp-json\/wp\/v2\/product_cat?post=10677"},{"taxonomy":"product_tag","embeddable":true,"href":"https:\/\/kindart.is\/en\/wp-json\/wp\/v2\/product_tag?post=10677"}],"curies":[{"name":"wp","href":"https:\/\/api.w.org\/{rel}","templated":true}]}}