{"id":10683,"date":"2025-10-09T13:16:37","date_gmt":"2025-10-09T13:16:37","guid":{"rendered":"https:\/\/kindart.is\/?post_type=product&#038;p=10683"},"modified":"2025-10-09T13:16:37","modified_gmt":"2025-10-09T13:16:37","slug":"songvar-handa-ungmennafelogum-islands","status":"publish","type":"product","link":"https:\/\/kindart.is\/en\/vara\/songvar-handa-ungmennafelogum-islands\/","title":{"rendered":"S\u00f6ngvar handa Ungmennaf\u00e9l\u00f6gum \u00cdslands"},"content":{"rendered":"<p><strong>S\u00f6ngvar handa Ungmennaf\u00e9l\u00f6gum \u00cdslands<\/strong>.<br \/>\nF\u00f6\u00f0urlandss\u00f6ngvar og hvatningarlj\u00f3\u00f0 til \u00e6skul\u00fd\u00f0sins eru h\u00e9r birt \u00ed forgangi.<\/p>\n<p><strong>\u00datgefendur<\/strong>: Karl H. Bjarnarson og J. Helgason (prentarar)<br \/>\n<strong>Prentun<\/strong>: Prentsmi\u00f0ja Su\u00f0urlands 1910. Kver sem er l\u00edmheft \u00ed papp\u00edrsk\u00e1pu.<br \/>\nSt\u00e6r\u00f0: 14.6 x 11.3 cm og 32 bls.<\/p>\n","protected":false},"excerpt":{"rendered":"<p>S\u00f6ngvar handa Ungmennaf\u00e9l\u00f6gum \u00cdslands. F\u00f6\u00f0urlandss\u00f6ngvar og hvatningarlj\u00f3\u00f0 til \u00e6skul\u00fd\u00f0sins eru h\u00e9r birt \u00ed forgangi. \u00datgefendur: Karl H. Bjarnarson og J. Helgason (prentarar) Prentun: Prentsmi\u00f0ja Su\u00f0urlands 1910. Kver sem er l\u00edmheft \u00ed papp\u00edrsk\u00e1pu. St\u00e6r\u00f0: 14.6 x 11.3 cm og 32 bls.<\/p>\n","protected":false},"featured_media":10684,"template":"","meta":{"slim_seo":{"title":"S\u00f6ngvar handa Ungmennaf\u00e9l\u00f6gum \u00cdslands - KindArt","description":"S\u00f6ngvar handa Ungmennaf\u00e9l\u00f6gum \u00cdslands . F\u00f6\u00f0urlandss\u00f6ngvar og hvatningarlj\u00f3\u00f0 til \u00e6skul\u00fd\u00f0sins eru h\u00e9r birt \u00ed forgangi. \u00datgefendur : Karl H. Bjarnarson og J. Helga"}},"product_brand":[],"product_cat":[82],"product_tag":[],"class_list":{"0":"post-10683","1":"product","2":"type-product","3":"status-publish","4":"has-post-thumbnail","6":"product_cat-baekur","7":"product_shipping_class-litill","9":"first","10":"instock","11":"purchasable","12":"product-type-simple"},"_links":{"self":[{"href":"https:\/\/kindart.is\/en\/wp-json\/wp\/v2\/product\/10683","targetHints":{"allow":["GET"]}}],"collection":[{"href":"https:\/\/kindart.is\/en\/wp-json\/wp\/v2\/product"}],"about":[{"href":"https:\/\/kindart.is\/en\/wp-json\/wp\/v2\/types\/product"}],"wp:featuredmedia":[{"embeddable":true,"href":"https:\/\/kindart.is\/en\/wp-json\/wp\/v2\/media\/10684"}],"wp:attachment":[{"href":"https:\/\/kindart.is\/en\/wp-json\/wp\/v2\/media?parent=10683"}],"wp:term":[{"taxonomy":"product_brand","embeddable":true,"href":"https:\/\/kindart.is\/en\/wp-json\/wp\/v2\/product_brand?post=10683"},{"taxonomy":"product_cat","embeddable":true,"href":"https:\/\/kindart.is\/en\/wp-json\/wp\/v2\/product_cat?post=10683"},{"taxonomy":"product_tag","embeddable":true,"href":"https:\/\/kindart.is\/en\/wp-json\/wp\/v2\/product_tag?post=10683"}],"curies":[{"name":"wp","href":"https:\/\/api.w.org\/{rel}","templated":true}]}}