{"id":10686,"date":"2025-10-12T19:05:05","date_gmt":"2025-10-12T19:05:05","guid":{"rendered":"https:\/\/kindart.is\/?post_type=product&#038;p=10686"},"modified":"2025-10-12T19:05:05","modified_gmt":"2025-10-12T19:05:05","slug":"draumaradningabok","status":"publish","type":"product","link":"https:\/\/kindart.is\/en\/vara\/draumaradningabok\/","title":{"rendered":"Draumar\u00e1\u00f0ningab\u00f3k"},"content":{"rendered":"<p><strong>Draumar\u00e1\u00f0ningab\u00f3k<\/strong>. H\u00f6fundur: Dr. A.W. Chase. Sn\u00e6bj\u00f6rn G. J\u00f3nsson \u00fe\u00fdddi \u00far ensku. B\u00f3kin hefur veri\u00f0 v\u00edrheft me\u00f0 einum klamma en klamminn farinn. St\u00e6r\u00f0: 17.2 X 10.8 cm og 18 bls og papp\u00edrsk\u00e1pa.<\/p>\n<p><strong>\u00datg\u00e1fa, Prentun<\/strong>:<br \/>\n\u00datgefendur \u201cTveir\u201d 1912, en prentu\u00f0 \u00ed Prentsmi\u00f0ju Su\u00f0urlands Eyrarbakka 1913.<\/p>\n","protected":false},"excerpt":{"rendered":"<p>Draumar\u00e1\u00f0ningab\u00f3k. H\u00f6fundur: Dr. A.W. Chase. Sn\u00e6bj\u00f6rn G. J\u00f3nsson \u00fe\u00fdddi \u00far ensku. B\u00f3kin hefur veri\u00f0 v\u00edrheft me\u00f0 einum klamma en klamminn farinn. St\u00e6r\u00f0: 17.2 X 10.8 cm og 18 bls og papp\u00edrsk\u00e1pa. \u00datg\u00e1fa, Prentun: \u00datgefendur \u201cTveir\u201d 1912, en prentu\u00f0 \u00ed Prentsmi\u00f0ju Su\u00f0urlands Eyrarbakka 1913.<\/p>\n","protected":false},"featured_media":10687,"template":"","meta":{"slim_seo":{"title":"Draumar\u00e1\u00f0ningab\u00f3k - KindArt","description":"Draumar\u00e1\u00f0ningab\u00f3k . H\u00f6fundur: Dr. A.W. Chase. Sn\u00e6bj\u00f6rn G. J\u00f3nsson \u00fe\u00fdddi \u00far ensku. B\u00f3kin hefur veri\u00f0 v\u00edrheft me\u00f0 einum klamma en klamminn farinn. St\u00e6r\u00f0: 17.2 X 1"}},"product_brand":[],"product_cat":[82],"product_tag":[],"class_list":{"0":"post-10686","1":"product","2":"type-product","3":"status-publish","4":"has-post-thumbnail","6":"product_cat-baekur","7":"product_shipping_class-litill","9":"first","10":"instock","11":"purchasable","12":"product-type-simple"},"_links":{"self":[{"href":"https:\/\/kindart.is\/en\/wp-json\/wp\/v2\/product\/10686","targetHints":{"allow":["GET"]}}],"collection":[{"href":"https:\/\/kindart.is\/en\/wp-json\/wp\/v2\/product"}],"about":[{"href":"https:\/\/kindart.is\/en\/wp-json\/wp\/v2\/types\/product"}],"wp:featuredmedia":[{"embeddable":true,"href":"https:\/\/kindart.is\/en\/wp-json\/wp\/v2\/media\/10687"}],"wp:attachment":[{"href":"https:\/\/kindart.is\/en\/wp-json\/wp\/v2\/media?parent=10686"}],"wp:term":[{"taxonomy":"product_brand","embeddable":true,"href":"https:\/\/kindart.is\/en\/wp-json\/wp\/v2\/product_brand?post=10686"},{"taxonomy":"product_cat","embeddable":true,"href":"https:\/\/kindart.is\/en\/wp-json\/wp\/v2\/product_cat?post=10686"},{"taxonomy":"product_tag","embeddable":true,"href":"https:\/\/kindart.is\/en\/wp-json\/wp\/v2\/product_tag?post=10686"}],"curies":[{"name":"wp","href":"https:\/\/api.w.org\/{rel}","templated":true}]}}