{"id":10691,"date":"2025-10-12T19:17:14","date_gmt":"2025-10-12T19:17:14","guid":{"rendered":"https:\/\/kindart.is\/?post_type=product&#038;p=10691"},"modified":"2026-01-13T16:05:07","modified_gmt":"2026-01-13T16:05:07","slug":"fjolan","status":"publish","type":"product","link":"https:\/\/kindart.is\/en\/vara\/fjolan\/","title":{"rendered":"Fj\u00f3lan"},"content":{"rendered":"<p><strong>Fj\u00f3lan<\/strong>. Lj\u00f3\u00f0akver eftir Eyj\u00f3lf Gu\u00f0mundsson fyrrum b\u00f3nda \u00e1 Geitafelli \u00e1 Vatnsnesi \u00ed H\u00fanavatnss\u00fdslu, N\u00faverandi \u00ed Spanish Fork \u00ed Utah U.S.A. B\u00f3kin er v\u00edrheft me\u00f0 einum klamma \u00e1 kj\u00f6l. St\u00e6r\u00f0: 14.5 X 10.5 cm \u00ed plasthylki.<\/p>\n<p><strong>\u00datg\u00e1fa og prentun<\/strong>:<br \/>\n\u00datgefanda ekki geti\u00f0, en prentun \u00ed Prentsmi\u00f0ju Su\u00f0urlands Eyrarbakka 1913.<\/p>\n","protected":false},"excerpt":{"rendered":"<p>Fj\u00f3lan. Lj\u00f3\u00f0akver eftir Eyj\u00f3lf Gu\u00f0mundsson fyrrum b\u00f3nda \u00e1 Geitafelli \u00e1 Vatnsnesi \u00ed H\u00fanavatnss\u00fdslu, N\u00faverandi \u00ed Spanish Fork \u00ed Utah U.S.A. B\u00f3kin er v\u00edrheft me\u00f0 einum klamma \u00e1 kj\u00f6l. St\u00e6r\u00f0: 14.5 X 10.5 cm \u00ed plasthylki. \u00datg\u00e1fa og prentun: \u00datgefanda ekki geti\u00f0, en prentun \u00ed Prentsmi\u00f0ju Su\u00f0urlands Eyrarbakka 1913.<\/p>\n","protected":false},"featured_media":10692,"template":"","meta":{"slim_seo":{"title":"Fj\u00f3lan - KindArt","description":"Fj\u00f3lan . Lj\u00f3\u00f0akver eftir Eyj\u00f3lf Gu\u00f0mundsson fyrrum b\u00f3nda \u00e1 Geitafelli \u00e1 Vatnsnesi \u00ed H\u00fanavatnss\u00fdslu, N\u00faverandi \u00ed Spanish Fork \u00ed Utah U.S.A. B\u00f3kin er v\u00edrheft me\u00f0"}},"product_brand":[],"product_cat":[82],"product_tag":[],"class_list":{"0":"post-10691","1":"product","2":"type-product","3":"status-publish","4":"has-post-thumbnail","6":"product_cat-baekur","7":"product_shipping_class-litill","9":"first","10":"outofstock","11":"purchasable","12":"product-type-simple"},"_links":{"self":[{"href":"https:\/\/kindart.is\/en\/wp-json\/wp\/v2\/product\/10691","targetHints":{"allow":["GET"]}}],"collection":[{"href":"https:\/\/kindart.is\/en\/wp-json\/wp\/v2\/product"}],"about":[{"href":"https:\/\/kindart.is\/en\/wp-json\/wp\/v2\/types\/product"}],"wp:featuredmedia":[{"embeddable":true,"href":"https:\/\/kindart.is\/en\/wp-json\/wp\/v2\/media\/10692"}],"wp:attachment":[{"href":"https:\/\/kindart.is\/en\/wp-json\/wp\/v2\/media?parent=10691"}],"wp:term":[{"taxonomy":"product_brand","embeddable":true,"href":"https:\/\/kindart.is\/en\/wp-json\/wp\/v2\/product_brand?post=10691"},{"taxonomy":"product_cat","embeddable":true,"href":"https:\/\/kindart.is\/en\/wp-json\/wp\/v2\/product_cat?post=10691"},{"taxonomy":"product_tag","embeddable":true,"href":"https:\/\/kindart.is\/en\/wp-json\/wp\/v2\/product_tag?post=10691"}],"curies":[{"name":"wp","href":"https:\/\/api.w.org\/{rel}","templated":true}]}}