{"id":10695,"date":"2025-10-12T19:32:39","date_gmt":"2025-10-12T19:32:39","guid":{"rendered":"https:\/\/kindart.is\/?post_type=product&#038;p=10695"},"modified":"2025-10-12T19:32:39","modified_gmt":"2025-10-12T19:32:39","slug":"rimur-af-sorla-sterka","status":"publish","type":"product","link":"https:\/\/kindart.is\/en\/vara\/rimur-af-sorla-sterka\/","title":{"rendered":"R\u00edmur af S\u00f6rla sterka"},"content":{"rendered":"<p><strong>R\u00edmur af S\u00f6rla sterka.<\/strong> Kve\u00f0nar 1859 af Vigf\u00fasi J\u00f3nssyni. \u00deetta er \u00feverheft kver og sett \u00ed \u00feunna \u00f3prenta\u00f0a papp\u00edrsk\u00e1pu. St\u00e6r\u00f0: 17.3 X 11.1 cm og 56 bls.<\/p>\n<p><strong>\u00datg\u00e1fa og prentun<\/strong>:<br \/>\n\u00datgefandi: \u00da.\/f. D\u00e6gradv\u00f6l. Prentun: Prentsmi\u00f0ja Su\u00f0urlands, Eyrarbakka 1910.<\/p>\n","protected":false},"excerpt":{"rendered":"<p>R\u00edmur af S\u00f6rla sterka. Kve\u00f0nar 1859 af Vigf\u00fasi J\u00f3nssyni. \u00deetta er \u00feverheft kver og sett \u00ed \u00feunna \u00f3prenta\u00f0a papp\u00edrsk\u00e1pu. St\u00e6r\u00f0: 17.3 X 11.1 cm og 56 bls. \u00datg\u00e1fa og prentun: \u00datgefandi: \u00da.\/f. D\u00e6gradv\u00f6l. Prentun: Prentsmi\u00f0ja Su\u00f0urlands, Eyrarbakka 1910.<\/p>\n","protected":false},"featured_media":10696,"template":"","meta":{"slim_seo":{"title":"R\u00edmur af S\u00f6rla sterka - KindArt","description":"R\u00edmur af S\u00f6rla sterka. Kve\u00f0nar 1859 af Vigf\u00fasi J\u00f3nssyni. \u00deetta er \u00feverheft kver og sett \u00ed \u00feunna \u00f3prenta\u00f0a papp\u00edrsk\u00e1pu. St\u00e6r\u00f0: 17.3 X 11.1 cm og 56 bls. \u00datg\u00e1fa o"}},"product_brand":[],"product_cat":[82],"product_tag":[],"class_list":{"0":"post-10695","1":"product","2":"type-product","3":"status-publish","4":"has-post-thumbnail","6":"product_cat-baekur","7":"product_shipping_class-litill","9":"first","10":"instock","11":"purchasable","12":"product-type-simple"},"_links":{"self":[{"href":"https:\/\/kindart.is\/en\/wp-json\/wp\/v2\/product\/10695","targetHints":{"allow":["GET"]}}],"collection":[{"href":"https:\/\/kindart.is\/en\/wp-json\/wp\/v2\/product"}],"about":[{"href":"https:\/\/kindart.is\/en\/wp-json\/wp\/v2\/types\/product"}],"wp:featuredmedia":[{"embeddable":true,"href":"https:\/\/kindart.is\/en\/wp-json\/wp\/v2\/media\/10696"}],"wp:attachment":[{"href":"https:\/\/kindart.is\/en\/wp-json\/wp\/v2\/media?parent=10695"}],"wp:term":[{"taxonomy":"product_brand","embeddable":true,"href":"https:\/\/kindart.is\/en\/wp-json\/wp\/v2\/product_brand?post=10695"},{"taxonomy":"product_cat","embeddable":true,"href":"https:\/\/kindart.is\/en\/wp-json\/wp\/v2\/product_cat?post=10695"},{"taxonomy":"product_tag","embeddable":true,"href":"https:\/\/kindart.is\/en\/wp-json\/wp\/v2\/product_tag?post=10695"}],"curies":[{"name":"wp","href":"https:\/\/api.w.org\/{rel}","templated":true}]}}