{"id":10699,"date":"2025-10-12T19:48:08","date_gmt":"2025-10-12T19:48:08","guid":{"rendered":"https:\/\/kindart.is\/?post_type=product&#038;p=10699"},"modified":"2025-10-12T19:48:09","modified_gmt":"2025-10-12T19:48:09","slug":"saga-eiriks-magnussonar-mera-eiriks","status":"publish","type":"product","link":"https:\/\/kindart.is\/en\/vara\/saga-eiriks-magnussonar-mera-eiriks\/","title":{"rendered":"Saga Eir\u00edks Magn\u00fassonar (Mera-Eir\u00edks)"},"content":{"rendered":"<p><strong>Saga Eir\u00edks Magn\u00fassonar (Mera-Eir\u00edks)<\/strong> (Eftir handriti S\u00edmonar Eir\u00edkssonar \u00ed Litladal ) Kveri\u00f0 er \u00feverheft me\u00f0 v\u00edrklamma, k\u00e1pulaust og \u00f3b. St\u00e6r\u00f0: 17.9 X 14 cm og 72 bls.<\/p>\n<p><strong>\u00datg\u00e1fa og prentun<\/strong>:<br \/>\n\u00datgefandi: S\u00edmon Bjarnason Dalask\u00e1ld. Prentun: Prentsmi\u00f0ja Su\u00f0urlands, Eyrarbakka.1912.<\/p>\n","protected":false},"excerpt":{"rendered":"<p>Saga Eir\u00edks Magn\u00fassonar (Mera-Eir\u00edks) (Eftir handriti S\u00edmonar Eir\u00edkssonar \u00ed Litladal ) Kveri\u00f0 er \u00feverheft me\u00f0 v\u00edrklamma, k\u00e1pulaust og \u00f3b. St\u00e6r\u00f0: 17.9 X 14 cm og 72 bls. \u00datg\u00e1fa og prentun: \u00datgefandi: S\u00edmon Bjarnason Dalask\u00e1ld. Prentun: Prentsmi\u00f0ja Su\u00f0urlands, Eyrarbakka.1912.<\/p>\n","protected":false},"featured_media":10700,"template":"","meta":{"slim_seo":{"title":"Saga Eir\u00edks Magn\u00fassonar (Mera-Eir\u00edks) - KindArt","description":"Saga Eir\u00edks Magn\u00fassonar (Mera-Eir\u00edks) (Eftir handriti S\u00edmonar Eir\u00edkssonar \u00ed Litladal ) Kveri\u00f0 er \u00feverheft me\u00f0 v\u00edrklamma, k\u00e1pulaust og \u00f3b. St\u00e6r\u00f0: 17.9 X 14 cm og"}},"product_brand":[],"product_cat":[82],"product_tag":[],"class_list":{"0":"post-10699","1":"product","2":"type-product","3":"status-publish","4":"has-post-thumbnail","6":"product_cat-baekur","7":"product_shipping_class-litill","9":"first","10":"instock","11":"purchasable","12":"product-type-simple"},"_links":{"self":[{"href":"https:\/\/kindart.is\/en\/wp-json\/wp\/v2\/product\/10699","targetHints":{"allow":["GET"]}}],"collection":[{"href":"https:\/\/kindart.is\/en\/wp-json\/wp\/v2\/product"}],"about":[{"href":"https:\/\/kindart.is\/en\/wp-json\/wp\/v2\/types\/product"}],"wp:featuredmedia":[{"embeddable":true,"href":"https:\/\/kindart.is\/en\/wp-json\/wp\/v2\/media\/10700"}],"wp:attachment":[{"href":"https:\/\/kindart.is\/en\/wp-json\/wp\/v2\/media?parent=10699"}],"wp:term":[{"taxonomy":"product_brand","embeddable":true,"href":"https:\/\/kindart.is\/en\/wp-json\/wp\/v2\/product_brand?post=10699"},{"taxonomy":"product_cat","embeddable":true,"href":"https:\/\/kindart.is\/en\/wp-json\/wp\/v2\/product_cat?post=10699"},{"taxonomy":"product_tag","embeddable":true,"href":"https:\/\/kindart.is\/en\/wp-json\/wp\/v2\/product_tag?post=10699"}],"curies":[{"name":"wp","href":"https:\/\/api.w.org\/{rel}","templated":true}]}}