{"id":10703,"date":"2025-10-12T20:05:59","date_gmt":"2025-10-12T20:05:59","guid":{"rendered":"https:\/\/kindart.is\/?post_type=product&#038;p=10703"},"modified":"2025-10-12T20:05:59","modified_gmt":"2025-10-12T20:05:59","slug":"skyrsla-um-storf-og-fyriraetlanir-bunadarsambands-sudurlands","status":"publish","type":"product","link":"https:\/\/kindart.is\/en\/vara\/skyrsla-um-storf-og-fyriraetlanir-bunadarsambands-sudurlands\/","title":{"rendered":"Sk\u00fdrsla um st\u00f6rf og fyrir\u00e6tlanir B\u00fana\u00f0arsambands Su\u00f0urlands"},"content":{"rendered":"<p><strong>Sk\u00fdrsla um st\u00f6rf og fyrir\u00e6tlanir B\u00fana\u00f0arsambands Su\u00f0urlands<\/strong>. L\u00edmt \u00e1 kj\u00f6l \u00ed \u00feunna \u00f3prenta\u00f0a papp\u00edrsk\u00e1pu, 1 \u00f6rk e\u00f0a 16 bls. a\u00f0 st\u00e6r\u00f0: 19 X 13 cm.<\/p>\n<p>\u00datgefanda ekki geti\u00f0 en prenta\u00f0 \u00ed Prentsmi\u00f0ju Su\u00f0urlands Eyrarbakka 1910.<\/p>\n","protected":false},"excerpt":{"rendered":"<p>Sk\u00fdrsla um st\u00f6rf og fyrir\u00e6tlanir B\u00fana\u00f0arsambands Su\u00f0urlands. L\u00edmt \u00e1 kj\u00f6l \u00ed \u00feunna \u00f3prenta\u00f0a papp\u00edrsk\u00e1pu, 1 \u00f6rk e\u00f0a 16 bls. a\u00f0 st\u00e6r\u00f0: 19 X 13 cm. \u00datgefanda ekki geti\u00f0 en prenta\u00f0 \u00ed Prentsmi\u00f0ju Su\u00f0urlands Eyrarbakka 1910.<\/p>\n","protected":false},"featured_media":10706,"template":"","meta":{"slim_seo":{"title":"Sk\u00fdrsla um st\u00f6rf og fyrir\u00e6tlanir B\u00fana\u00f0arsambands Su\u00f0urlands - KindArt","description":"Sk\u00fdrsla um st\u00f6rf og fyrir\u00e6tlanir B\u00fana\u00f0arsambands Su\u00f0urlands . L\u00edmt \u00e1 kj\u00f6l \u00ed \u00feunna \u00f3prenta\u00f0a papp\u00edrsk\u00e1pu, 1 \u00f6rk e\u00f0a 16 bls. a\u00f0 st\u00e6r\u00f0: 19 X 13 cm. \u00datgefanda ekki"}},"product_brand":[],"product_cat":[82],"product_tag":[],"class_list":{"0":"post-10703","1":"product","2":"type-product","3":"status-publish","4":"has-post-thumbnail","6":"product_cat-baekur","7":"product_shipping_class-litill","9":"first","10":"instock","11":"purchasable","12":"product-type-simple"},"_links":{"self":[{"href":"https:\/\/kindart.is\/en\/wp-json\/wp\/v2\/product\/10703","targetHints":{"allow":["GET"]}}],"collection":[{"href":"https:\/\/kindart.is\/en\/wp-json\/wp\/v2\/product"}],"about":[{"href":"https:\/\/kindart.is\/en\/wp-json\/wp\/v2\/types\/product"}],"wp:featuredmedia":[{"embeddable":true,"href":"https:\/\/kindart.is\/en\/wp-json\/wp\/v2\/media\/10706"}],"wp:attachment":[{"href":"https:\/\/kindart.is\/en\/wp-json\/wp\/v2\/media?parent=10703"}],"wp:term":[{"taxonomy":"product_brand","embeddable":true,"href":"https:\/\/kindart.is\/en\/wp-json\/wp\/v2\/product_brand?post=10703"},{"taxonomy":"product_cat","embeddable":true,"href":"https:\/\/kindart.is\/en\/wp-json\/wp\/v2\/product_cat?post=10703"},{"taxonomy":"product_tag","embeddable":true,"href":"https:\/\/kindart.is\/en\/wp-json\/wp\/v2\/product_tag?post=10703"}],"curies":[{"name":"wp","href":"https:\/\/api.w.org\/{rel}","templated":true}]}}