{"id":10710,"date":"2025-10-12T20:17:20","date_gmt":"2025-10-12T20:17:20","guid":{"rendered":"https:\/\/kindart.is\/?post_type=product&#038;p=10710"},"modified":"2025-10-17T11:18:10","modified_gmt":"2025-10-17T11:18:10","slug":"sunnlendingagaman","status":"publish","type":"product","link":"https:\/\/kindart.is\/en\/vara\/sunnlendingagaman\/","title":{"rendered":"Sunnlendingagaman"},"content":{"rendered":"<p><strong>Sunnlendingagaman<\/strong>. Formannav\u00edsur fr\u00e1 vei\u00f0ist\u00f6\u00f0vunum Austanfjalls. Selvogi, \u00deorl\u00e1ksh\u00f6fn, Eyrarbakka, Stokkseyri og Loftsta\u00f0asandi, veturinn 1914. L\u00edtill P\u00e9si 16.5 X 10.3 cm og 22 bls. Engin k\u00e1pa.<\/p>\n<p><strong>\u00datg\u00e1fa og prentun<\/strong>:<br \/>\nSp\u00f3i og \u00der\u00f6stur g\u00e1fu \u00fat. Prentun: Prentsmi\u00f0ja Su\u00f0urlands Eyrarbakka 1914.<\/p>\n","protected":false},"excerpt":{"rendered":"<p>Sunnlendingagaman. Formannav\u00edsur fr\u00e1 vei\u00f0ist\u00f6\u00f0vunum Austanfjalls. Selvogi, \u00deorl\u00e1ksh\u00f6fn, Eyrarbakka, Stokkseyri og Loftsta\u00f0asandi, veturinn 1914. L\u00edtill P\u00e9si 16.5 X 10.3 cm og 22 bls. Engin k\u00e1pa. \u00datg\u00e1fa og prentun: Sp\u00f3i og \u00der\u00f6stur g\u00e1fu \u00fat. Prentun: Prentsmi\u00f0ja Su\u00f0urlands Eyrarbakka 1914.<\/p>\n","protected":false},"featured_media":10711,"template":"","meta":{"slim_seo":{"title":"Sunnlendingagaman - KindArt","description":"Sunnlendingagaman . Formannav\u00edsur fr\u00e1 vei\u00f0ist\u00f6\u00f0vunum Austanfjalls. Selvogi, \u00deorl\u00e1ksh\u00f6fn, Eyrarbakka, Stokkseyri og Loftsta\u00f0asandi, veturinn 1914. L\u00edtill P\u00e9si 16"}},"product_brand":[],"product_cat":[82],"product_tag":[],"class_list":{"0":"post-10710","1":"product","2":"type-product","3":"status-publish","4":"has-post-thumbnail","6":"product_cat-baekur","7":"product_shipping_class-litill","9":"first","10":"outofstock","11":"purchasable","12":"product-type-simple"},"_links":{"self":[{"href":"https:\/\/kindart.is\/en\/wp-json\/wp\/v2\/product\/10710","targetHints":{"allow":["GET"]}}],"collection":[{"href":"https:\/\/kindart.is\/en\/wp-json\/wp\/v2\/product"}],"about":[{"href":"https:\/\/kindart.is\/en\/wp-json\/wp\/v2\/types\/product"}],"wp:featuredmedia":[{"embeddable":true,"href":"https:\/\/kindart.is\/en\/wp-json\/wp\/v2\/media\/10711"}],"wp:attachment":[{"href":"https:\/\/kindart.is\/en\/wp-json\/wp\/v2\/media?parent=10710"}],"wp:term":[{"taxonomy":"product_brand","embeddable":true,"href":"https:\/\/kindart.is\/en\/wp-json\/wp\/v2\/product_brand?post=10710"},{"taxonomy":"product_cat","embeddable":true,"href":"https:\/\/kindart.is\/en\/wp-json\/wp\/v2\/product_cat?post=10710"},{"taxonomy":"product_tag","embeddable":true,"href":"https:\/\/kindart.is\/en\/wp-json\/wp\/v2\/product_tag?post=10710"}],"curies":[{"name":"wp","href":"https:\/\/api.w.org\/{rel}","templated":true}]}}