{"id":10714,"date":"2025-10-17T17:54:51","date_gmt":"2025-10-17T17:54:51","guid":{"rendered":"https:\/\/kindart.is\/?post_type=product&#038;p=10714"},"modified":"2025-10-17T17:54:51","modified_gmt":"2025-10-17T17:54:51","slug":"sogur-ur-bibliunni","status":"publish","type":"product","link":"https:\/\/kindart.is\/en\/vara\/sogur-ur-bibliunni\/","title":{"rendered":"S\u00f6gur \u00far Bibl\u00edunni"},"content":{"rendered":"<p><strong>S\u00f6gur \u00far Bibl\u00edunni<\/strong>. \u00e1samt \u00feremur greinum tr\u00faarj\u00e1tningarinnar. Teknar saman handa ungum b\u00f6rnum. \u00de\u00fdddar \u00far d\u00f6nsku. B\u00f3kin er bundin \u00ed 19. aldar band, skinn \u00e1 kj\u00f6l og horn og kl\u00e6dd me\u00f0 br\u00fanlitu\u00f0um spjaldapapp\u00edr me\u00f0 svampi \u00e1 hli\u00f0um, en einlita\u00f0 \u00e1 kili. St\u00e6r\u00f0: 17.2 x 11 cm og 96 bls..<\/p>\n<p><strong>\u00datg\u00e1fa og prentun<\/strong>:<br \/>\n\u00datgefanda ekki geti\u00f0. Prentun: Kaupmannah\u00f6fn, Prentsmi\u00f0ja A. Rosenbergs 1878.<\/p>\n","protected":false},"excerpt":{"rendered":"<p>S\u00f6gur \u00far Bibl\u00edunni. \u00e1samt \u00feremur greinum tr\u00faarj\u00e1tningarinnar. Teknar saman handa ungum b\u00f6rnum. \u00de\u00fdddar \u00far d\u00f6nsku. B\u00f3kin er bundin \u00ed 19. aldar band, skinn \u00e1 kj\u00f6l og horn og kl\u00e6dd me\u00f0 br\u00fanlitu\u00f0um spjaldapapp\u00edr me\u00f0 svampi \u00e1 hli\u00f0um, en einlita\u00f0 \u00e1 kili. St\u00e6r\u00f0: 17.2 x 11 cm og 96 bls.. \u00datg\u00e1fa og prentun: \u00datgefanda ekki geti\u00f0. Prentun: [&hellip;]<\/p>\n","protected":false},"featured_media":10715,"template":"","meta":{"slim_seo":{"title":"S\u00f6gur \u00far Bibl\u00edunni - KindArt","description":"S\u00f6gur \u00far Bibl\u00edunni . \u00e1samt \u00feremur greinum tr\u00faarj\u00e1tningarinnar. Teknar saman handa ungum b\u00f6rnum. \u00de\u00fdddar \u00far d\u00f6nsku. B\u00f3kin er bundin \u00ed 19. aldar band, skinn \u00e1 kj\u00f6l"}},"product_brand":[],"product_cat":[82],"product_tag":[],"class_list":{"0":"post-10714","1":"product","2":"type-product","3":"status-publish","4":"has-post-thumbnail","6":"product_cat-baekur","7":"product_shipping_class-litill","9":"first","10":"instock","11":"purchasable","12":"product-type-simple"},"_links":{"self":[{"href":"https:\/\/kindart.is\/en\/wp-json\/wp\/v2\/product\/10714","targetHints":{"allow":["GET"]}}],"collection":[{"href":"https:\/\/kindart.is\/en\/wp-json\/wp\/v2\/product"}],"about":[{"href":"https:\/\/kindart.is\/en\/wp-json\/wp\/v2\/types\/product"}],"wp:featuredmedia":[{"embeddable":true,"href":"https:\/\/kindart.is\/en\/wp-json\/wp\/v2\/media\/10715"}],"wp:attachment":[{"href":"https:\/\/kindart.is\/en\/wp-json\/wp\/v2\/media?parent=10714"}],"wp:term":[{"taxonomy":"product_brand","embeddable":true,"href":"https:\/\/kindart.is\/en\/wp-json\/wp\/v2\/product_brand?post=10714"},{"taxonomy":"product_cat","embeddable":true,"href":"https:\/\/kindart.is\/en\/wp-json\/wp\/v2\/product_cat?post=10714"},{"taxonomy":"product_tag","embeddable":true,"href":"https:\/\/kindart.is\/en\/wp-json\/wp\/v2\/product_tag?post=10714"}],"curies":[{"name":"wp","href":"https:\/\/api.w.org\/{rel}","templated":true}]}}