{"id":10723,"date":"2025-10-17T17:58:46","date_gmt":"2025-10-17T17:58:46","guid":{"rendered":"https:\/\/kindart.is\/?post_type=product&#038;p=10723"},"modified":"2025-10-17T17:58:47","modified_gmt":"2025-10-17T17:58:47","slug":"hjalpadu-ther-sjalfur","status":"publish","type":"product","link":"https:\/\/kindart.is\/en\/vara\/hjalpadu-ther-sjalfur\/","title":{"rendered":"Hj\u00e1lpa\u00f0u \u00fe\u00e9r sj\u00e1lfur"},"content":{"rendered":"<p><strong>Hj\u00e1lpa\u00f0u \u00fe\u00e9r sj\u00e1lfur<\/strong>. Bendingar til ungra manna, sk\u00fdr\u00f0ar me\u00f0 s\u00f6nnum d\u00e6mum og r\u00f6kstuddar me\u00f0 \u00e6fis\u00f6gubrotum \u00e1g\u00e6tra manna. B\u00f3kin er bundin \u00ed 19. aldar band, skinnband \u00e1 kj\u00f6l og horn. Br\u00fanlita\u00f0, marmor papp\u00edr \u00e1 spj\u00f6ldum \u00ed gulbr\u00fanum lit. Handgyllt \u00e1 kj\u00f6l &#8211; St\u00e6r\u00f0:10.2 x 10.8 cm og 167 bls.- \u00cdslenska\u00f0 og sami\u00f0 hefur \u00d3lafur \u00d3lafsson prestur \u00ed Guttormshaga,1892, en var upphaflega ritu\u00f0 \u00e1 ensku af manni sem h\u00e9t Samuel Smiles.<\/p>\n<p><strong>\u00datg\u00e1fa, prentun<\/strong>:<br \/>\nKostna\u00f0arma\u00f0ur: Sigur\u00f0ur Kristj\u00e1nsson Reykjav\u00edk 1892. Prentun: Fjelagsprentsmi\u00f0jan Reykjav\u00edk.<\/p>\n","protected":false},"excerpt":{"rendered":"<p>Hj\u00e1lpa\u00f0u \u00fe\u00e9r sj\u00e1lfur. Bendingar til ungra manna, sk\u00fdr\u00f0ar me\u00f0 s\u00f6nnum d\u00e6mum og r\u00f6kstuddar me\u00f0 \u00e6fis\u00f6gubrotum \u00e1g\u00e6tra manna. B\u00f3kin er bundin \u00ed 19. aldar band, skinnband \u00e1 kj\u00f6l og horn. Br\u00fanlita\u00f0, marmor papp\u00edr \u00e1 spj\u00f6ldum \u00ed gulbr\u00fanum lit. Handgyllt \u00e1 kj\u00f6l &#8211; St\u00e6r\u00f0:10.2 x 10.8 cm og 167 bls.- \u00cdslenska\u00f0 og sami\u00f0 hefur \u00d3lafur \u00d3lafsson prestur [&hellip;]<\/p>\n","protected":false},"featured_media":10724,"template":"","meta":{"slim_seo":{"title":"Hj\u00e1lpa\u00f0u \u00fe\u00e9r sj\u00e1lfur - KindArt","description":"Hj\u00e1lpa\u00f0u \u00fe\u00e9r sj\u00e1lfur . Bendingar til ungra manna, sk\u00fdr\u00f0ar me\u00f0 s\u00f6nnum d\u00e6mum og r\u00f6kstuddar me\u00f0 \u00e6fis\u00f6gubrotum \u00e1g\u00e6tra manna. B\u00f3kin er bundin \u00ed 19. aldar band, skinn"}},"product_brand":[],"product_cat":[82],"product_tag":[],"class_list":{"0":"post-10723","1":"product","2":"type-product","3":"status-publish","4":"has-post-thumbnail","6":"product_cat-baekur","7":"product_shipping_class-litill","9":"first","10":"instock","11":"purchasable","12":"product-type-simple"},"_links":{"self":[{"href":"https:\/\/kindart.is\/en\/wp-json\/wp\/v2\/product\/10723","targetHints":{"allow":["GET"]}}],"collection":[{"href":"https:\/\/kindart.is\/en\/wp-json\/wp\/v2\/product"}],"about":[{"href":"https:\/\/kindart.is\/en\/wp-json\/wp\/v2\/types\/product"}],"wp:featuredmedia":[{"embeddable":true,"href":"https:\/\/kindart.is\/en\/wp-json\/wp\/v2\/media\/10724"}],"wp:attachment":[{"href":"https:\/\/kindart.is\/en\/wp-json\/wp\/v2\/media?parent=10723"}],"wp:term":[{"taxonomy":"product_brand","embeddable":true,"href":"https:\/\/kindart.is\/en\/wp-json\/wp\/v2\/product_brand?post=10723"},{"taxonomy":"product_cat","embeddable":true,"href":"https:\/\/kindart.is\/en\/wp-json\/wp\/v2\/product_cat?post=10723"},{"taxonomy":"product_tag","embeddable":true,"href":"https:\/\/kindart.is\/en\/wp-json\/wp\/v2\/product_tag?post=10723"}],"curies":[{"name":"wp","href":"https:\/\/api.w.org\/{rel}","templated":true}]}}