{"id":10729,"date":"2025-10-19T12:38:25","date_gmt":"2025-10-19T12:38:25","guid":{"rendered":"https:\/\/kindart.is\/?post_type=product&#038;p=10729"},"modified":"2025-10-19T12:38:25","modified_gmt":"2025-10-19T12:38:25","slug":"landmarks-of-american-writing","status":"publish","type":"product","link":"https:\/\/kindart.is\/en\/vara\/landmarks-of-american-writing\/","title":{"rendered":"Landmarks of American Writing"},"content":{"rendered":"<p><strong>Landmarks of American Writing<\/strong>. \u00deessar greinar voru upphaflega ger\u00f0ar fyrir \u00fatvarpsst\u00f6\u00f0ina: Voice of America og fluttar \u00fear af h\u00f6fundinum Hennig Cohen. Hann ritar form\u00e1la fyrir b\u00f3kina. sem er prenta\u00f0ur fremst \u00ed ritinu. B\u00f3kin er saumu\u00f0 og l\u00edmd \u00ed kartonk\u00e1pu. St\u00e6r\u00f0: 20.7 x 13.7 cm og 438 bls.<\/p>\n<p><strong>\u00datg\u00e1fa og prentun<\/strong>:<br \/>\n\u00datgefandi: Voice of America Forum Lecctures.<\/p>\n","protected":false},"excerpt":{"rendered":"<p>Landmarks of American Writing. \u00deessar greinar voru upphaflega ger\u00f0ar fyrir \u00fatvarpsst\u00f6\u00f0ina: Voice of America og fluttar \u00fear af h\u00f6fundinum Hennig Cohen. Hann ritar form\u00e1la fyrir b\u00f3kina. sem er prenta\u00f0ur fremst \u00ed ritinu. B\u00f3kin er saumu\u00f0 og l\u00edmd \u00ed kartonk\u00e1pu. St\u00e6r\u00f0: 20.7 x 13.7 cm og 438 bls. \u00datg\u00e1fa og prentun: \u00datgefandi: Voice of America Forum [&hellip;]<\/p>\n","protected":false},"featured_media":10730,"template":"","meta":{"slim_seo":{"title":"Landmarks of American Writing - KindArt","description":"Landmarks of American Writing . \u00deessar greinar voru upphaflega ger\u00f0ar fyrir \u00fatvarpsst\u00f6\u00f0ina: Voice of America og fluttar \u00fear af h\u00f6fundinum Hennig Cohen. Hann rit"}},"product_brand":[],"product_cat":[82],"product_tag":[],"class_list":{"0":"post-10729","1":"product","2":"type-product","3":"status-publish","4":"has-post-thumbnail","6":"product_cat-baekur","7":"product_shipping_class-litill","9":"first","10":"instock","11":"purchasable","12":"product-type-simple"},"_links":{"self":[{"href":"https:\/\/kindart.is\/en\/wp-json\/wp\/v2\/product\/10729","targetHints":{"allow":["GET"]}}],"collection":[{"href":"https:\/\/kindart.is\/en\/wp-json\/wp\/v2\/product"}],"about":[{"href":"https:\/\/kindart.is\/en\/wp-json\/wp\/v2\/types\/product"}],"wp:featuredmedia":[{"embeddable":true,"href":"https:\/\/kindart.is\/en\/wp-json\/wp\/v2\/media\/10730"}],"wp:attachment":[{"href":"https:\/\/kindart.is\/en\/wp-json\/wp\/v2\/media?parent=10729"}],"wp:term":[{"taxonomy":"product_brand","embeddable":true,"href":"https:\/\/kindart.is\/en\/wp-json\/wp\/v2\/product_brand?post=10729"},{"taxonomy":"product_cat","embeddable":true,"href":"https:\/\/kindart.is\/en\/wp-json\/wp\/v2\/product_cat?post=10729"},{"taxonomy":"product_tag","embeddable":true,"href":"https:\/\/kindart.is\/en\/wp-json\/wp\/v2\/product_tag?post=10729"}],"curies":[{"name":"wp","href":"https:\/\/api.w.org\/{rel}","templated":true}]}}