{"id":10732,"date":"2025-10-19T12:47:26","date_gmt":"2025-10-19T12:47:26","guid":{"rendered":"https:\/\/kindart.is\/?post_type=product&#038;p=10732"},"modified":"2025-10-19T12:47:26","modified_gmt":"2025-10-19T12:47:26","slug":"modern-islandsk-poesi","status":"publish","type":"product","link":"https:\/\/kindart.is\/en\/vara\/modern-islandsk-poesi\/","title":{"rendered":"MODERN ISLANDSK POESI"},"content":{"rendered":"<p><strong>MODERN ISLANDSK POESI<\/strong> &#8211; I urval och tolkning av Ariane Wahlgren. FIB:S Lyrikklubbs Bibliotek Nr. 53. B\u00f3kin er saumu\u00f0 og l\u00edmd \u00ed kartonk\u00e1pu. St\u00e6r\u00f0: 19.7 x 12.3 cm og 197 bls.<\/p>\n<p><strong>\u00datgefandi:<\/strong> FIB:s LYRIKKLUBB. Stockholm. <strong>Prentun<\/strong>: Tiden-Barn\u00e4ngen Tryckerier AB Stockholm i 6000 exemplar 1959.<\/p>\n","protected":false},"excerpt":{"rendered":"<p>MODERN ISLANDSK POESI &#8211; I urval och tolkning av Ariane Wahlgren. FIB:S Lyrikklubbs Bibliotek Nr. 53. B\u00f3kin er saumu\u00f0 og l\u00edmd \u00ed kartonk\u00e1pu. St\u00e6r\u00f0: 19.7 x 12.3 cm og 197 bls. \u00datgefandi: FIB:s LYRIKKLUBB. Stockholm. Prentun: Tiden-Barn\u00e4ngen Tryckerier AB Stockholm i 6000 exemplar 1959.<\/p>\n","protected":false},"featured_media":10733,"template":"","meta":{"slim_seo":{"title":"MODERN ISLANDSK POESI - KindArt","description":"MODERN ISLANDSK POESI - I urval och tolkning av Ariane Wahlgren. FIB:S Lyrikklubbs Bibliotek Nr. 53. B\u00f3kin er saumu\u00f0 og l\u00edmd \u00ed kartonk\u00e1pu. St\u00e6r\u00f0: 19.7 x 12.3 cm"}},"product_brand":[],"product_cat":[82],"product_tag":[],"class_list":{"0":"post-10732","1":"product","2":"type-product","3":"status-publish","4":"has-post-thumbnail","6":"product_cat-baekur","7":"product_shipping_class-litill","9":"first","10":"instock","11":"purchasable","12":"product-type-simple"},"_links":{"self":[{"href":"https:\/\/kindart.is\/en\/wp-json\/wp\/v2\/product\/10732","targetHints":{"allow":["GET"]}}],"collection":[{"href":"https:\/\/kindart.is\/en\/wp-json\/wp\/v2\/product"}],"about":[{"href":"https:\/\/kindart.is\/en\/wp-json\/wp\/v2\/types\/product"}],"wp:featuredmedia":[{"embeddable":true,"href":"https:\/\/kindart.is\/en\/wp-json\/wp\/v2\/media\/10733"}],"wp:attachment":[{"href":"https:\/\/kindart.is\/en\/wp-json\/wp\/v2\/media?parent=10732"}],"wp:term":[{"taxonomy":"product_brand","embeddable":true,"href":"https:\/\/kindart.is\/en\/wp-json\/wp\/v2\/product_brand?post=10732"},{"taxonomy":"product_cat","embeddable":true,"href":"https:\/\/kindart.is\/en\/wp-json\/wp\/v2\/product_cat?post=10732"},{"taxonomy":"product_tag","embeddable":true,"href":"https:\/\/kindart.is\/en\/wp-json\/wp\/v2\/product_tag?post=10732"}],"curies":[{"name":"wp","href":"https:\/\/api.w.org\/{rel}","templated":true}]}}