{"id":10736,"date":"2025-10-26T18:35:50","date_gmt":"2025-10-26T18:35:50","guid":{"rendered":"https:\/\/kindart.is\/?post_type=product&#038;p=10736"},"modified":"2025-10-26T18:35:50","modified_gmt":"2025-10-26T18:35:50","slug":"hugvekjusalmar-til-kvoldsongva-fra-veturnottum-til-langafostu","status":"publish","type":"product","link":"https:\/\/kindart.is\/en\/vara\/hugvekjusalmar-til-kvoldsongva-fra-veturnottum-til-langafostu\/","title":{"rendered":"Hugvekjus\u00e1lmar til kv\u00f6lds\u00f6ngva fr\u00e1 Veturn\u00f3ttum til Langaf\u00f6stu"},"content":{"rendered":"<p><strong>Hugvekjus\u00e1lmar til kv\u00f6lds\u00f6ngva fr\u00e1 Veturn\u00f3ttum til Langaf\u00f6stu<\/strong> eftir Gu\u00f0mund Einarsson prest a\u00f0 Kvennabrekku \u00ed D\u00f6lum. B\u00f3kin er bundinn \u00ed alskinn, sau\u00f0skinn. St\u00e6r\u00f0: 15 x 6.5 cm og 195 bls og lei\u00f0r\u00e9ttingars\u00ed\u00f0a aftast, prentu\u00f0 hj\u00e1 E. \u00de\u00f3r\u00f0arsyni 1860.<\/p>\n<p><strong>\u00datg\u00e1fa og prentun<\/strong>:<br \/>\n\u00datgefandi: Egill J\u00f3nsson b\u00f3kbindari \u00ed Reykjav\u00edk.<br \/>\nPrentun: Prentsmi\u00f0ja S.L.M\u00f6ller \u00ed Kaupmannah\u00f6fn.<\/p>\n","protected":false},"excerpt":{"rendered":"<p>Hugvekjus\u00e1lmar til kv\u00f6lds\u00f6ngva fr\u00e1 Veturn\u00f3ttum til Langaf\u00f6stu eftir Gu\u00f0mund Einarsson prest a\u00f0 Kvennabrekku \u00ed D\u00f6lum. B\u00f3kin er bundinn \u00ed alskinn, sau\u00f0skinn. St\u00e6r\u00f0: 15 x 6.5 cm og 195 bls og lei\u00f0r\u00e9ttingars\u00ed\u00f0a aftast, prentu\u00f0 hj\u00e1 E. \u00de\u00f3r\u00f0arsyni 1860. \u00datg\u00e1fa og prentun: \u00datgefandi: Egill J\u00f3nsson b\u00f3kbindari \u00ed Reykjav\u00edk. Prentun: Prentsmi\u00f0ja S.L.M\u00f6ller \u00ed Kaupmannah\u00f6fn.<\/p>\n","protected":false},"featured_media":10737,"template":"","meta":{"slim_seo":{"title":"Hugvekjus\u00e1lmar til kv\u00f6lds\u00f6ngva fr\u00e1 Veturn\u00f3ttum til Langaf\u00f6stu - KindArt","description":"Hugvekjus\u00e1lmar til kv\u00f6lds\u00f6ngva fr\u00e1 Veturn\u00f3ttum til Langaf\u00f6stu eftir Gu\u00f0mund Einarsson prest a\u00f0 Kvennabrekku \u00ed D\u00f6lum. B\u00f3kin er bundinn \u00ed alskinn, sau\u00f0skinn. St\u00e6r"}},"product_brand":[],"product_cat":[82],"product_tag":[],"class_list":{"0":"post-10736","1":"product","2":"type-product","3":"status-publish","4":"has-post-thumbnail","6":"product_cat-baekur","7":"product_shipping_class-litill","9":"first","10":"instock","11":"purchasable","12":"product-type-simple"},"_links":{"self":[{"href":"https:\/\/kindart.is\/en\/wp-json\/wp\/v2\/product\/10736","targetHints":{"allow":["GET"]}}],"collection":[{"href":"https:\/\/kindart.is\/en\/wp-json\/wp\/v2\/product"}],"about":[{"href":"https:\/\/kindart.is\/en\/wp-json\/wp\/v2\/types\/product"}],"wp:featuredmedia":[{"embeddable":true,"href":"https:\/\/kindart.is\/en\/wp-json\/wp\/v2\/media\/10737"}],"wp:attachment":[{"href":"https:\/\/kindart.is\/en\/wp-json\/wp\/v2\/media?parent=10736"}],"wp:term":[{"taxonomy":"product_brand","embeddable":true,"href":"https:\/\/kindart.is\/en\/wp-json\/wp\/v2\/product_brand?post=10736"},{"taxonomy":"product_cat","embeddable":true,"href":"https:\/\/kindart.is\/en\/wp-json\/wp\/v2\/product_cat?post=10736"},{"taxonomy":"product_tag","embeddable":true,"href":"https:\/\/kindart.is\/en\/wp-json\/wp\/v2\/product_tag?post=10736"}],"curies":[{"name":"wp","href":"https:\/\/api.w.org\/{rel}","templated":true}]}}