{"id":10741,"date":"2025-10-26T18:48:26","date_gmt":"2025-10-26T18:48:26","guid":{"rendered":"https:\/\/kindart.is\/?post_type=product&#038;p=10741"},"modified":"2025-10-26T18:48:26","modified_gmt":"2025-10-26T18:48:26","slug":"herfjotur-ljod-og-steflur","status":"publish","type":"product","link":"https:\/\/kindart.is\/en\/vara\/herfjotur-ljod-og-steflur\/","title":{"rendered":"Herfj\u00f6tur Lj\u00f3\u00f0 og Steflur"},"content":{"rendered":"<p><strong>Herfj\u00f6tur Lj\u00f3\u00f0 og Steflur<\/strong> eftir P\u00e9tur P\u00e1lsson. B\u00f3kin er kiljuband en \u00ed st\u00e6rra formi: St\u00e6r\u00f0: 21 x 16 cm og um 110 bls. Myndir eru \u00ed b\u00f3kinni eftir \u00fdmsa og ger\u00f0ar me\u00f0 \u00fdmsu m\u00f3ti, m.a. eftir Dag Sigur\u00f0arson.<\/p>\n<p><strong>\u00datg\u00e1fa<\/strong>:<br \/>\nGefin \u00fat \u00e1 kostna\u00f0 h\u00f6fundar.<br \/>\n<strong>Prentun<\/strong>:<br \/>\nPrentsmi\u00f0jan Letur s\/f &#8211; Reykjav\u00edk 1966.<\/p>\n","protected":false},"excerpt":{"rendered":"<p>Herfj\u00f6tur Lj\u00f3\u00f0 og Steflur eftir P\u00e9tur P\u00e1lsson. B\u00f3kin er kiljuband en \u00ed st\u00e6rra formi: St\u00e6r\u00f0: 21 x 16 cm og um 110 bls. Myndir eru \u00ed b\u00f3kinni eftir \u00fdmsa og ger\u00f0ar me\u00f0 \u00fdmsu m\u00f3ti, m.a. eftir Dag Sigur\u00f0arson. \u00datg\u00e1fa: Gefin \u00fat \u00e1 kostna\u00f0 h\u00f6fundar. Prentun: Prentsmi\u00f0jan Letur s\/f &#8211; Reykjav\u00edk 1966.<\/p>\n","protected":false},"featured_media":10742,"template":"","meta":{"slim_seo":{"title":"Herfj\u00f6tur Lj\u00f3\u00f0 og Steflur - KindArt","description":"Herfj\u00f6tur Lj\u00f3\u00f0 og Steflur eftir P\u00e9tur P\u00e1lsson. B\u00f3kin er kiljuband en \u00ed st\u00e6rra formi: St\u00e6r\u00f0: 21 x 16 cm og um 110 bls. Myndir eru \u00ed b\u00f3kinni eftir \u00fdmsa og ger\u00f0ar"}},"product_brand":[],"product_cat":[82],"product_tag":[],"class_list":{"0":"post-10741","1":"product","2":"type-product","3":"status-publish","4":"has-post-thumbnail","6":"product_cat-baekur","7":"product_shipping_class-litill","9":"first","10":"instock","11":"purchasable","12":"product-type-simple"},"_links":{"self":[{"href":"https:\/\/kindart.is\/en\/wp-json\/wp\/v2\/product\/10741","targetHints":{"allow":["GET"]}}],"collection":[{"href":"https:\/\/kindart.is\/en\/wp-json\/wp\/v2\/product"}],"about":[{"href":"https:\/\/kindart.is\/en\/wp-json\/wp\/v2\/types\/product"}],"wp:featuredmedia":[{"embeddable":true,"href":"https:\/\/kindart.is\/en\/wp-json\/wp\/v2\/media\/10742"}],"wp:attachment":[{"href":"https:\/\/kindart.is\/en\/wp-json\/wp\/v2\/media?parent=10741"}],"wp:term":[{"taxonomy":"product_brand","embeddable":true,"href":"https:\/\/kindart.is\/en\/wp-json\/wp\/v2\/product_brand?post=10741"},{"taxonomy":"product_cat","embeddable":true,"href":"https:\/\/kindart.is\/en\/wp-json\/wp\/v2\/product_cat?post=10741"},{"taxonomy":"product_tag","embeddable":true,"href":"https:\/\/kindart.is\/en\/wp-json\/wp\/v2\/product_tag?post=10741"}],"curies":[{"name":"wp","href":"https:\/\/api.w.org\/{rel}","templated":true}]}}