{"id":10746,"date":"2025-10-26T18:55:52","date_gmt":"2025-10-26T18:55:52","guid":{"rendered":"https:\/\/kindart.is\/?post_type=product&#038;p=10746"},"modified":"2025-10-26T18:55:52","modified_gmt":"2025-10-26T18:55:52","slug":"sogusafn-austra","status":"publish","type":"product","link":"https:\/\/kindart.is\/en\/vara\/sogusafn-austra\/","title":{"rendered":"S\u00f6gusafn Austra"},"content":{"rendered":"<p><strong>S\u00f6gusafn Austra<\/strong>. \u00deetta eru sm\u00e1s\u00f6gur sem birtust sem ne\u00f0anm\u00e1lss\u00f6gur \u00ed bla\u00f0inu Austra, sem kom \u00fat \u00e1 Sey\u00f0isfir\u00f0i um \u00e1rabil fyrir og eftir aldam\u00f3tin 1900. \u00deetta eru nokku\u00f0 margar s\u00f6gur og hafa veri\u00f0 klipptar \u00far bla\u00f0inu og ra\u00f0a\u00f0 saman \u00ed b\u00f3k og s\u00ed\u00f0an handbundnar. St\u00e6r\u00f0 b\u00f3kar er 20.3 x 14.8 cm og 87 bls. +140 bls. +140bls. = 367 bls. alls. 3 \u00e1r.<\/p>\n<p><strong>\u00datg\u00e1fa<\/strong>:<br \/>\n\u00datgefandi: Bla\u00f0i\u00f0 Austri \u00e1 Sey\u00f0isfir\u00f0i.<br \/>\n<strong>Prentun<\/strong>: Prentsmi\u00f0ja \u00deorsteins J G. Skaptasonar Sey\u00f0isfir\u00f0i 1897-1899.<\/p>\n","protected":false},"excerpt":{"rendered":"<p>S\u00f6gusafn Austra. \u00deetta eru sm\u00e1s\u00f6gur sem birtust sem ne\u00f0anm\u00e1lss\u00f6gur \u00ed bla\u00f0inu Austra, sem kom \u00fat \u00e1 Sey\u00f0isfir\u00f0i um \u00e1rabil fyrir og eftir aldam\u00f3tin 1900. \u00deetta eru nokku\u00f0 margar s\u00f6gur og hafa veri\u00f0 klipptar \u00far bla\u00f0inu og ra\u00f0a\u00f0 saman \u00ed b\u00f3k og s\u00ed\u00f0an handbundnar. St\u00e6r\u00f0 b\u00f3kar er 20.3 x 14.8 cm og 87 bls. +140 bls. [&hellip;]<\/p>\n","protected":false},"featured_media":10747,"template":"","meta":{"slim_seo":{"title":"S\u00f6gusafn Austra - KindArt","description":"S\u00f6gusafn Austra . \u00deetta eru sm\u00e1s\u00f6gur sem birtust sem ne\u00f0anm\u00e1lss\u00f6gur \u00ed bla\u00f0inu Austra, sem kom \u00fat \u00e1 Sey\u00f0isfir\u00f0i um \u00e1rabil fyrir og eftir aldam\u00f3tin 1900. \u00deetta er"}},"product_brand":[],"product_cat":[82],"product_tag":[],"class_list":{"0":"post-10746","1":"product","2":"type-product","3":"status-publish","4":"has-post-thumbnail","6":"product_cat-baekur","7":"product_shipping_class-litill","9":"first","10":"instock","11":"purchasable","12":"product-type-simple"},"_links":{"self":[{"href":"https:\/\/kindart.is\/en\/wp-json\/wp\/v2\/product\/10746","targetHints":{"allow":["GET"]}}],"collection":[{"href":"https:\/\/kindart.is\/en\/wp-json\/wp\/v2\/product"}],"about":[{"href":"https:\/\/kindart.is\/en\/wp-json\/wp\/v2\/types\/product"}],"wp:featuredmedia":[{"embeddable":true,"href":"https:\/\/kindart.is\/en\/wp-json\/wp\/v2\/media\/10747"}],"wp:attachment":[{"href":"https:\/\/kindart.is\/en\/wp-json\/wp\/v2\/media?parent=10746"}],"wp:term":[{"taxonomy":"product_brand","embeddable":true,"href":"https:\/\/kindart.is\/en\/wp-json\/wp\/v2\/product_brand?post=10746"},{"taxonomy":"product_cat","embeddable":true,"href":"https:\/\/kindart.is\/en\/wp-json\/wp\/v2\/product_cat?post=10746"},{"taxonomy":"product_tag","embeddable":true,"href":"https:\/\/kindart.is\/en\/wp-json\/wp\/v2\/product_tag?post=10746"}],"curies":[{"name":"wp","href":"https:\/\/api.w.org\/{rel}","templated":true}]}}