{"id":10755,"date":"2025-10-29T19:01:16","date_gmt":"2025-10-29T19:01:16","guid":{"rendered":"https:\/\/kindart.is\/?post_type=product&#038;p=10755"},"modified":"2025-10-29T19:01:16","modified_gmt":"2025-10-29T19:01:16","slug":"flugorna","status":"publish","type":"product","link":"https:\/\/kindart.is\/en\/vara\/flugorna\/","title":{"rendered":"FLUGORNA"},"content":{"rendered":"<p><strong>FLUGORNA<\/strong>. Inf\u00f6r lyckta d\u00f6rrar eftir Jean-Paul Sartre. Drama i tre akter. \u00de\u00fdtt \u00e1 s\u00e6nsku af Eyvind Johnson. St\u00e6r\u00f0: 19.5 x 12 cm og 151 bls.<\/p>\n<p><strong>\u00datg\u00e1fa. Prentun<\/strong>:<br \/>\n\u00datgefandi: Albert Bonniers F\u00f6rlag. Andra tusendet<br \/>\nPrentun: Alb. Bonniers Boktryckeri 1946.<\/p>\n","protected":false},"excerpt":{"rendered":"<p>FLUGORNA. Inf\u00f6r lyckta d\u00f6rrar eftir Jean-Paul Sartre. Drama i tre akter. \u00de\u00fdtt \u00e1 s\u00e6nsku af Eyvind Johnson. St\u00e6r\u00f0: 19.5 x 12 cm og 151 bls. \u00datg\u00e1fa. Prentun: \u00datgefandi: Albert Bonniers F\u00f6rlag. Andra tusendet Prentun: Alb. Bonniers Boktryckeri 1946.<\/p>\n","protected":false},"featured_media":10757,"template":"","meta":{"slim_seo":{"title":"FLUGORNA - KindArt","description":"FLUGORNA . Inf\u00f6r lyckta d\u00f6rrar eftir Jean-Paul Sartre. Drama i tre akter. \u00de\u00fdtt \u00e1 s\u00e6nsku af Eyvind Johnson. St\u00e6r\u00f0: 19.5 x 12 cm og 151 bls. \u00datg\u00e1fa. Prentun : \u00datg"}},"product_brand":[],"product_cat":[82],"product_tag":[],"class_list":{"0":"post-10755","1":"product","2":"type-product","3":"status-publish","4":"has-post-thumbnail","6":"product_cat-baekur","7":"product_shipping_class-litill","9":"first","10":"instock","11":"purchasable","12":"product-type-simple"},"_links":{"self":[{"href":"https:\/\/kindart.is\/en\/wp-json\/wp\/v2\/product\/10755","targetHints":{"allow":["GET"]}}],"collection":[{"href":"https:\/\/kindart.is\/en\/wp-json\/wp\/v2\/product"}],"about":[{"href":"https:\/\/kindart.is\/en\/wp-json\/wp\/v2\/types\/product"}],"wp:featuredmedia":[{"embeddable":true,"href":"https:\/\/kindart.is\/en\/wp-json\/wp\/v2\/media\/10757"}],"wp:attachment":[{"href":"https:\/\/kindart.is\/en\/wp-json\/wp\/v2\/media?parent=10755"}],"wp:term":[{"taxonomy":"product_brand","embeddable":true,"href":"https:\/\/kindart.is\/en\/wp-json\/wp\/v2\/product_brand?post=10755"},{"taxonomy":"product_cat","embeddable":true,"href":"https:\/\/kindart.is\/en\/wp-json\/wp\/v2\/product_cat?post=10755"},{"taxonomy":"product_tag","embeddable":true,"href":"https:\/\/kindart.is\/en\/wp-json\/wp\/v2\/product_tag?post=10755"}],"curies":[{"name":"wp","href":"https:\/\/api.w.org\/{rel}","templated":true}]}}