{"id":10759,"date":"2025-10-29T19:07:42","date_gmt":"2025-10-29T19:07:42","guid":{"rendered":"https:\/\/kindart.is\/?post_type=product&#038;p=10759"},"modified":"2025-10-29T19:07:42","modified_gmt":"2025-10-29T19:07:42","slug":"lyrik-fran-var-egen-tid","status":"publish","type":"product","link":"https:\/\/kindart.is\/en\/vara\/lyrik-fran-var-egen-tid\/","title":{"rendered":"LYRIK fr\u00e5n v\u00e5r egen tid"},"content":{"rendered":"<p><strong>LYRIK fr\u00e5n v\u00e5r egen tid<\/strong>. Skrifter utgivna av Modersm\u00e5lsl\u00e4rarnas F\u00f6rening.<br \/>\nB\u00f3kin er bundin \u00ed vanda\u00f0 s\u00e6nskt v\u00e9lab\u00f3kband, b\u00f3kastrigi \u00e1 kj\u00f6l og vanda\u00f0ur s\u00e9rprenta\u00f0ur spjaldapapp\u00edr \u00e1 hli\u00f0ar. Nafn prenta\u00f0 \u00e1 kj\u00f6l me\u00f0 rau\u00f0u \u00ed st\u00edl vi\u00f0 papp\u00edrinn. St\u00e6r\u00f0:19.8 x 13.0 cm og 156 bls.<\/p>\n<p><strong>\u00datg\u00e1fa. Prentun<\/strong>:<br \/>\n\u00datgefandi: Gunnar Tidestr\u00f6m hj\u00e1 C.W.K. Gleerups F\u00f6rlag \u00ed Lundi.\u2028Prentun: Sk\u00e5nska Centraltryckeriet Lundi 1945.<\/p>\n","protected":false},"excerpt":{"rendered":"<p>LYRIK fr\u00e5n v\u00e5r egen tid. Skrifter utgivna av Modersm\u00e5lsl\u00e4rarnas F\u00f6rening. B\u00f3kin er bundin \u00ed vanda\u00f0 s\u00e6nskt v\u00e9lab\u00f3kband, b\u00f3kastrigi \u00e1 kj\u00f6l og vanda\u00f0ur s\u00e9rprenta\u00f0ur spjaldapapp\u00edr \u00e1 hli\u00f0ar. Nafn prenta\u00f0 \u00e1 kj\u00f6l me\u00f0 rau\u00f0u \u00ed st\u00edl vi\u00f0 papp\u00edrinn. St\u00e6r\u00f0:19.8 x 13.0 cm og 156 bls. \u00datg\u00e1fa. Prentun: \u00datgefandi: Gunnar Tidestr\u00f6m hj\u00e1 C.W.K. Gleerups F\u00f6rlag \u00ed Lundi.\u2028Prentun: Sk\u00e5nska [&hellip;]<\/p>\n","protected":false},"featured_media":10761,"template":"","meta":{"slim_seo":{"title":"LYRIK fr\u00e5n v\u00e5r egen tid - KindArt","description":"LYRIK fr\u00e5n v\u00e5r egen tid . Skrifter utgivna av Modersm\u00e5lsl\u00e4rarnas F\u00f6rening. B\u00f3kin er bundin \u00ed vanda\u00f0 s\u00e6nskt v\u00e9lab\u00f3kband, b\u00f3kastrigi \u00e1 kj\u00f6l og vanda\u00f0ur s\u00e9rprenta\u00f0"}},"product_brand":[],"product_cat":[82],"product_tag":[],"class_list":{"0":"post-10759","1":"product","2":"type-product","3":"status-publish","4":"has-post-thumbnail","6":"product_cat-baekur","7":"product_shipping_class-litill","9":"first","10":"instock","11":"purchasable","12":"product-type-simple"},"_links":{"self":[{"href":"https:\/\/kindart.is\/en\/wp-json\/wp\/v2\/product\/10759","targetHints":{"allow":["GET"]}}],"collection":[{"href":"https:\/\/kindart.is\/en\/wp-json\/wp\/v2\/product"}],"about":[{"href":"https:\/\/kindart.is\/en\/wp-json\/wp\/v2\/types\/product"}],"wp:featuredmedia":[{"embeddable":true,"href":"https:\/\/kindart.is\/en\/wp-json\/wp\/v2\/media\/10761"}],"wp:attachment":[{"href":"https:\/\/kindart.is\/en\/wp-json\/wp\/v2\/media?parent=10759"}],"wp:term":[{"taxonomy":"product_brand","embeddable":true,"href":"https:\/\/kindart.is\/en\/wp-json\/wp\/v2\/product_brand?post=10759"},{"taxonomy":"product_cat","embeddable":true,"href":"https:\/\/kindart.is\/en\/wp-json\/wp\/v2\/product_cat?post=10759"},{"taxonomy":"product_tag","embeddable":true,"href":"https:\/\/kindart.is\/en\/wp-json\/wp\/v2\/product_tag?post=10759"}],"curies":[{"name":"wp","href":"https:\/\/api.w.org\/{rel}","templated":true}]}}