{"id":10768,"date":"2025-11-04T18:07:16","date_gmt":"2025-11-04T18:07:16","guid":{"rendered":"https:\/\/kindart.is\/?post_type=product&#038;p=10768"},"modified":"2025-11-04T18:07:16","modified_gmt":"2025-11-04T18:07:16","slug":"engelsk-litteratur-1900-1947","status":"publish","type":"product","link":"https:\/\/kindart.is\/en\/vara\/engelsk-litteratur-1900-1947\/","title":{"rendered":"Engelsk Litteratur 1900-1947"},"content":{"rendered":"<p><strong>Engelsk Litteratur 1900-1947<\/strong>. H\u00f6fundur: Peter P. Rohde. B\u00f3kin er saumu\u00f0 og sett \u00ed kartonk\u00e1pu. St\u00e6r\u00f0: 20 x 13.6 m og 352 bls.<\/p>\n<p><strong>\u00datg\u00e1fa og prentun<\/strong>:<br \/>\n\u00datgefandi: Athen\u00e6um, K\u00f8benhavn 1948. Prentun: Andersen &amp; Petersen Kbh.<\/p>\n","protected":false},"excerpt":{"rendered":"<p>Engelsk Litteratur 1900-1947. H\u00f6fundur: Peter P. Rohde. B\u00f3kin er saumu\u00f0 og sett \u00ed kartonk\u00e1pu. St\u00e6r\u00f0: 20 x 13.6 m og 352 bls. \u00datg\u00e1fa og prentun: \u00datgefandi: Athen\u00e6um, K\u00f8benhavn 1948. Prentun: Andersen &amp; Petersen Kbh.<\/p>\n","protected":false},"featured_media":10769,"template":"","meta":{"slim_seo":{"title":"Engelsk Litteratur 1900-1947 - KindArt","description":"Engelsk Litteratur 1900-1947 . H\u00f6fundur: Peter P. Rohde. B\u00f3kin er saumu\u00f0 og sett \u00ed kartonk\u00e1pu. St\u00e6r\u00f0: 20 x 13.6 m og 352 bls. \u00datg\u00e1fa og prentun : \u00datgefandi: Ath"}},"product_brand":[],"product_cat":[82],"product_tag":[],"class_list":{"0":"post-10768","1":"product","2":"type-product","3":"status-publish","4":"has-post-thumbnail","6":"product_cat-baekur","7":"product_shipping_class-litill","9":"first","10":"instock","11":"purchasable","12":"product-type-simple"},"_links":{"self":[{"href":"https:\/\/kindart.is\/en\/wp-json\/wp\/v2\/product\/10768","targetHints":{"allow":["GET"]}}],"collection":[{"href":"https:\/\/kindart.is\/en\/wp-json\/wp\/v2\/product"}],"about":[{"href":"https:\/\/kindart.is\/en\/wp-json\/wp\/v2\/types\/product"}],"wp:featuredmedia":[{"embeddable":true,"href":"https:\/\/kindart.is\/en\/wp-json\/wp\/v2\/media\/10769"}],"wp:attachment":[{"href":"https:\/\/kindart.is\/en\/wp-json\/wp\/v2\/media?parent=10768"}],"wp:term":[{"taxonomy":"product_brand","embeddable":true,"href":"https:\/\/kindart.is\/en\/wp-json\/wp\/v2\/product_brand?post=10768"},{"taxonomy":"product_cat","embeddable":true,"href":"https:\/\/kindart.is\/en\/wp-json\/wp\/v2\/product_cat?post=10768"},{"taxonomy":"product_tag","embeddable":true,"href":"https:\/\/kindart.is\/en\/wp-json\/wp\/v2\/product_tag?post=10768"}],"curies":[{"name":"wp","href":"https:\/\/api.w.org\/{rel}","templated":true}]}}