{"id":10774,"date":"2025-11-04T18:14:42","date_gmt":"2025-11-04T18:14:42","guid":{"rendered":"https:\/\/kindart.is\/?post_type=product&#038;p=10774"},"modified":"2025-11-04T18:14:43","modified_gmt":"2025-11-04T18:14:43","slug":"sidste-digte","status":"publish","type":"product","link":"https:\/\/kindart.is\/en\/vara\/sidste-digte\/","title":{"rendered":"Sidste Digte"},"content":{"rendered":"<p><strong>Sidste Digte<\/strong> H\u00f6f.: Kaj Munk. Den Sk\u00e6bne ej til os. B\u00f3kin er saumu\u00f0 og sett \u00ed \u00ed kartonk\u00e1pu, \u00f3skorin.. St\u00e6r\u00f0: 23.5 x 16.5 cm og 95 bls.<\/p>\n<p><strong>\u00datg\u00e1fa og Prentun<\/strong>:<br \/>\n\u00datgefandi: Samlerens Forlag. 2.\u00fatg\u00e1fa. 1945 Trykt i 23.000 Ekspl.<br \/>\nPrentun: Det Berlinske bgytrykkeri, K\u00f8benhavn.<\/p>\n","protected":false},"excerpt":{"rendered":"<p>Sidste Digte H\u00f6f.: Kaj Munk. Den Sk\u00e6bne ej til os. B\u00f3kin er saumu\u00f0 og sett \u00ed \u00ed kartonk\u00e1pu, \u00f3skorin.. St\u00e6r\u00f0: 23.5 x 16.5 cm og 95 bls. \u00datg\u00e1fa og Prentun: \u00datgefandi: Samlerens Forlag. 2.\u00fatg\u00e1fa. 1945 Trykt i 23.000 Ekspl. Prentun: Det Berlinske bgytrykkeri, K\u00f8benhavn.<\/p>\n","protected":false},"featured_media":10775,"template":"","meta":{"slim_seo":{"title":"Sidste Digte - KindArt","description":"Sidste Digte H\u00f6f.: Kaj Munk. Den Sk\u00e6bne ej til os. B\u00f3kin er saumu\u00f0 og sett \u00ed \u00ed kartonk\u00e1pu, \u00f3skorin.. St\u00e6r\u00f0: 23.5 x 16.5 cm og 95 bls. \u00datg\u00e1fa og Prentun : \u00datgefa"}},"product_brand":[],"product_cat":[82],"product_tag":[],"class_list":{"0":"post-10774","1":"product","2":"type-product","3":"status-publish","4":"has-post-thumbnail","6":"product_cat-baekur","7":"product_shipping_class-litill","9":"first","10":"instock","11":"purchasable","12":"product-type-simple"},"_links":{"self":[{"href":"https:\/\/kindart.is\/en\/wp-json\/wp\/v2\/product\/10774","targetHints":{"allow":["GET"]}}],"collection":[{"href":"https:\/\/kindart.is\/en\/wp-json\/wp\/v2\/product"}],"about":[{"href":"https:\/\/kindart.is\/en\/wp-json\/wp\/v2\/types\/product"}],"wp:featuredmedia":[{"embeddable":true,"href":"https:\/\/kindart.is\/en\/wp-json\/wp\/v2\/media\/10775"}],"wp:attachment":[{"href":"https:\/\/kindart.is\/en\/wp-json\/wp\/v2\/media?parent=10774"}],"wp:term":[{"taxonomy":"product_brand","embeddable":true,"href":"https:\/\/kindart.is\/en\/wp-json\/wp\/v2\/product_brand?post=10774"},{"taxonomy":"product_cat","embeddable":true,"href":"https:\/\/kindart.is\/en\/wp-json\/wp\/v2\/product_cat?post=10774"},{"taxonomy":"product_tag","embeddable":true,"href":"https:\/\/kindart.is\/en\/wp-json\/wp\/v2\/product_tag?post=10774"}],"curies":[{"name":"wp","href":"https:\/\/api.w.org\/{rel}","templated":true}]}}