{"id":10782,"date":"2025-11-04T18:25:43","date_gmt":"2025-11-04T18:25:43","guid":{"rendered":"https:\/\/kindart.is\/?post_type=product&#038;p=10782"},"modified":"2025-11-04T18:25:44","modified_gmt":"2025-11-04T18:25:44","slug":"maxim-gorki-in-selbstzeugnissen-und-bilddokumenten","status":"publish","type":"product","link":"https:\/\/kindart.is\/en\/vara\/maxim-gorki-in-selbstzeugnissen-und-bilddokumenten\/","title":{"rendered":"Maxim GORKI in Selbstzeugnissen und Bilddokumenten"},"content":{"rendered":"<p><strong>Maxim GORKI in Selbstzeugnissen und Bilddokumenten<\/strong>. Kilja. St\u00e6r\u00f0: 19 x 11.5 cm og 176 bls me\u00f0 augl\u00fdsingum aftast.<\/p>\n<p><strong>\u00datg\u00e1fa og prentun<\/strong>: Rowohlt-Ver\u00f6ffenlicht im juni 1958. Offetdruck von Text und Bildern Hermann F.R.Stumme, Hamburg. Satz, Umchlaghdruch und Bindarbeiten: Clausen &amp; Bosse, Leck Printed in Germany.<\/p>\n","protected":false},"excerpt":{"rendered":"<p>Maxim GORKI in Selbstzeugnissen und Bilddokumenten. Kilja. St\u00e6r\u00f0: 19 x 11.5 cm og 176 bls me\u00f0 augl\u00fdsingum aftast. \u00datg\u00e1fa og prentun: Rowohlt-Ver\u00f6ffenlicht im juni 1958. Offetdruck von Text und Bildern Hermann F.R.Stumme, Hamburg. Satz, Umchlaghdruch und Bindarbeiten: Clausen &amp; Bosse, Leck Printed in Germany.<\/p>\n","protected":false},"featured_media":10783,"template":"","meta":{"slim_seo":{"title":"Maxim GORKI in Selbstzeugnissen und Bilddokumenten - KindArt","description":"Maxim GORKI in Selbstzeugnissen und Bilddokumenten . Kilja. St\u00e6r\u00f0: 19 x 11.5 cm og 176 bls me\u00f0 augl\u00fdsingum aftast. \u00datg\u00e1fa og prentun : Rowohlt-Ver\u00f6ffenlicht im"}},"product_brand":[],"product_cat":[82],"product_tag":[],"class_list":{"0":"post-10782","1":"product","2":"type-product","3":"status-publish","4":"has-post-thumbnail","6":"product_cat-baekur","7":"product_shipping_class-litill","9":"first","10":"instock","11":"purchasable","12":"product-type-simple"},"_links":{"self":[{"href":"https:\/\/kindart.is\/en\/wp-json\/wp\/v2\/product\/10782","targetHints":{"allow":["GET"]}}],"collection":[{"href":"https:\/\/kindart.is\/en\/wp-json\/wp\/v2\/product"}],"about":[{"href":"https:\/\/kindart.is\/en\/wp-json\/wp\/v2\/types\/product"}],"wp:featuredmedia":[{"embeddable":true,"href":"https:\/\/kindart.is\/en\/wp-json\/wp\/v2\/media\/10783"}],"wp:attachment":[{"href":"https:\/\/kindart.is\/en\/wp-json\/wp\/v2\/media?parent=10782"}],"wp:term":[{"taxonomy":"product_brand","embeddable":true,"href":"https:\/\/kindart.is\/en\/wp-json\/wp\/v2\/product_brand?post=10782"},{"taxonomy":"product_cat","embeddable":true,"href":"https:\/\/kindart.is\/en\/wp-json\/wp\/v2\/product_cat?post=10782"},{"taxonomy":"product_tag","embeddable":true,"href":"https:\/\/kindart.is\/en\/wp-json\/wp\/v2\/product_tag?post=10782"}],"curies":[{"name":"wp","href":"https:\/\/api.w.org\/{rel}","templated":true}]}}