{"id":10787,"date":"2025-11-04T18:33:57","date_gmt":"2025-11-04T18:33:57","guid":{"rendered":"https:\/\/kindart.is\/?post_type=product&#038;p=10787"},"modified":"2025-11-04T18:33:57","modified_gmt":"2025-11-04T18:33:57","slug":"europas-litteraturhistoria-1918-1939","status":"publish","type":"product","link":"https:\/\/kindart.is\/en\/vara\/europas-litteraturhistoria-1918-1939\/","title":{"rendered":"Europas Litteraturhistoria 1918-1939"},"content":{"rendered":"<p><strong>Europas Litteraturhistoria 1918-1939<\/strong>. Redigerad av Arthur Lundkvist. B\u00f3kin er \u00ed Norr\u00e6nu forlagsbandi, Shirtingsband me\u00f0 p\u00ednulitlum hornum og \u00feverr\u00e1k\u00f3ttum spjaldapapp\u00edr. St\u00e6r\u00f0: 19 x 12.8 cm og 656 bls.<\/p>\n<p><strong>\u00datg\u00e1fa<\/strong>:<br \/>\n\u00datgefandi: Forum, Stockholm 1946. Prentun: Klara Civiltryckeri AB, 456283.<\/p>\n","protected":false},"excerpt":{"rendered":"<p>Europas Litteraturhistoria 1918-1939. Redigerad av Arthur Lundkvist. B\u00f3kin er \u00ed Norr\u00e6nu forlagsbandi, Shirtingsband me\u00f0 p\u00ednulitlum hornum og \u00feverr\u00e1k\u00f3ttum spjaldapapp\u00edr. St\u00e6r\u00f0: 19 x 12.8 cm og 656 bls. \u00datg\u00e1fa: \u00datgefandi: Forum, Stockholm 1946. Prentun: Klara Civiltryckeri AB, 456283.<\/p>\n","protected":false},"featured_media":10788,"template":"","meta":{"slim_seo":{"title":"Europas Litteraturhistoria 1918-1939 - KindArt","description":"Europas Litteraturhistoria 1918-1939 . Redigerad av Arthur Lundkvist. B\u00f3kin er \u00ed Norr\u00e6nu forlagsbandi, Shirtingsband me\u00f0 p\u00ednulitlum hornum og \u00feverr\u00e1k\u00f3ttum spjal"}},"product_brand":[],"product_cat":[82],"product_tag":[],"class_list":{"0":"post-10787","1":"product","2":"type-product","3":"status-publish","4":"has-post-thumbnail","6":"product_cat-baekur","7":"product_shipping_class-litill","9":"first","10":"instock","11":"purchasable","12":"product-type-simple"},"_links":{"self":[{"href":"https:\/\/kindart.is\/en\/wp-json\/wp\/v2\/product\/10787","targetHints":{"allow":["GET"]}}],"collection":[{"href":"https:\/\/kindart.is\/en\/wp-json\/wp\/v2\/product"}],"about":[{"href":"https:\/\/kindart.is\/en\/wp-json\/wp\/v2\/types\/product"}],"wp:featuredmedia":[{"embeddable":true,"href":"https:\/\/kindart.is\/en\/wp-json\/wp\/v2\/media\/10788"}],"wp:attachment":[{"href":"https:\/\/kindart.is\/en\/wp-json\/wp\/v2\/media?parent=10787"}],"wp:term":[{"taxonomy":"product_brand","embeddable":true,"href":"https:\/\/kindart.is\/en\/wp-json\/wp\/v2\/product_brand?post=10787"},{"taxonomy":"product_cat","embeddable":true,"href":"https:\/\/kindart.is\/en\/wp-json\/wp\/v2\/product_cat?post=10787"},{"taxonomy":"product_tag","embeddable":true,"href":"https:\/\/kindart.is\/en\/wp-json\/wp\/v2\/product_tag?post=10787"}],"curies":[{"name":"wp","href":"https:\/\/api.w.org\/{rel}","templated":true}]}}