{"id":10795,"date":"2025-11-08T10:56:31","date_gmt":"2025-11-08T10:56:31","guid":{"rendered":"https:\/\/kindart.is\/?post_type=product&#038;p=10795"},"modified":"2025-11-08T10:56:31","modified_gmt":"2025-11-08T10:56:31","slug":"den-store-dagen","status":"publish","type":"product","link":"https:\/\/kindart.is\/en\/vara\/den-store-dagen\/","title":{"rendered":"Den Store Dagen"},"content":{"rendered":"<p><strong>Den Store Dagen<\/strong>, Roman eftir Henry Pete. Upplaga: 1-60:de tusendet. B\u00f3kin er bundin \u00ed forlagsband, shirting \u00e1 kj\u00f6l og pr. spjaldapapp\u00edr, \u00e1gylltur.<\/p>\n<p><strong>\u00datg\u00e1fa<\/strong>: Folket i Bilds F\u00f6rlag, Sockholm 1946. <strong>Prentun<\/strong>: Katalog och Tidskriftstryck 1946.<\/p>\n","protected":false},"excerpt":{"rendered":"<p>Den Store Dagen, Roman eftir Henry Pete. Upplaga: 1-60:de tusendet. B\u00f3kin er bundin \u00ed forlagsband, shirting \u00e1 kj\u00f6l og pr. spjaldapapp\u00edr, \u00e1gylltur. \u00datg\u00e1fa: Folket i Bilds F\u00f6rlag, Sockholm 1946. Prentun: Katalog och Tidskriftstryck 1946.<\/p>\n","protected":false},"featured_media":10796,"template":"","meta":{"slim_seo":{"title":"Den Store Dagen - KindArt","description":"Den Store Dagen , Roman eftir Henry Pete. Upplaga: 1-60:de tusendet. B\u00f3kin er bundin \u00ed forlagsband, shirting \u00e1 kj\u00f6l og pr. spjaldapapp\u00edr, \u00e1gylltur. \u00datg\u00e1fa : Fol"}},"product_brand":[],"product_cat":[82],"product_tag":[],"class_list":{"0":"post-10795","1":"product","2":"type-product","3":"status-publish","4":"has-post-thumbnail","6":"product_cat-baekur","7":"product_shipping_class-litill","9":"first","10":"instock","11":"purchasable","12":"product-type-simple"},"_links":{"self":[{"href":"https:\/\/kindart.is\/en\/wp-json\/wp\/v2\/product\/10795","targetHints":{"allow":["GET"]}}],"collection":[{"href":"https:\/\/kindart.is\/en\/wp-json\/wp\/v2\/product"}],"about":[{"href":"https:\/\/kindart.is\/en\/wp-json\/wp\/v2\/types\/product"}],"wp:featuredmedia":[{"embeddable":true,"href":"https:\/\/kindart.is\/en\/wp-json\/wp\/v2\/media\/10796"}],"wp:attachment":[{"href":"https:\/\/kindart.is\/en\/wp-json\/wp\/v2\/media?parent=10795"}],"wp:term":[{"taxonomy":"product_brand","embeddable":true,"href":"https:\/\/kindart.is\/en\/wp-json\/wp\/v2\/product_brand?post=10795"},{"taxonomy":"product_cat","embeddable":true,"href":"https:\/\/kindart.is\/en\/wp-json\/wp\/v2\/product_cat?post=10795"},{"taxonomy":"product_tag","embeddable":true,"href":"https:\/\/kindart.is\/en\/wp-json\/wp\/v2\/product_tag?post=10795"}],"curies":[{"name":"wp","href":"https:\/\/api.w.org\/{rel}","templated":true}]}}