{"id":10800,"date":"2025-11-08T11:04:36","date_gmt":"2025-11-08T11:04:36","guid":{"rendered":"https:\/\/kindart.is\/?post_type=product&#038;p=10800"},"modified":"2025-11-08T11:04:37","modified_gmt":"2025-11-08T11:04:37","slug":"dikter-eftir-hermann-hesse","status":"publish","type":"product","link":"https:\/\/kindart.is\/en\/vara\/dikter-eftir-hermann-hesse\/","title":{"rendered":"DIKTER eftir Hermann Hesse"},"content":{"rendered":"<p><strong>DIKTER eftir Hermann Hesse<\/strong>, \u00fe\u00fddd af: Erik Blomberg, Hans Dhejne, Johannes Edfelt, Olof Lagercrantz, Bertil Malmberg, Arvid M\u00f6rne, Irma Nordvang, Gunnar Mascoll Silverstolpe og Anders \u00d6sterling. B\u00f3kin er saumu\u00f0 og l\u00edmd \u00ed k\u00e1pu, \u00f3skorin. St\u00e6r\u00f0: 19.5 x 12.2 cm og 83 bls. \u00c1 \u00edslensku kom \u00fat eftir H.Hesse: Sl\u00e9ttu\u00falfurinn 1998 hj\u00e1 Ormstungu.<\/p>\n<p><strong>\u00datg\u00e1fa, Prentun<\/strong>:<br \/>\n\u00datgefandi: Albert Bonniers Forlag Stockholm 1946.<br \/>\nPrentun: Alb. Bonniers Boktryckeri Stockholm 1946.<\/p>\n","protected":false},"excerpt":{"rendered":"<p>DIKTER eftir Hermann Hesse, \u00fe\u00fddd af: Erik Blomberg, Hans Dhejne, Johannes Edfelt, Olof Lagercrantz, Bertil Malmberg, Arvid M\u00f6rne, Irma Nordvang, Gunnar Mascoll Silverstolpe og Anders \u00d6sterling. B\u00f3kin er saumu\u00f0 og l\u00edmd \u00ed k\u00e1pu, \u00f3skorin. St\u00e6r\u00f0: 19.5 x 12.2 cm og 83 bls. \u00c1 \u00edslensku kom \u00fat eftir H.Hesse: Sl\u00e9ttu\u00falfurinn 1998 hj\u00e1 Ormstungu. \u00datg\u00e1fa, Prentun: \u00datgefandi: [&hellip;]<\/p>\n","protected":false},"featured_media":10801,"template":"","meta":{"slim_seo":{"title":"DIKTER eftir Hermann Hesse - KindArt","description":"DIKTER eftir Hermann Hesse , \u00fe\u00fddd af: Erik Blomberg, Hans Dhejne, Johannes Edfelt, Olof Lagercrantz, Bertil Malmberg, Arvid M\u00f6rne, Irma Nordvang, Gunnar Mascoll"}},"product_brand":[],"product_cat":[82],"product_tag":[],"class_list":{"0":"post-10800","1":"product","2":"type-product","3":"status-publish","4":"has-post-thumbnail","6":"product_cat-baekur","7":"product_shipping_class-litill","9":"first","10":"instock","11":"purchasable","12":"product-type-simple"},"_links":{"self":[{"href":"https:\/\/kindart.is\/en\/wp-json\/wp\/v2\/product\/10800","targetHints":{"allow":["GET"]}}],"collection":[{"href":"https:\/\/kindart.is\/en\/wp-json\/wp\/v2\/product"}],"about":[{"href":"https:\/\/kindart.is\/en\/wp-json\/wp\/v2\/types\/product"}],"wp:featuredmedia":[{"embeddable":true,"href":"https:\/\/kindart.is\/en\/wp-json\/wp\/v2\/media\/10801"}],"wp:attachment":[{"href":"https:\/\/kindart.is\/en\/wp-json\/wp\/v2\/media?parent=10800"}],"wp:term":[{"taxonomy":"product_brand","embeddable":true,"href":"https:\/\/kindart.is\/en\/wp-json\/wp\/v2\/product_brand?post=10800"},{"taxonomy":"product_cat","embeddable":true,"href":"https:\/\/kindart.is\/en\/wp-json\/wp\/v2\/product_cat?post=10800"},{"taxonomy":"product_tag","embeddable":true,"href":"https:\/\/kindart.is\/en\/wp-json\/wp\/v2\/product_tag?post=10800"}],"curies":[{"name":"wp","href":"https:\/\/api.w.org\/{rel}","templated":true}]}}