{"id":10808,"date":"2025-11-09T14:56:46","date_gmt":"2025-11-09T14:56:46","guid":{"rendered":"https:\/\/kindart.is\/?post_type=product&#038;p=10808"},"modified":"2025-11-09T14:56:46","modified_gmt":"2025-11-09T14:56:46","slug":"gabriela-mistral-dikter","status":"publish","type":"product","link":"https:\/\/kindart.is\/en\/vara\/gabriela-mistral-dikter\/","title":{"rendered":"Gabriela Mistral DIKTER"},"content":{"rendered":"<p><strong>Gabriela Mistral DIKTER<\/strong> i tolkning av Hjalmar Gullberg. Femte upplagan. B\u00f3kin er bundin \u00ed forlagsband. Hv\u00edtan b\u00f3kbandsshirting alband, og gyllt \u00e1 kj\u00f6l og r\u00f3s \u00e1 framspjald. St\u00e6r\u00f0: 18.2 x 12.5 cm og 89 bls.<\/p>\n<p><strong>\u00datg\u00e1fa<\/strong>:<br \/>\n\u00datgefandi: P.A. Norstedts &amp; S\u00f6ners F\u00f6rlag. Prentun: Kungl. Boktryckeriet, P.A. Norstedt &amp; S\u00f6ner, Stockholm 1946.<\/p>\n","protected":false},"excerpt":{"rendered":"<p>Gabriela Mistral DIKTER i tolkning av Hjalmar Gullberg. Femte upplagan. B\u00f3kin er bundin \u00ed forlagsband. Hv\u00edtan b\u00f3kbandsshirting alband, og gyllt \u00e1 kj\u00f6l og r\u00f3s \u00e1 framspjald. St\u00e6r\u00f0: 18.2 x 12.5 cm og 89 bls. \u00datg\u00e1fa: \u00datgefandi: P.A. Norstedts &amp; S\u00f6ners F\u00f6rlag. Prentun: Kungl. Boktryckeriet, P.A. Norstedt &amp; S\u00f6ner, Stockholm 1946.<\/p>\n","protected":false},"featured_media":10809,"template":"","meta":{"slim_seo":{"title":"Gabriela Mistral DIKTER - KindArt","description":"Gabriela Mistral DIKTER i tolkning av Hjalmar Gullberg. Femte upplagan. B\u00f3kin er bundin \u00ed forlagsband. Hv\u00edtan b\u00f3kbandsshirting alband, og gyllt \u00e1 kj\u00f6l og r\u00f3s \u00e1"}},"product_brand":[],"product_cat":[82],"product_tag":[],"class_list":{"0":"post-10808","1":"product","2":"type-product","3":"status-publish","4":"has-post-thumbnail","6":"product_cat-baekur","7":"product_shipping_class-litill","9":"first","10":"instock","11":"purchasable","12":"product-type-simple"},"_links":{"self":[{"href":"https:\/\/kindart.is\/en\/wp-json\/wp\/v2\/product\/10808","targetHints":{"allow":["GET"]}}],"collection":[{"href":"https:\/\/kindart.is\/en\/wp-json\/wp\/v2\/product"}],"about":[{"href":"https:\/\/kindart.is\/en\/wp-json\/wp\/v2\/types\/product"}],"wp:featuredmedia":[{"embeddable":true,"href":"https:\/\/kindart.is\/en\/wp-json\/wp\/v2\/media\/10809"}],"wp:attachment":[{"href":"https:\/\/kindart.is\/en\/wp-json\/wp\/v2\/media?parent=10808"}],"wp:term":[{"taxonomy":"product_brand","embeddable":true,"href":"https:\/\/kindart.is\/en\/wp-json\/wp\/v2\/product_brand?post=10808"},{"taxonomy":"product_cat","embeddable":true,"href":"https:\/\/kindart.is\/en\/wp-json\/wp\/v2\/product_cat?post=10808"},{"taxonomy":"product_tag","embeddable":true,"href":"https:\/\/kindart.is\/en\/wp-json\/wp\/v2\/product_tag?post=10808"}],"curies":[{"name":"wp","href":"https:\/\/api.w.org\/{rel}","templated":true}]}}