{"id":10814,"date":"2025-11-13T18:19:58","date_gmt":"2025-11-13T18:19:58","guid":{"rendered":"https:\/\/kindart.is\/?post_type=product&#038;p=10814"},"modified":"2025-11-13T18:19:58","modified_gmt":"2025-11-13T18:19:58","slug":"40-talslyrik","status":"publish","type":"product","link":"https:\/\/kindart.is\/en\/vara\/40-talslyrik\/","title":{"rendered":"40 Talslyrik"},"content":{"rendered":"<p><strong>40 Talslyrik<\/strong>. Safn lj\u00f3\u00f0a sem komu \u00fat \u00ed Sv\u00ed\u00fej\u00f3\u00f0 \u00e1 \u00e1runum 1940-1950. B\u00f3kin er saumu\u00f0 og l\u00edmd \u00ed sterka kartonk\u00e1pu, \u00f3skorin. St\u00e6r\u00f0: 19.7 x 12 cm og 32 bls.<br \/>\n\u00datgefendurnir skrifa form\u00e1la.<\/p>\n<p><strong>\u00datg\u00e1fa<\/strong>:<br \/>\nAlbert Bonniers Forlag, Stockholm. \u00datgefin av Erik Lindgren og Karl Vennberg. Prentun: Alb. Bonniers boktryckeri, Stockholm 1946.<\/p>\n","protected":false},"excerpt":{"rendered":"<p>40 Talslyrik. Safn lj\u00f3\u00f0a sem komu \u00fat \u00ed Sv\u00ed\u00fej\u00f3\u00f0 \u00e1 \u00e1runum 1940-1950. B\u00f3kin er saumu\u00f0 og l\u00edmd \u00ed sterka kartonk\u00e1pu, \u00f3skorin. St\u00e6r\u00f0: 19.7 x 12 cm og 32 bls. \u00datgefendurnir skrifa form\u00e1la. \u00datg\u00e1fa: Albert Bonniers Forlag, Stockholm. \u00datgefin av Erik Lindgren og Karl Vennberg. Prentun: Alb. Bonniers boktryckeri, Stockholm 1946.<\/p>\n","protected":false},"featured_media":10815,"template":"","meta":{"slim_seo":{"title":"40 Talslyrik - KindArt","description":"40 Talslyrik . Safn lj\u00f3\u00f0a sem komu \u00fat \u00ed Sv\u00ed\u00fej\u00f3\u00f0 \u00e1 \u00e1runum 1940-1950. B\u00f3kin er saumu\u00f0 og l\u00edmd \u00ed sterka kartonk\u00e1pu, \u00f3skorin. St\u00e6r\u00f0: 19.7 x 12 cm og 32 bls. \u00datgefen"}},"product_brand":[],"product_cat":[82],"product_tag":[],"class_list":{"0":"post-10814","1":"product","2":"type-product","3":"status-publish","4":"has-post-thumbnail","6":"product_cat-baekur","7":"product_shipping_class-litill","9":"first","10":"instock","11":"purchasable","12":"product-type-simple"},"_links":{"self":[{"href":"https:\/\/kindart.is\/en\/wp-json\/wp\/v2\/product\/10814","targetHints":{"allow":["GET"]}}],"collection":[{"href":"https:\/\/kindart.is\/en\/wp-json\/wp\/v2\/product"}],"about":[{"href":"https:\/\/kindart.is\/en\/wp-json\/wp\/v2\/types\/product"}],"wp:featuredmedia":[{"embeddable":true,"href":"https:\/\/kindart.is\/en\/wp-json\/wp\/v2\/media\/10815"}],"wp:attachment":[{"href":"https:\/\/kindart.is\/en\/wp-json\/wp\/v2\/media?parent=10814"}],"wp:term":[{"taxonomy":"product_brand","embeddable":true,"href":"https:\/\/kindart.is\/en\/wp-json\/wp\/v2\/product_brand?post=10814"},{"taxonomy":"product_cat","embeddable":true,"href":"https:\/\/kindart.is\/en\/wp-json\/wp\/v2\/product_cat?post=10814"},{"taxonomy":"product_tag","embeddable":true,"href":"https:\/\/kindart.is\/en\/wp-json\/wp\/v2\/product_tag?post=10814"}],"curies":[{"name":"wp","href":"https:\/\/api.w.org\/{rel}","templated":true}]}}