{"id":10820,"date":"2025-11-13T18:29:16","date_gmt":"2025-11-13T18:29:16","guid":{"rendered":"https:\/\/kindart.is\/?post_type=product&#038;p=10820"},"modified":"2025-11-13T18:29:16","modified_gmt":"2025-11-13T18:29:16","slug":"dikter-i-svensk-tolkning","status":"publish","type":"product","link":"https:\/\/kindart.is\/en\/vara\/dikter-i-svensk-tolkning\/","title":{"rendered":"Dikter i svensk tolkning"},"content":{"rendered":"<p><strong>Dikter i svensk tolkning<\/strong>. H\u00f6fundur: Sarojini Naidu. Bemyndigad Tolkning av Teresia Eur\u00e9n. \u00cd form\u00e1la Anders \u00d6sterling segir a\u00f0 h\u00fan hafi veri\u00f0 talin fremsta sk\u00e1ldkona Indverja \u00e1 okkar d\u00f6gum. B\u00f3kin er saumu\u00f0 og l\u00edmd \u00ed kartonk\u00e1pu. St\u00e6r\u00f0: 19.4 x 12.8 cm og 58 bls.<\/p>\n<p><strong>\u00datg\u00e1fa<\/strong>:<br \/>\nAlbert Bonniers Forlag Stockholm 1930. . Alb. Bonniers Boktryckeri.<\/p>\n","protected":false},"excerpt":{"rendered":"<p>Dikter i svensk tolkning. H\u00f6fundur: Sarojini Naidu. Bemyndigad Tolkning av Teresia Eur\u00e9n. \u00cd form\u00e1la Anders \u00d6sterling segir a\u00f0 h\u00fan hafi veri\u00f0 talin fremsta sk\u00e1ldkona Indverja \u00e1 okkar d\u00f6gum. B\u00f3kin er saumu\u00f0 og l\u00edmd \u00ed kartonk\u00e1pu. St\u00e6r\u00f0: 19.4 x 12.8 cm og 58 bls. \u00datg\u00e1fa: Albert Bonniers Forlag Stockholm 1930. . Alb. Bonniers Boktryckeri.<\/p>\n","protected":false},"featured_media":10821,"template":"","meta":{"slim_seo":{"title":"Dikter i svensk tolkning - KindArt","description":"Dikter i svensk tolkning . H\u00f6fundur: Sarojini Naidu. Bemyndigad Tolkning av Teresia Eur\u00e9n. \u00cd form\u00e1la Anders \u00d6sterling segir a\u00f0 h\u00fan hafi veri\u00f0 talin fremsta sk\u00e1l"}},"product_brand":[],"product_cat":[82],"product_tag":[],"class_list":{"0":"post-10820","1":"product","2":"type-product","3":"status-publish","4":"has-post-thumbnail","6":"product_cat-baekur","7":"product_shipping_class-litill","9":"first","10":"instock","11":"purchasable","12":"product-type-simple"},"_links":{"self":[{"href":"https:\/\/kindart.is\/en\/wp-json\/wp\/v2\/product\/10820","targetHints":{"allow":["GET"]}}],"collection":[{"href":"https:\/\/kindart.is\/en\/wp-json\/wp\/v2\/product"}],"about":[{"href":"https:\/\/kindart.is\/en\/wp-json\/wp\/v2\/types\/product"}],"wp:featuredmedia":[{"embeddable":true,"href":"https:\/\/kindart.is\/en\/wp-json\/wp\/v2\/media\/10821"}],"wp:attachment":[{"href":"https:\/\/kindart.is\/en\/wp-json\/wp\/v2\/media?parent=10820"}],"wp:term":[{"taxonomy":"product_brand","embeddable":true,"href":"https:\/\/kindart.is\/en\/wp-json\/wp\/v2\/product_brand?post=10820"},{"taxonomy":"product_cat","embeddable":true,"href":"https:\/\/kindart.is\/en\/wp-json\/wp\/v2\/product_cat?post=10820"},{"taxonomy":"product_tag","embeddable":true,"href":"https:\/\/kindart.is\/en\/wp-json\/wp\/v2\/product_tag?post=10820"}],"curies":[{"name":"wp","href":"https:\/\/api.w.org\/{rel}","templated":true}]}}