{"id":10824,"date":"2025-11-13T18:38:12","date_gmt":"2025-11-13T18:38:12","guid":{"rendered":"https:\/\/kindart.is\/?post_type=product&#038;p=10824"},"modified":"2025-11-13T18:38:12","modified_gmt":"2025-11-13T18:38:12","slug":"hjerternes-blomstring","status":"publish","type":"product","link":"https:\/\/kindart.is\/en\/vara\/hjerternes-blomstring\/","title":{"rendered":"Hjerternes Blomstring."},"content":{"rendered":"<p><strong>Hjerternes Blomstring.<\/strong> Hundrede Asiatiske og Afrikanske Digte ved Carl Kjersmeier. St\u00e6r\u00f0: 19.2 x 13.6 cm og 117 bls.<\/p>\n<p><strong>\u00datg\u00e1fa<\/strong>:<br \/>\nFischers Forlag. Anden For\u00f8gede udgave. K\u00f8benhavn 1946, en var fyrst gefin \u00fat 1918.<\/p>\n","protected":false},"excerpt":{"rendered":"<p>Hjerternes Blomstring. Hundrede Asiatiske og Afrikanske Digte ved Carl Kjersmeier. St\u00e6r\u00f0: 19.2 x 13.6 cm og 117 bls. \u00datg\u00e1fa: Fischers Forlag. Anden For\u00f8gede udgave. K\u00f8benhavn 1946, en var fyrst gefin \u00fat 1918.<\/p>\n","protected":false},"featured_media":10825,"template":"","meta":{"slim_seo":{"title":"Hjerternes Blomstring. - KindArt","description":"Hjerternes Blomstring. Hundrede Asiatiske og Afrikanske Digte ved Carl Kjersmeier. St\u00e6r\u00f0: 19.2 x 13.6 cm og 117 bls. \u00datg\u00e1fa : Fischers Forlag. Anden For\u00f8gede ud"}},"product_brand":[],"product_cat":[82],"product_tag":[],"class_list":{"0":"post-10824","1":"product","2":"type-product","3":"status-publish","4":"has-post-thumbnail","6":"product_cat-baekur","7":"product_shipping_class-litill","9":"first","10":"instock","11":"purchasable","12":"product-type-simple"},"_links":{"self":[{"href":"https:\/\/kindart.is\/en\/wp-json\/wp\/v2\/product\/10824","targetHints":{"allow":["GET"]}}],"collection":[{"href":"https:\/\/kindart.is\/en\/wp-json\/wp\/v2\/product"}],"about":[{"href":"https:\/\/kindart.is\/en\/wp-json\/wp\/v2\/types\/product"}],"wp:featuredmedia":[{"embeddable":true,"href":"https:\/\/kindart.is\/en\/wp-json\/wp\/v2\/media\/10825"}],"wp:attachment":[{"href":"https:\/\/kindart.is\/en\/wp-json\/wp\/v2\/media?parent=10824"}],"wp:term":[{"taxonomy":"product_brand","embeddable":true,"href":"https:\/\/kindart.is\/en\/wp-json\/wp\/v2\/product_brand?post=10824"},{"taxonomy":"product_cat","embeddable":true,"href":"https:\/\/kindart.is\/en\/wp-json\/wp\/v2\/product_cat?post=10824"},{"taxonomy":"product_tag","embeddable":true,"href":"https:\/\/kindart.is\/en\/wp-json\/wp\/v2\/product_tag?post=10824"}],"curies":[{"name":"wp","href":"https:\/\/api.w.org\/{rel}","templated":true}]}}