{"id":10831,"date":"2025-11-13T18:52:01","date_gmt":"2025-11-13T18:52:01","guid":{"rendered":"https:\/\/kindart.is\/?post_type=product&#038;p=10831"},"modified":"2025-11-13T18:52:02","modified_gmt":"2025-11-13T18:52:02","slug":"hymner-och-visor","status":"publish","type":"product","link":"https:\/\/kindart.is\/en\/vara\/hymner-och-visor\/","title":{"rendered":"Hymner och Visor"},"content":{"rendered":"<p><strong>Hymner och Visor<\/strong>. \u00de\u00fd\u00f0ingar eftir Johannes Edfelt. \u00datlit b\u00f3kark\u00e1pu: Stig \u00c5sberg. \u00de\u00fd\u00f0ingarnar eru \u00ed ums\u00f6gnum taldar \u00fe\u00e6r bestu sem Sv\u00edar eiga \u00feegar b\u00f3kin kom \u00fat og Edfelt er talinn einn besti \u00fe\u00fd\u00f0andi Sv\u00eda. B\u00f3kin er saumu\u00f0 og l\u00edmd \u00ed kartonk\u00e1pu, \u00f3skorin, St\u00e6r\u00f0: 20.3 x 14 cm og 123 bls.<\/p>\n<p><strong>\u00datg\u00e1fa<\/strong>:<br \/>\nBonniers. Stockholm 1942. Prentun: Alb. Bonniers boktryckeri.<\/p>\n","protected":false},"excerpt":{"rendered":"<p>Hymner och Visor. \u00de\u00fd\u00f0ingar eftir Johannes Edfelt. \u00datlit b\u00f3kark\u00e1pu: Stig \u00c5sberg. \u00de\u00fd\u00f0ingarnar eru \u00ed ums\u00f6gnum taldar \u00fe\u00e6r bestu sem Sv\u00edar eiga \u00feegar b\u00f3kin kom \u00fat og Edfelt er talinn einn besti \u00fe\u00fd\u00f0andi Sv\u00eda. B\u00f3kin er saumu\u00f0 og l\u00edmd \u00ed kartonk\u00e1pu, \u00f3skorin, St\u00e6r\u00f0: 20.3 x 14 cm og 123 bls. \u00datg\u00e1fa: Bonniers. Stockholm 1942. Prentun: Alb. [&hellip;]<\/p>\n","protected":false},"featured_media":10832,"template":"","meta":{"slim_seo":{"title":"Hymner och Visor - KindArt","description":"Hymner och Visor . \u00de\u00fd\u00f0ingar eftir Johannes Edfelt. \u00datlit b\u00f3kark\u00e1pu: Stig \u00c5sberg. \u00de\u00fd\u00f0ingarnar eru \u00ed ums\u00f6gnum taldar \u00fe\u00e6r bestu sem Sv\u00edar eiga \u00feegar b\u00f3kin kom \u00fat o"}},"product_brand":[],"product_cat":[82],"product_tag":[],"class_list":{"0":"post-10831","1":"product","2":"type-product","3":"status-publish","4":"has-post-thumbnail","6":"product_cat-baekur","7":"product_shipping_class-litill","9":"first","10":"instock","11":"purchasable","12":"product-type-simple"},"_links":{"self":[{"href":"https:\/\/kindart.is\/en\/wp-json\/wp\/v2\/product\/10831","targetHints":{"allow":["GET"]}}],"collection":[{"href":"https:\/\/kindart.is\/en\/wp-json\/wp\/v2\/product"}],"about":[{"href":"https:\/\/kindart.is\/en\/wp-json\/wp\/v2\/types\/product"}],"wp:featuredmedia":[{"embeddable":true,"href":"https:\/\/kindart.is\/en\/wp-json\/wp\/v2\/media\/10832"}],"wp:attachment":[{"href":"https:\/\/kindart.is\/en\/wp-json\/wp\/v2\/media?parent=10831"}],"wp:term":[{"taxonomy":"product_brand","embeddable":true,"href":"https:\/\/kindart.is\/en\/wp-json\/wp\/v2\/product_brand?post=10831"},{"taxonomy":"product_cat","embeddable":true,"href":"https:\/\/kindart.is\/en\/wp-json\/wp\/v2\/product_cat?post=10831"},{"taxonomy":"product_tag","embeddable":true,"href":"https:\/\/kindart.is\/en\/wp-json\/wp\/v2\/product_tag?post=10831"}],"curies":[{"name":"wp","href":"https:\/\/api.w.org\/{rel}","templated":true}]}}