{"id":10836,"date":"2025-11-13T19:00:06","date_gmt":"2025-11-13T19:00:06","guid":{"rendered":"https:\/\/kindart.is\/?post_type=product&#038;p=10836"},"modified":"2025-11-13T19:00:06","modified_gmt":"2025-11-13T19:00:06","slug":"mord-im-lager-hohenstein","status":"publish","type":"product","link":"https:\/\/kindart.is\/en\/vara\/mord-im-lager-hohenstein\/","title":{"rendered":"Mord im Lager Hohenstein"},"content":{"rendered":"<p><strong>Mord im Lager Hohenstein<\/strong>, Berichte aus dem dritten Reich. Sm\u00e1b\u00e6klingur. v\u00edrheftur og l\u00edmdur \u00ed kartonk\u00e1pu. St\u00e6r\u00f0: 18.2 x 12.7 cm og 87 bls.<\/p>\n<p><strong>\u00datg\u00e1fa<\/strong>:<br \/>\nVerlagsgenossenschaft Auslandischer Arbeiter in Der UdSSR Moskau-Leningrad 1933. Internationale Druckerei Moskau. UI. Skowrzowa Stepanowa 3. Auflage: 6000.<\/p>\n","protected":false},"excerpt":{"rendered":"<p>Mord im Lager Hohenstein, Berichte aus dem dritten Reich. Sm\u00e1b\u00e6klingur. v\u00edrheftur og l\u00edmdur \u00ed kartonk\u00e1pu. St\u00e6r\u00f0: 18.2 x 12.7 cm og 87 bls. \u00datg\u00e1fa: Verlagsgenossenschaft Auslandischer Arbeiter in Der UdSSR Moskau-Leningrad 1933. Internationale Druckerei Moskau. UI. Skowrzowa Stepanowa 3. Auflage: 6000.<\/p>\n","protected":false},"featured_media":10838,"template":"","meta":{"slim_seo":{"title":"Mord im Lager Hohenstein - KindArt","description":"Mord im Lager Hohenstein , Berichte aus dem dritten Reich. Sm\u00e1b\u00e6klingur. v\u00edrheftur og l\u00edmdur \u00ed kartonk\u00e1pu. St\u00e6r\u00f0: 18.2 x 12.7 cm og 87 bls. \u00datg\u00e1fa : Verlagsgeno"}},"product_brand":[],"product_cat":[82],"product_tag":[],"class_list":{"0":"post-10836","1":"product","2":"type-product","3":"status-publish","4":"has-post-thumbnail","6":"product_cat-baekur","7":"product_shipping_class-litill","9":"first","10":"instock","11":"purchasable","12":"product-type-simple"},"_links":{"self":[{"href":"https:\/\/kindart.is\/en\/wp-json\/wp\/v2\/product\/10836","targetHints":{"allow":["GET"]}}],"collection":[{"href":"https:\/\/kindart.is\/en\/wp-json\/wp\/v2\/product"}],"about":[{"href":"https:\/\/kindart.is\/en\/wp-json\/wp\/v2\/types\/product"}],"wp:featuredmedia":[{"embeddable":true,"href":"https:\/\/kindart.is\/en\/wp-json\/wp\/v2\/media\/10838"}],"wp:attachment":[{"href":"https:\/\/kindart.is\/en\/wp-json\/wp\/v2\/media?parent=10836"}],"wp:term":[{"taxonomy":"product_brand","embeddable":true,"href":"https:\/\/kindart.is\/en\/wp-json\/wp\/v2\/product_brand?post=10836"},{"taxonomy":"product_cat","embeddable":true,"href":"https:\/\/kindart.is\/en\/wp-json\/wp\/v2\/product_cat?post=10836"},{"taxonomy":"product_tag","embeddable":true,"href":"https:\/\/kindart.is\/en\/wp-json\/wp\/v2\/product_tag?post=10836"}],"curies":[{"name":"wp","href":"https:\/\/api.w.org\/{rel}","templated":true}]}}