{"id":10840,"date":"2025-11-13T19:08:06","date_gmt":"2025-11-13T19:08:06","guid":{"rendered":"https:\/\/kindart.is\/?post_type=product&#038;p=10840"},"modified":"2025-11-13T19:08:06","modified_gmt":"2025-11-13T19:08:06","slug":"nya-tolkningar-eftir-johannes-edfelt","status":"publish","type":"product","link":"https:\/\/kindart.is\/en\/vara\/nya-tolkningar-eftir-johannes-edfelt\/","title":{"rendered":"Nya Tolkningar eftir Johannes Edfelt"},"content":{"rendered":"<p><strong>Nya Tolkningar eftir Johannes Edfelt<\/strong>. B\u00f3kin er saumu\u00f0 og l\u00edmd \u00ed kartonk\u00e1pu. St\u00e6r\u00f0: 20.2 x14 cm og 121 bls, auk efnisyfirlits aftast, (3 bls).<\/p>\n<p><strong>\u00datg\u00e1fa<\/strong>:<br \/>\nAlb. Bonniers Forlag. Stockholm1945. Prentun: Alb. Bonniers boktryckeri.<\/p>\n","protected":false},"excerpt":{"rendered":"<p>Nya Tolkningar eftir Johannes Edfelt. B\u00f3kin er saumu\u00f0 og l\u00edmd \u00ed kartonk\u00e1pu. St\u00e6r\u00f0: 20.2 x14 cm og 121 bls, auk efnisyfirlits aftast, (3 bls). \u00datg\u00e1fa: Alb. Bonniers Forlag. Stockholm1945. Prentun: Alb. Bonniers boktryckeri.<\/p>\n","protected":false},"featured_media":10841,"template":"","meta":{"slim_seo":{"title":"Nya Tolkningar eftir Johannes Edfelt - KindArt","description":"Nya Tolkningar eftir Johannes Edfelt . B\u00f3kin er saumu\u00f0 og l\u00edmd \u00ed kartonk\u00e1pu. St\u00e6r\u00f0: 20.2 x14 cm og 121 bls, auk efnisyfirlits aftast, (3 bls). \u00datg\u00e1fa : Alb. Bon"}},"product_brand":[],"product_cat":[82],"product_tag":[],"class_list":{"0":"post-10840","1":"product","2":"type-product","3":"status-publish","4":"has-post-thumbnail","6":"product_cat-baekur","7":"product_shipping_class-litill","9":"first","10":"instock","11":"purchasable","12":"product-type-simple"},"_links":{"self":[{"href":"https:\/\/kindart.is\/en\/wp-json\/wp\/v2\/product\/10840","targetHints":{"allow":["GET"]}}],"collection":[{"href":"https:\/\/kindart.is\/en\/wp-json\/wp\/v2\/product"}],"about":[{"href":"https:\/\/kindart.is\/en\/wp-json\/wp\/v2\/types\/product"}],"wp:featuredmedia":[{"embeddable":true,"href":"https:\/\/kindart.is\/en\/wp-json\/wp\/v2\/media\/10841"}],"wp:attachment":[{"href":"https:\/\/kindart.is\/en\/wp-json\/wp\/v2\/media?parent=10840"}],"wp:term":[{"taxonomy":"product_brand","embeddable":true,"href":"https:\/\/kindart.is\/en\/wp-json\/wp\/v2\/product_brand?post=10840"},{"taxonomy":"product_cat","embeddable":true,"href":"https:\/\/kindart.is\/en\/wp-json\/wp\/v2\/product_cat?post=10840"},{"taxonomy":"product_tag","embeddable":true,"href":"https:\/\/kindart.is\/en\/wp-json\/wp\/v2\/product_tag?post=10840"}],"curies":[{"name":"wp","href":"https:\/\/api.w.org\/{rel}","templated":true}]}}