{"id":10845,"date":"2025-11-13T19:16:19","date_gmt":"2025-11-13T19:16:19","guid":{"rendered":"https:\/\/kindart.is\/?post_type=product&#038;p=10845"},"modified":"2025-11-13T19:21:42","modified_gmt":"2025-11-13T19:21:42","slug":"odysseus","status":"publish","type":"product","link":"https:\/\/kindart.is\/en\/vara\/odysseus\/","title":{"rendered":"ODYSSEUS"},"content":{"rendered":"<p><strong>ODYSSEUS,<\/strong> H\u00f6f. James Joyce. Overs\u00e4ttning av Th.Warburton. B\u00f3kin er saumu\u00f0 og l\u00edmd \u00ed kartonk\u00e1pu, \u00f3skorin. St\u00e6r\u00f0: 19.5 x 12 cm og 772 bls.<\/p>\n<p><strong>\u00datg\u00e1fa<\/strong>: Albert Bonniers F\u00f6rlag, Stockholm 1946. Prentun: Alb. Bonniers Boktryckeri Stockholm 1946.<\/p>\n","protected":false},"excerpt":{"rendered":"<p>ODYSSEUS, H\u00f6f. James Joyce. Overs\u00e4ttning av Th.Warburton. B\u00f3kin er saumu\u00f0 og l\u00edmd \u00ed kartonk\u00e1pu, \u00f3skorin. St\u00e6r\u00f0: 19.5 x 12 cm og 772 bls. \u00datg\u00e1fa: Albert Bonniers F\u00f6rlag, Stockholm 1946. Prentun: Alb. Bonniers Boktryckeri Stockholm 1946.<\/p>\n","protected":false},"featured_media":10847,"template":"","meta":{"slim_seo":{"title":"ODYSSEUS - KindArt","description":"ODYSSEUS, H\u00f6f. James Joyce. Overs\u00e4ttning av Th.Warburton. B\u00f3kin er saumu\u00f0 og l\u00edmd \u00ed kartonk\u00e1pu, \u00f3skorin. St\u00e6r\u00f0: 19.5 x 12 cm og 772 bls. \u00datg\u00e1fa : Albert Bonnier"}},"product_brand":[],"product_cat":[82],"product_tag":[],"class_list":{"0":"post-10845","1":"product","2":"type-product","3":"status-publish","4":"has-post-thumbnail","6":"product_cat-baekur","7":"product_shipping_class-litill","9":"first","10":"instock","11":"purchasable","12":"product-type-simple"},"_links":{"self":[{"href":"https:\/\/kindart.is\/en\/wp-json\/wp\/v2\/product\/10845","targetHints":{"allow":["GET"]}}],"collection":[{"href":"https:\/\/kindart.is\/en\/wp-json\/wp\/v2\/product"}],"about":[{"href":"https:\/\/kindart.is\/en\/wp-json\/wp\/v2\/types\/product"}],"wp:featuredmedia":[{"embeddable":true,"href":"https:\/\/kindart.is\/en\/wp-json\/wp\/v2\/media\/10847"}],"wp:attachment":[{"href":"https:\/\/kindart.is\/en\/wp-json\/wp\/v2\/media?parent=10845"}],"wp:term":[{"taxonomy":"product_brand","embeddable":true,"href":"https:\/\/kindart.is\/en\/wp-json\/wp\/v2\/product_brand?post=10845"},{"taxonomy":"product_cat","embeddable":true,"href":"https:\/\/kindart.is\/en\/wp-json\/wp\/v2\/product_cat?post=10845"},{"taxonomy":"product_tag","embeddable":true,"href":"https:\/\/kindart.is\/en\/wp-json\/wp\/v2\/product_tag?post=10845"}],"curies":[{"name":"wp","href":"https:\/\/api.w.org\/{rel}","templated":true}]}}