{"id":10853,"date":"2025-11-13T19:27:50","date_gmt":"2025-11-13T19:27:50","guid":{"rendered":"https:\/\/kindart.is\/?post_type=product&#038;p=10853"},"modified":"2025-11-13T19:27:51","modified_gmt":"2025-11-13T19:27:51","slug":"poesiens-logik","status":"publish","type":"product","link":"https:\/\/kindart.is\/en\/vara\/poesiens-logik\/","title":{"rendered":"Poesiens Logik"},"content":{"rendered":"<p><strong>Poesiens Logik<\/strong> av Hans Larsson. B\u00f3kin er saumu\u00f0 og l\u00edmd \u00ed Kartonk\u00e1pu, \u00f3skorin. St\u00e6r\u00f0:19.7 x 12 cm og 148 bls.<\/p>\n<p><strong>\u00datg\u00e1fa<\/strong>:<br \/>\nAlbert Bonniers Forlag. Stockholm, 1922 Fj\u00e4rde Upplagan. F\u00f6rsta upplagan tryckt 1899. Prentun: Alb. Bonniers Boktryckeri Stockholm 1922.<\/p>\n","protected":false},"excerpt":{"rendered":"<p>Poesiens Logik av Hans Larsson. B\u00f3kin er saumu\u00f0 og l\u00edmd \u00ed Kartonk\u00e1pu, \u00f3skorin. St\u00e6r\u00f0:19.7 x 12 cm og 148 bls. \u00datg\u00e1fa: Albert Bonniers Forlag. Stockholm, 1922 Fj\u00e4rde Upplagan. F\u00f6rsta upplagan tryckt 1899. Prentun: Alb. Bonniers Boktryckeri Stockholm 1922.<\/p>\n","protected":false},"featured_media":10854,"template":"","meta":{"slim_seo":{"title":"Poesiens Logik - KindArt","description":"Poesiens Logik av Hans Larsson. B\u00f3kin er saumu\u00f0 og l\u00edmd \u00ed Kartonk\u00e1pu, \u00f3skorin. St\u00e6r\u00f0:19.7 x 12 cm og 148 bls. \u00datg\u00e1fa : Albert Bonniers Forlag. Stockholm, 1922 F"}},"product_brand":[],"product_cat":[82],"product_tag":[],"class_list":{"0":"post-10853","1":"product","2":"type-product","3":"status-publish","4":"has-post-thumbnail","6":"product_cat-baekur","7":"product_shipping_class-litill","9":"first","10":"instock","11":"purchasable","12":"product-type-simple"},"_links":{"self":[{"href":"https:\/\/kindart.is\/en\/wp-json\/wp\/v2\/product\/10853","targetHints":{"allow":["GET"]}}],"collection":[{"href":"https:\/\/kindart.is\/en\/wp-json\/wp\/v2\/product"}],"about":[{"href":"https:\/\/kindart.is\/en\/wp-json\/wp\/v2\/types\/product"}],"wp:featuredmedia":[{"embeddable":true,"href":"https:\/\/kindart.is\/en\/wp-json\/wp\/v2\/media\/10854"}],"wp:attachment":[{"href":"https:\/\/kindart.is\/en\/wp-json\/wp\/v2\/media?parent=10853"}],"wp:term":[{"taxonomy":"product_brand","embeddable":true,"href":"https:\/\/kindart.is\/en\/wp-json\/wp\/v2\/product_brand?post=10853"},{"taxonomy":"product_cat","embeddable":true,"href":"https:\/\/kindart.is\/en\/wp-json\/wp\/v2\/product_cat?post=10853"},{"taxonomy":"product_tag","embeddable":true,"href":"https:\/\/kindart.is\/en\/wp-json\/wp\/v2\/product_tag?post=10853"}],"curies":[{"name":"wp","href":"https:\/\/api.w.org\/{rel}","templated":true}]}}