{"id":10859,"date":"2025-11-23T11:48:29","date_gmt":"2025-11-23T11:48:29","guid":{"rendered":"https:\/\/kindart.is\/?post_type=product&#038;p=10859"},"modified":"2025-11-23T11:48:30","modified_gmt":"2025-11-23T11:48:30","slug":"handritaspjall","status":"publish","type":"product","link":"https:\/\/kindart.is\/en\/vara\/handritaspjall\/","title":{"rendered":"Handritaspjall"},"content":{"rendered":"<p><strong>Handritaspjall<\/strong> eftir J\u00f3n Helgason handritafr\u00e6\u00f0ing \u00ed Kaupmannah\u00f6fn. H\u00e9r er samankominn fj\u00f6lbreyttur fr\u00f3\u00f0leikur um helstu handrit \u00cdslendinga, sem geymd voru \u00ed \u00c1rnasafni \u00ed Kaupmannah\u00f6fn og v\u00ed\u00f0ar. B\u00f3kin er saumu\u00f0 og bundin \u00ed gott forlagsband, shirting \u00e1 kj\u00f6l e\u00f0a hv\u00edtt rex\u00edn. Spjaldapapp\u00edr er prenta\u00f0ur eftir handger\u00f0um marmor papp\u00edr.<\/p>\n<p><strong>\u00datg\u00e1fa<\/strong>:<br \/>\n\u00datgefandi: M\u00e1l og menning 1958, en Prentsmi\u00f0jan H\u00f3lar prenta\u00f0i.<\/p>\n","protected":false},"excerpt":{"rendered":"<p>Handritaspjall eftir J\u00f3n Helgason handritafr\u00e6\u00f0ing \u00ed Kaupmannah\u00f6fn. H\u00e9r er samankominn fj\u00f6lbreyttur fr\u00f3\u00f0leikur um helstu handrit \u00cdslendinga, sem geymd voru \u00ed \u00c1rnasafni \u00ed Kaupmannah\u00f6fn og v\u00ed\u00f0ar. B\u00f3kin er saumu\u00f0 og bundin \u00ed gott forlagsband, shirting \u00e1 kj\u00f6l e\u00f0a hv\u00edtt rex\u00edn. Spjaldapapp\u00edr er prenta\u00f0ur eftir handger\u00f0um marmor papp\u00edr. \u00datg\u00e1fa: \u00datgefandi: M\u00e1l og menning 1958, en Prentsmi\u00f0jan H\u00f3lar [&hellip;]<\/p>\n","protected":false},"featured_media":10860,"template":"","meta":{"slim_seo":{"title":"Handritaspjall - KindArt","description":"Handritaspjall eftir J\u00f3n Helgason handritafr\u00e6\u00f0ing \u00ed Kaupmannah\u00f6fn. H\u00e9r er samankominn fj\u00f6lbreyttur fr\u00f3\u00f0leikur um helstu handrit \u00cdslendinga, sem geymd voru \u00ed \u00c1rn"}},"product_brand":[],"product_cat":[82],"product_tag":[],"class_list":{"0":"post-10859","1":"product","2":"type-product","3":"status-publish","4":"has-post-thumbnail","6":"product_cat-baekur","7":"product_shipping_class-litill","9":"first","10":"instock","11":"purchasable","12":"product-type-simple"},"_links":{"self":[{"href":"https:\/\/kindart.is\/en\/wp-json\/wp\/v2\/product\/10859","targetHints":{"allow":["GET"]}}],"collection":[{"href":"https:\/\/kindart.is\/en\/wp-json\/wp\/v2\/product"}],"about":[{"href":"https:\/\/kindart.is\/en\/wp-json\/wp\/v2\/types\/product"}],"wp:featuredmedia":[{"embeddable":true,"href":"https:\/\/kindart.is\/en\/wp-json\/wp\/v2\/media\/10860"}],"wp:attachment":[{"href":"https:\/\/kindart.is\/en\/wp-json\/wp\/v2\/media?parent=10859"}],"wp:term":[{"taxonomy":"product_brand","embeddable":true,"href":"https:\/\/kindart.is\/en\/wp-json\/wp\/v2\/product_brand?post=10859"},{"taxonomy":"product_cat","embeddable":true,"href":"https:\/\/kindart.is\/en\/wp-json\/wp\/v2\/product_cat?post=10859"},{"taxonomy":"product_tag","embeddable":true,"href":"https:\/\/kindart.is\/en\/wp-json\/wp\/v2\/product_tag?post=10859"}],"curies":[{"name":"wp","href":"https:\/\/api.w.org\/{rel}","templated":true}]}}