{"id":10868,"date":"2026-01-06T15:24:02","date_gmt":"2026-01-06T15:24:02","guid":{"rendered":"https:\/\/kindart.is\/?post_type=product&#038;p=10868"},"modified":"2026-01-06T15:24:02","modified_gmt":"2026-01-06T15:24:02","slug":"thraetubok","status":"publish","type":"product","link":"https:\/\/kindart.is\/en\/vara\/thraetubok\/","title":{"rendered":"\u00deR\u00c6TUB\u00d3K"},"content":{"rendered":"<p><strong>\u00deR\u00c6TUB\u00d3K<\/strong> er lj\u00f3\u00f0ab\u00f3k eftir Hallberg Hallmundsson, Hallberg \u00e1tti heima \u00ed New York og var \u00fear ritstj\u00f3ri alfr\u00e6\u00f0ior\u00f0ab\u00f3ka og s\u00ed\u00f0ar vann hann \u00e1 Business Week, en flutti s\u00ed\u00f0an til \u00cdslands. Hann var mikilvirkur \u00fe\u00fd\u00f0andi og \u00fe\u00fdddi m.a. J\u00f3lin koma eftir J\u00f3hannes \u00far K\u00f6tlum. B\u00f3kin er kilja, st\u00e6r\u00f0: 19,9 X 13,5 cm og 64 bls.<\/p>\n<p><strong>\u00datg\u00e1fa &#8211; Prentun<\/strong>:<br \/>\n\u00datgefandi: Br\u00fa-Reykjav\u00edk-New York, 1990, sem var \u00fatg\u00e1fa \u00e1 vegum Hallbergs. Prentun: Stensill hf.<\/p>\n","protected":false},"excerpt":{"rendered":"<p>\u00deR\u00c6TUB\u00d3K er lj\u00f3\u00f0ab\u00f3k eftir Hallberg Hallmundsson, Hallberg \u00e1tti heima \u00ed New York og var \u00fear ritstj\u00f3ri alfr\u00e6\u00f0ior\u00f0ab\u00f3ka og s\u00ed\u00f0ar vann hann \u00e1 Business Week, en flutti s\u00ed\u00f0an til \u00cdslands. Hann var mikilvirkur \u00fe\u00fd\u00f0andi og \u00fe\u00fdddi m.a. J\u00f3lin koma eftir J\u00f3hannes \u00far K\u00f6tlum. B\u00f3kin er kilja, st\u00e6r\u00f0: 19,9 X 13,5 cm og 64 bls. \u00datg\u00e1fa &#8211; [&hellip;]<\/p>\n","protected":false},"featured_media":10869,"template":"","meta":{"slim_seo":{"title":"\u00deR\u00c6TUB\u00d3K - KindArt","description":"\u00deR\u00c6TUB\u00d3K er lj\u00f3\u00f0ab\u00f3k eftir Hallberg Hallmundsson, Hallberg \u00e1tti heima \u00ed New York og var \u00fear ritstj\u00f3ri alfr\u00e6\u00f0ior\u00f0ab\u00f3ka og s\u00ed\u00f0ar vann hann \u00e1 Business Week, en flu"}},"product_brand":[],"product_cat":[82],"product_tag":[],"class_list":{"0":"post-10868","1":"product","2":"type-product","3":"status-publish","4":"has-post-thumbnail","6":"product_cat-baekur","7":"product_shipping_class-litill","9":"first","10":"instock","11":"purchasable","12":"product-type-simple"},"_links":{"self":[{"href":"https:\/\/kindart.is\/en\/wp-json\/wp\/v2\/product\/10868","targetHints":{"allow":["GET"]}}],"collection":[{"href":"https:\/\/kindart.is\/en\/wp-json\/wp\/v2\/product"}],"about":[{"href":"https:\/\/kindart.is\/en\/wp-json\/wp\/v2\/types\/product"}],"wp:featuredmedia":[{"embeddable":true,"href":"https:\/\/kindart.is\/en\/wp-json\/wp\/v2\/media\/10869"}],"wp:attachment":[{"href":"https:\/\/kindart.is\/en\/wp-json\/wp\/v2\/media?parent=10868"}],"wp:term":[{"taxonomy":"product_brand","embeddable":true,"href":"https:\/\/kindart.is\/en\/wp-json\/wp\/v2\/product_brand?post=10868"},{"taxonomy":"product_cat","embeddable":true,"href":"https:\/\/kindart.is\/en\/wp-json\/wp\/v2\/product_cat?post=10868"},{"taxonomy":"product_tag","embeddable":true,"href":"https:\/\/kindart.is\/en\/wp-json\/wp\/v2\/product_tag?post=10868"}],"curies":[{"name":"wp","href":"https:\/\/api.w.org\/{rel}","templated":true}]}}