{"id":10873,"date":"2026-01-06T15:30:27","date_gmt":"2026-01-06T15:30:27","guid":{"rendered":"https:\/\/kindart.is\/?post_type=product&#038;p=10873"},"modified":"2026-01-06T15:30:28","modified_gmt":"2026-01-06T15:30:28","slug":"spjaldvisur-ii","status":"publish","type":"product","link":"https:\/\/kindart.is\/en\/vara\/spjaldvisur-ii\/","title":{"rendered":"Spjaldv\u00edsur II"},"content":{"rendered":"<p><strong>Spjaldv\u00edsur II<\/strong> Lj\u00f3\u00f0ab\u00f3k eftir Hallberg Hallmmundsson, sj\u00e1 baks\u00ed\u00f0u \u00e1 k\u00e1pu. B\u00f3kin er kilja, st\u00e6r\u00f0: 20 x 13.5 cm og 90 bls. Fr\u00e1 b\u00f3kinni er sagt \u00e1 bakk\u00e1pu. H\u00f6fundur hanna\u00f0i flestar b\u00e6kur s\u00ednar sj\u00e1lfur.<\/p>\n<p><strong>\u00datg\u00e1fa. Prentun<\/strong>:<br \/>\n\u00datgefandi: Br\u00fa-Reykjav\u00edk-New York, 1991, sem var \u00fatg\u00e1fa \u00e1 vegum Hallbergs. Prentun: Stensill hf. Reykjav\u00edk.<\/p>\n","protected":false},"excerpt":{"rendered":"<p>Spjaldv\u00edsur II Lj\u00f3\u00f0ab\u00f3k eftir Hallberg Hallmmundsson, sj\u00e1 baks\u00ed\u00f0u \u00e1 k\u00e1pu. B\u00f3kin er kilja, st\u00e6r\u00f0: 20 x 13.5 cm og 90 bls. Fr\u00e1 b\u00f3kinni er sagt \u00e1 bakk\u00e1pu. H\u00f6fundur hanna\u00f0i flestar b\u00e6kur s\u00ednar sj\u00e1lfur. \u00datg\u00e1fa. Prentun: \u00datgefandi: Br\u00fa-Reykjav\u00edk-New York, 1991, sem var \u00fatg\u00e1fa \u00e1 vegum Hallbergs. Prentun: Stensill hf. Reykjav\u00edk.<\/p>\n","protected":false},"featured_media":10874,"template":"","meta":{"slim_seo":{"title":"Spjaldv\u00edsur II - KindArt","description":"Spjaldv\u00edsur II Lj\u00f3\u00f0ab\u00f3k eftir Hallberg Hallmmundsson, sj\u00e1 baks\u00ed\u00f0u \u00e1 k\u00e1pu. B\u00f3kin er kilja, st\u00e6r\u00f0: 20 x 13.5 cm og 90 bls. Fr\u00e1 b\u00f3kinni er sagt \u00e1 bakk\u00e1pu. H\u00f6fundur"}},"product_brand":[],"product_cat":[82],"product_tag":[],"class_list":{"0":"post-10873","1":"product","2":"type-product","3":"status-publish","4":"has-post-thumbnail","6":"product_cat-baekur","7":"product_shipping_class-litill","9":"first","10":"instock","11":"purchasable","12":"product-type-simple"},"_links":{"self":[{"href":"https:\/\/kindart.is\/en\/wp-json\/wp\/v2\/product\/10873","targetHints":{"allow":["GET"]}}],"collection":[{"href":"https:\/\/kindart.is\/en\/wp-json\/wp\/v2\/product"}],"about":[{"href":"https:\/\/kindart.is\/en\/wp-json\/wp\/v2\/types\/product"}],"wp:featuredmedia":[{"embeddable":true,"href":"https:\/\/kindart.is\/en\/wp-json\/wp\/v2\/media\/10874"}],"wp:attachment":[{"href":"https:\/\/kindart.is\/en\/wp-json\/wp\/v2\/media?parent=10873"}],"wp:term":[{"taxonomy":"product_brand","embeddable":true,"href":"https:\/\/kindart.is\/en\/wp-json\/wp\/v2\/product_brand?post=10873"},{"taxonomy":"product_cat","embeddable":true,"href":"https:\/\/kindart.is\/en\/wp-json\/wp\/v2\/product_cat?post=10873"},{"taxonomy":"product_tag","embeddable":true,"href":"https:\/\/kindart.is\/en\/wp-json\/wp\/v2\/product_tag?post=10873"}],"curies":[{"name":"wp","href":"https:\/\/api.w.org\/{rel}","templated":true}]}}