{"id":10877,"date":"2026-01-06T15:38:45","date_gmt":"2026-01-06T15:38:45","guid":{"rendered":"https:\/\/kindart.is\/?post_type=product&#038;p=10877"},"modified":"2026-01-06T15:38:45","modified_gmt":"2026-01-06T15:38:45","slug":"skyggnur","status":"publish","type":"product","link":"https:\/\/kindart.is\/en\/vara\/skyggnur\/","title":{"rendered":"Skyggnur"},"content":{"rendered":"<p><strong>Skyggnur<\/strong> er lj\u00f3\u00f0ab\u00f3k eftir Hallberg Hallmundsson. B\u00f3kin er kilja, st\u00e6r\u00f0: 20 x 13.5 cm og 68 bls.<\/p>\n<p><strong>\u00datg\u00e1fa. Prentun<\/strong>:<br \/>\n\u00datgefandi: Br\u00fa-Reykjav\u00edk-New York, 1993, sem var \u00fatg\u00e1fa \u00e1 vegum Hallbergs. Prentun: Stensill h.f.<\/p>\n","protected":false},"excerpt":{"rendered":"<p>Skyggnur er lj\u00f3\u00f0ab\u00f3k eftir Hallberg Hallmundsson. B\u00f3kin er kilja, st\u00e6r\u00f0: 20 x 13.5 cm og 68 bls. \u00datg\u00e1fa. Prentun: \u00datgefandi: Br\u00fa-Reykjav\u00edk-New York, 1993, sem var \u00fatg\u00e1fa \u00e1 vegum Hallbergs. Prentun: Stensill h.f.<\/p>\n","protected":false},"featured_media":10878,"template":"","meta":{"slim_seo":{"title":"Skyggnur - KindArt","description":"Skyggnur er lj\u00f3\u00f0ab\u00f3k eftir Hallberg Hallmundsson. B\u00f3kin er kilja, st\u00e6r\u00f0: 20 x 13.5 cm og 68 bls. \u00datg\u00e1fa. Prentun : \u00datgefandi: Br\u00fa-Reykjav\u00edk-New York, 1993, sem"}},"product_brand":[],"product_cat":[82],"product_tag":[],"class_list":{"0":"post-10877","1":"product","2":"type-product","3":"status-publish","4":"has-post-thumbnail","6":"product_cat-baekur","7":"product_shipping_class-litill","9":"first","10":"instock","11":"purchasable","12":"product-type-simple"},"_links":{"self":[{"href":"https:\/\/kindart.is\/en\/wp-json\/wp\/v2\/product\/10877","targetHints":{"allow":["GET"]}}],"collection":[{"href":"https:\/\/kindart.is\/en\/wp-json\/wp\/v2\/product"}],"about":[{"href":"https:\/\/kindart.is\/en\/wp-json\/wp\/v2\/types\/product"}],"wp:featuredmedia":[{"embeddable":true,"href":"https:\/\/kindart.is\/en\/wp-json\/wp\/v2\/media\/10878"}],"wp:attachment":[{"href":"https:\/\/kindart.is\/en\/wp-json\/wp\/v2\/media?parent=10877"}],"wp:term":[{"taxonomy":"product_brand","embeddable":true,"href":"https:\/\/kindart.is\/en\/wp-json\/wp\/v2\/product_brand?post=10877"},{"taxonomy":"product_cat","embeddable":true,"href":"https:\/\/kindart.is\/en\/wp-json\/wp\/v2\/product_cat?post=10877"},{"taxonomy":"product_tag","embeddable":true,"href":"https:\/\/kindart.is\/en\/wp-json\/wp\/v2\/product_tag?post=10877"}],"curies":[{"name":"wp","href":"https:\/\/api.w.org\/{rel}","templated":true}]}}