{"id":10894,"date":"2026-02-26T17:15:13","date_gmt":"2026-02-26T17:15:13","guid":{"rendered":"https:\/\/kindart.is\/?post_type=product&#038;p=10894"},"modified":"2026-02-26T17:38:26","modified_gmt":"2026-02-26T17:38:26","slug":"atakasaga","status":"publish","type":"product","link":"https:\/\/kindart.is\/en\/vara\/atakasaga\/","title":{"rendered":"\u00c1takasaga"},"content":{"rendered":"<p><strong>\u00c1takasaga<\/strong> H\u00f6fundar: Norma E. Sam\u00faelsd\u00f3ttir og \u00deorsteinn Antonsson. Sagan er sj\u00e1lfst\u00e6tt framhald b\u00f3karinnar Hverager\u00f0i, B\u00fasetusaga sem kom \u00e1ri\u00f0 2009.<br \/>\nB\u00f3kin er \u00ed kiljuformi og sett \u00ed k\u00e1pu. St\u00e6r\u00f0: 20.8 x 13.5cm og 187 bls.. K\u00e1pa: \u00de.A. og mynd Norma.<\/p>\n<p><strong>\u00datg\u00e1fa og prentun<\/strong>:<br \/>\n\u00datgefandi: Skrudda. Reykjav\u00edk 2015. Prentun: Litlaprent.<\/p>\n","protected":false},"excerpt":{"rendered":"<p>\u00c1takasaga H\u00f6fundar: Norma E. Sam\u00faelsd\u00f3ttir og \u00deorsteinn Antonsson. Sagan er sj\u00e1lfst\u00e6tt framhald b\u00f3karinnar Hverager\u00f0i, B\u00fasetusaga sem kom \u00e1ri\u00f0 2009. B\u00f3kin er \u00ed kiljuformi og sett \u00ed k\u00e1pu. St\u00e6r\u00f0: 20.8 x 13.5cm og 187 bls.. K\u00e1pa: \u00de.A. og mynd Norma. \u00datg\u00e1fa og prentun: \u00datgefandi: Skrudda. Reykjav\u00edk 2015. Prentun: Litlaprent.<\/p>\n","protected":false},"featured_media":10895,"template":"","meta":{"slim_seo":{"title":"\u00c1takasaga - KindArt","description":"\u00c1takasaga H\u00f6fundar: Norma E. Sam\u00faelsd\u00f3ttir og \u00deorsteinn Antonsson. Sagan er sj\u00e1lfst\u00e6tt framhald b\u00f3karinnar Hverager\u00f0i, B\u00fasetusaga sem kom \u00e1ri\u00f0 2009. B\u00f3kin er \u00ed"}},"product_brand":[],"product_cat":[82],"product_tag":[],"class_list":{"0":"post-10894","1":"product","2":"type-product","3":"status-publish","4":"has-post-thumbnail","6":"product_cat-baekur","7":"product_shipping_class-litill","9":"first","10":"instock","11":"purchasable","12":"product-type-simple"},"_links":{"self":[{"href":"https:\/\/kindart.is\/en\/wp-json\/wp\/v2\/product\/10894","targetHints":{"allow":["GET"]}}],"collection":[{"href":"https:\/\/kindart.is\/en\/wp-json\/wp\/v2\/product"}],"about":[{"href":"https:\/\/kindart.is\/en\/wp-json\/wp\/v2\/types\/product"}],"wp:featuredmedia":[{"embeddable":true,"href":"https:\/\/kindart.is\/en\/wp-json\/wp\/v2\/media\/10895"}],"wp:attachment":[{"href":"https:\/\/kindart.is\/en\/wp-json\/wp\/v2\/media?parent=10894"}],"wp:term":[{"taxonomy":"product_brand","embeddable":true,"href":"https:\/\/kindart.is\/en\/wp-json\/wp\/v2\/product_brand?post=10894"},{"taxonomy":"product_cat","embeddable":true,"href":"https:\/\/kindart.is\/en\/wp-json\/wp\/v2\/product_cat?post=10894"},{"taxonomy":"product_tag","embeddable":true,"href":"https:\/\/kindart.is\/en\/wp-json\/wp\/v2\/product_tag?post=10894"}],"curies":[{"name":"wp","href":"https:\/\/api.w.org\/{rel}","templated":true}]}}