{"id":10897,"date":"2026-02-26T17:22:46","date_gmt":"2026-02-26T17:22:46","guid":{"rendered":"https:\/\/kindart.is\/?post_type=product&#038;p=10897"},"modified":"2026-02-26T17:22:46","modified_gmt":"2026-02-26T17:22:46","slug":"bok-sem-allir-myndu-lesa","status":"publish","type":"product","link":"https:\/\/kindart.is\/en\/vara\/bok-sem-allir-myndu-lesa\/","title":{"rendered":"B\u00f3k sem allir myndu lesa"},"content":{"rendered":"<p><strong>B\u00f3k sem allir myndu lesa<\/strong>, Lj\u00f3\u00f0ab\u00f3k ungra austfirskra h\u00f6funda B\u00f3kin er l\u00edmheft og sett \u00ed k\u00e1pu. St\u00e6r\u00f0: 21 X 13.7 cm og 61 bls. K\u00e1pa: Katalin Karacesony.<\/p>\n<p><strong>\u00datg\u00e1fa og prentun<\/strong>:<br \/>\n\u00datgefandi: F\u00e9lag lj\u00f3\u00f0aunnenda \u00e1 Austurlandi. F\u00e1skr\u00fa\u00f0sfir\u00f0i, 2016<br \/>\nPrentun og b\u00f3kband: Leturprent.<\/p>\n","protected":false},"excerpt":{"rendered":"<p>B\u00f3k sem allir myndu lesa, Lj\u00f3\u00f0ab\u00f3k ungra austfirskra h\u00f6funda B\u00f3kin er l\u00edmheft og sett \u00ed k\u00e1pu. St\u00e6r\u00f0: 21 X 13.7 cm og 61 bls. K\u00e1pa: Katalin Karacesony. \u00datg\u00e1fa og prentun: \u00datgefandi: F\u00e9lag lj\u00f3\u00f0aunnenda \u00e1 Austurlandi. F\u00e1skr\u00fa\u00f0sfir\u00f0i, 2016 Prentun og b\u00f3kband: Leturprent.<\/p>\n","protected":false},"featured_media":10898,"template":"","meta":{"slim_seo":{"title":"B\u00f3k sem allir myndu lesa - KindArt","description":"B\u00f3k sem allir myndu lesa , Lj\u00f3\u00f0ab\u00f3k ungra austfirskra h\u00f6funda B\u00f3kin er l\u00edmheft og sett \u00ed k\u00e1pu. St\u00e6r\u00f0: 21 X 13.7 cm og 61 bls. K\u00e1pa: Katalin Karacesony. \u00datg\u00e1fa o"}},"product_brand":[],"product_cat":[82],"product_tag":[],"class_list":{"0":"post-10897","1":"product","2":"type-product","3":"status-publish","4":"has-post-thumbnail","6":"product_cat-baekur","7":"product_shipping_class-litill","9":"first","10":"instock","11":"purchasable","12":"product-type-simple"},"_links":{"self":[{"href":"https:\/\/kindart.is\/en\/wp-json\/wp\/v2\/product\/10897","targetHints":{"allow":["GET"]}}],"collection":[{"href":"https:\/\/kindart.is\/en\/wp-json\/wp\/v2\/product"}],"about":[{"href":"https:\/\/kindart.is\/en\/wp-json\/wp\/v2\/types\/product"}],"wp:featuredmedia":[{"embeddable":true,"href":"https:\/\/kindart.is\/en\/wp-json\/wp\/v2\/media\/10898"}],"wp:attachment":[{"href":"https:\/\/kindart.is\/en\/wp-json\/wp\/v2\/media?parent=10897"}],"wp:term":[{"taxonomy":"product_brand","embeddable":true,"href":"https:\/\/kindart.is\/en\/wp-json\/wp\/v2\/product_brand?post=10897"},{"taxonomy":"product_cat","embeddable":true,"href":"https:\/\/kindart.is\/en\/wp-json\/wp\/v2\/product_cat?post=10897"},{"taxonomy":"product_tag","embeddable":true,"href":"https:\/\/kindart.is\/en\/wp-json\/wp\/v2\/product_tag?post=10897"}],"curies":[{"name":"wp","href":"https:\/\/api.w.org\/{rel}","templated":true}]}}