{"id":10902,"date":"2026-02-26T17:31:26","date_gmt":"2026-02-26T17:31:26","guid":{"rendered":"https:\/\/kindart.is\/?post_type=product&#038;p=10902"},"modified":"2026-02-26T17:31:26","modified_gmt":"2026-02-26T17:31:26","slug":"i-byggdum","status":"publish","type":"product","link":"https:\/\/kindart.is\/en\/vara\/i-byggdum\/","title":{"rendered":"\u00cd bygg\u00f0um"},"content":{"rendered":"<p><strong>\u00cd bygg\u00f0um<\/strong> lj\u00f3\u00f0ab\u00f3k eftir Dav\u00ed\u00f0 Stef\u00e1nsson fr\u00e1 Fagrask\u00f3gi.. B\u00f3kin er l\u00edmheft og sett \u00ed k\u00e1pu. St\u00e6r\u00f0: 19.2 X 13.2 cm og 200 bls.<\/p>\n<p><strong>\u00datg\u00e1fa og prentun<\/strong>:<br \/>\n\u00datgefandi: \u00deorsteinn M. J\u00f3nsson Akureyri 1933. Prentun: Prentsmi\u00f0ja Odds Bj\u00f6rnssonar.<\/p>\n","protected":false},"excerpt":{"rendered":"<p>\u00cd bygg\u00f0um lj\u00f3\u00f0ab\u00f3k eftir Dav\u00ed\u00f0 Stef\u00e1nsson fr\u00e1 Fagrask\u00f3gi.. B\u00f3kin er l\u00edmheft og sett \u00ed k\u00e1pu. St\u00e6r\u00f0: 19.2 X 13.2 cm og 200 bls. \u00datg\u00e1fa og prentun: \u00datgefandi: \u00deorsteinn M. J\u00f3nsson Akureyri 1933. Prentun: Prentsmi\u00f0ja Odds Bj\u00f6rnssonar.<\/p>\n","protected":false},"featured_media":10903,"template":"","meta":{"slim_seo":{"title":"\u00cd bygg\u00f0um - KindArt","description":"\u00cd bygg\u00f0um lj\u00f3\u00f0ab\u00f3k eftir Dav\u00ed\u00f0 Stef\u00e1nsson fr\u00e1 Fagrask\u00f3gi.. B\u00f3kin er l\u00edmheft og sett \u00ed k\u00e1pu. St\u00e6r\u00f0: 19.2 X 13.2 cm og 200 bls. \u00datg\u00e1fa og prentun : \u00datgefandi: \u00deor"}},"product_brand":[],"product_cat":[82],"product_tag":[],"class_list":{"0":"post-10902","1":"product","2":"type-product","3":"status-publish","4":"has-post-thumbnail","6":"product_cat-baekur","7":"product_shipping_class-litill","9":"first","10":"instock","11":"purchasable","12":"product-type-simple"},"_links":{"self":[{"href":"https:\/\/kindart.is\/en\/wp-json\/wp\/v2\/product\/10902","targetHints":{"allow":["GET"]}}],"collection":[{"href":"https:\/\/kindart.is\/en\/wp-json\/wp\/v2\/product"}],"about":[{"href":"https:\/\/kindart.is\/en\/wp-json\/wp\/v2\/types\/product"}],"wp:featuredmedia":[{"embeddable":true,"href":"https:\/\/kindart.is\/en\/wp-json\/wp\/v2\/media\/10903"}],"wp:attachment":[{"href":"https:\/\/kindart.is\/en\/wp-json\/wp\/v2\/media?parent=10902"}],"wp:term":[{"taxonomy":"product_brand","embeddable":true,"href":"https:\/\/kindart.is\/en\/wp-json\/wp\/v2\/product_brand?post=10902"},{"taxonomy":"product_cat","embeddable":true,"href":"https:\/\/kindart.is\/en\/wp-json\/wp\/v2\/product_cat?post=10902"},{"taxonomy":"product_tag","embeddable":true,"href":"https:\/\/kindart.is\/en\/wp-json\/wp\/v2\/product_tag?post=10902"}],"curies":[{"name":"wp","href":"https:\/\/api.w.org\/{rel}","templated":true}]}}