{"id":10905,"date":"2026-02-27T17:15:00","date_gmt":"2026-02-27T17:15:00","guid":{"rendered":"https:\/\/kindart.is\/?post_type=product&#038;p=10905"},"modified":"2026-02-27T17:15:01","modified_gmt":"2026-02-27T17:15:01","slug":"skrad-og-flutt","status":"publish","type":"product","link":"https:\/\/kindart.is\/en\/vara\/skrad-og-flutt\/","title":{"rendered":"Skr\u00e1\u00f0 og flutt"},"content":{"rendered":"<p><strong>Skr\u00e1\u00f0 og flutt<\/strong>. Sext\u00edu og sex greinar, r\u00e6\u00f0ur og erindi. H\u00f6fundur: \u00deorsteinn M. J\u00f3nsson, sk\u00f3lastj\u00f3ri og b\u00f3ka\u00fatgefandi \u00e1 Akureyri. B\u00f3kin er bundin \u00ed gr\u00e6nt uppheypt skinnband og gyllt \u00e1 kj\u00f6l. St\u00e6r\u00f0: 23.8 X 15.7 cm og 400 bls.<\/p>\n<p><strong>\u00datg\u00e1fa og prentun<\/strong>:<br \/>\n\u00datgefandi: Kennaraf\u00e9lag Gagnfr\u00e6\u00f0ask\u00f3la Akureyrar 1955. Prentun: Prentsmi\u00f0ja Bj\u00f6rns J\u00f3nssonar, Akureyri 1955.<\/p>\n","protected":false},"excerpt":{"rendered":"<p>Skr\u00e1\u00f0 og flutt. Sext\u00edu og sex greinar, r\u00e6\u00f0ur og erindi. H\u00f6fundur: \u00deorsteinn M. J\u00f3nsson, sk\u00f3lastj\u00f3ri og b\u00f3ka\u00fatgefandi \u00e1 Akureyri. B\u00f3kin er bundin \u00ed gr\u00e6nt uppheypt skinnband og gyllt \u00e1 kj\u00f6l. St\u00e6r\u00f0: 23.8 X 15.7 cm og 400 bls. \u00datg\u00e1fa og prentun: \u00datgefandi: Kennaraf\u00e9lag Gagnfr\u00e6\u00f0ask\u00f3la Akureyrar 1955. Prentun: Prentsmi\u00f0ja Bj\u00f6rns J\u00f3nssonar, Akureyri 1955.<\/p>\n","protected":false},"featured_media":10906,"template":"","meta":{"slim_seo":{"title":"Skr\u00e1\u00f0 og flutt - KindArt","description":"Skr\u00e1\u00f0 og flutt . Sext\u00edu og sex greinar, r\u00e6\u00f0ur og erindi. H\u00f6fundur: \u00deorsteinn M. J\u00f3nsson, sk\u00f3lastj\u00f3ri og b\u00f3ka\u00fatgefandi \u00e1 Akureyri. B\u00f3kin er bundin \u00ed gr\u00e6nt upphey"}},"product_brand":[],"product_cat":[82],"product_tag":[],"class_list":{"0":"post-10905","1":"product","2":"type-product","3":"status-publish","4":"has-post-thumbnail","6":"product_cat-baekur","7":"product_shipping_class-litill","9":"first","10":"instock","11":"purchasable","12":"product-type-simple"},"_links":{"self":[{"href":"https:\/\/kindart.is\/en\/wp-json\/wp\/v2\/product\/10905","targetHints":{"allow":["GET"]}}],"collection":[{"href":"https:\/\/kindart.is\/en\/wp-json\/wp\/v2\/product"}],"about":[{"href":"https:\/\/kindart.is\/en\/wp-json\/wp\/v2\/types\/product"}],"wp:featuredmedia":[{"embeddable":true,"href":"https:\/\/kindart.is\/en\/wp-json\/wp\/v2\/media\/10906"}],"wp:attachment":[{"href":"https:\/\/kindart.is\/en\/wp-json\/wp\/v2\/media?parent=10905"}],"wp:term":[{"taxonomy":"product_brand","embeddable":true,"href":"https:\/\/kindart.is\/en\/wp-json\/wp\/v2\/product_brand?post=10905"},{"taxonomy":"product_cat","embeddable":true,"href":"https:\/\/kindart.is\/en\/wp-json\/wp\/v2\/product_cat?post=10905"},{"taxonomy":"product_tag","embeddable":true,"href":"https:\/\/kindart.is\/en\/wp-json\/wp\/v2\/product_tag?post=10905"}],"curies":[{"name":"wp","href":"https:\/\/api.w.org\/{rel}","templated":true}]}}