{"id":10908,"date":"2026-02-27T17:32:26","date_gmt":"2026-02-27T17:32:26","guid":{"rendered":"https:\/\/kindart.is\/?post_type=product&#038;p=10908"},"modified":"2026-02-27T17:32:26","modified_gmt":"2026-02-27T17:32:26","slug":"daegradvol","status":"publish","type":"product","link":"https:\/\/kindart.is\/en\/vara\/daegradvol\/","title":{"rendered":"D\u00e6gradv\u00f6l"},"content":{"rendered":"<p><strong>D\u00e6gradv\u00f6l<\/strong>. Sj\u00e1lfs\u00e6visaga Benedikts Gr\u00f6ndals. B\u00f3kin er saumu\u00f0, l\u00edmd og sett \u00ed k\u00e1pu. St\u00e6r\u00f0: 22.7 X 14.5 cm og 338 bls. K\u00e1pa: G\u00edsli Bj\u00f6rnsson, en mynd er af frumteikningu Ben. Gr\u00f6ndals.<\/p>\n<p><strong>\u00datg\u00e1fa og prentun<\/strong>:<br \/>\n\u00datgefandi: M\u00e1l og menning Reykjav\u00edk 1965. Prentun: Prentsmi\u00f0jan H\u00f3lar.<\/p>\n","protected":false},"excerpt":{"rendered":"<p>D\u00e6gradv\u00f6l. Sj\u00e1lfs\u00e6visaga Benedikts Gr\u00f6ndals. B\u00f3kin er saumu\u00f0, l\u00edmd og sett \u00ed k\u00e1pu. St\u00e6r\u00f0: 22.7 X 14.5 cm og 338 bls. K\u00e1pa: G\u00edsli Bj\u00f6rnsson, en mynd er af frumteikningu Ben. Gr\u00f6ndals. \u00datg\u00e1fa og prentun: \u00datgefandi: M\u00e1l og menning Reykjav\u00edk 1965. Prentun: Prentsmi\u00f0jan H\u00f3lar.<\/p>\n","protected":false},"featured_media":10909,"template":"","meta":{"slim_seo":{"title":"D\u00e6gradv\u00f6l - KindArt","description":"D\u00e6gradv\u00f6l . Sj\u00e1lfs\u00e6visaga Benedikts Gr\u00f6ndals. B\u00f3kin er saumu\u00f0, l\u00edmd og sett \u00ed k\u00e1pu. St\u00e6r\u00f0: 22.7 X 14.5 cm og 338 bls. K\u00e1pa: G\u00edsli Bj\u00f6rnsson, en mynd er af frumt"}},"product_brand":[],"product_cat":[82],"product_tag":[],"class_list":{"0":"post-10908","1":"product","2":"type-product","3":"status-publish","4":"has-post-thumbnail","6":"product_cat-baekur","7":"product_shipping_class-litill","9":"first","10":"instock","11":"purchasable","12":"product-type-simple"},"_links":{"self":[{"href":"https:\/\/kindart.is\/en\/wp-json\/wp\/v2\/product\/10908","targetHints":{"allow":["GET"]}}],"collection":[{"href":"https:\/\/kindart.is\/en\/wp-json\/wp\/v2\/product"}],"about":[{"href":"https:\/\/kindart.is\/en\/wp-json\/wp\/v2\/types\/product"}],"wp:featuredmedia":[{"embeddable":true,"href":"https:\/\/kindart.is\/en\/wp-json\/wp\/v2\/media\/10909"}],"wp:attachment":[{"href":"https:\/\/kindart.is\/en\/wp-json\/wp\/v2\/media?parent=10908"}],"wp:term":[{"taxonomy":"product_brand","embeddable":true,"href":"https:\/\/kindart.is\/en\/wp-json\/wp\/v2\/product_brand?post=10908"},{"taxonomy":"product_cat","embeddable":true,"href":"https:\/\/kindart.is\/en\/wp-json\/wp\/v2\/product_cat?post=10908"},{"taxonomy":"product_tag","embeddable":true,"href":"https:\/\/kindart.is\/en\/wp-json\/wp\/v2\/product_tag?post=10908"}],"curies":[{"name":"wp","href":"https:\/\/api.w.org\/{rel}","templated":true}]}}