{"id":10913,"date":"2026-02-27T17:45:57","date_gmt":"2026-02-27T17:45:57","guid":{"rendered":"https:\/\/kindart.is\/?post_type=product&#038;p=10913"},"modified":"2026-02-27T17:45:57","modified_gmt":"2026-02-27T17:45:57","slug":"svartir-riddarar-og-adrar-hendingar","status":"publish","type":"product","link":"https:\/\/kindart.is\/en\/vara\/svartir-riddarar-og-adrar-hendingar\/","title":{"rendered":"Svartir riddarar og a\u00f0rar hendingar"},"content":{"rendered":"<p><strong>Svartir riddarar og a\u00f0rar hendingar<\/strong> eftir Stephen Crane. \u00cd \u00edslenskum b\u00faningi eftir Hallberg Hallmundsson. Sagt fr\u00e1 h\u00f6fundum \u00e1 bakk\u00e1pu. B\u00f3kin er l\u00edmheft \u00ed k\u00e1pu og skorin. St\u00e6r\u00f0: 19.7 X 13.5 cm og 101 bls. K\u00e1puteikning: Hallberg.<\/p>\n<p><strong>\u00datgefandi<\/strong>: Br\u00fa Reykjav\u00edk &#8211; New York 1992. \u00datg\u00e1fufyrirt\u00e6ki Hallbergs Hallmundsonar. <strong>Prentun<\/strong>: Stensill, Reykjav\u00edk.<\/p>\n","protected":false},"excerpt":{"rendered":"<p>Svartir riddarar og a\u00f0rar hendingar eftir Stephen Crane. \u00cd \u00edslenskum b\u00faningi eftir Hallberg Hallmundsson. Sagt fr\u00e1 h\u00f6fundum \u00e1 bakk\u00e1pu. B\u00f3kin er l\u00edmheft \u00ed k\u00e1pu og skorin. St\u00e6r\u00f0: 19.7 X 13.5 cm og 101 bls. K\u00e1puteikning: Hallberg. \u00datgefandi: Br\u00fa Reykjav\u00edk &#8211; New York 1992. \u00datg\u00e1fufyrirt\u00e6ki Hallbergs Hallmundsonar. Prentun: Stensill, Reykjav\u00edk.<\/p>\n","protected":false},"featured_media":10914,"template":"","meta":{"slim_seo":{"title":"Svartir riddarar og a\u00f0rar hendingar - KindArt","description":"Svartir riddarar og a\u00f0rar hendingar eftir Stephen Crane. \u00cd \u00edslenskum b\u00faningi eftir Hallberg Hallmundsson. Sagt fr\u00e1 h\u00f6fundum \u00e1 bakk\u00e1pu. B\u00f3kin er l\u00edmheft \u00ed k\u00e1pu o"}},"product_brand":[],"product_cat":[82],"product_tag":[],"class_list":{"0":"post-10913","1":"product","2":"type-product","3":"status-publish","4":"has-post-thumbnail","6":"product_cat-baekur","7":"product_shipping_class-litill","9":"first","10":"instock","11":"purchasable","12":"product-type-simple"},"_links":{"self":[{"href":"https:\/\/kindart.is\/en\/wp-json\/wp\/v2\/product\/10913","targetHints":{"allow":["GET"]}}],"collection":[{"href":"https:\/\/kindart.is\/en\/wp-json\/wp\/v2\/product"}],"about":[{"href":"https:\/\/kindart.is\/en\/wp-json\/wp\/v2\/types\/product"}],"wp:featuredmedia":[{"embeddable":true,"href":"https:\/\/kindart.is\/en\/wp-json\/wp\/v2\/media\/10914"}],"wp:attachment":[{"href":"https:\/\/kindart.is\/en\/wp-json\/wp\/v2\/media?parent=10913"}],"wp:term":[{"taxonomy":"product_brand","embeddable":true,"href":"https:\/\/kindart.is\/en\/wp-json\/wp\/v2\/product_brand?post=10913"},{"taxonomy":"product_cat","embeddable":true,"href":"https:\/\/kindart.is\/en\/wp-json\/wp\/v2\/product_cat?post=10913"},{"taxonomy":"product_tag","embeddable":true,"href":"https:\/\/kindart.is\/en\/wp-json\/wp\/v2\/product_tag?post=10913"}],"curies":[{"name":"wp","href":"https:\/\/api.w.org\/{rel}","templated":true}]}}