{"id":10916,"date":"2026-03-19T17:08:57","date_gmt":"2026-03-19T17:08:57","guid":{"rendered":"https:\/\/kindart.is\/?post_type=product&#038;p=10916"},"modified":"2026-03-19T18:24:52","modified_gmt":"2026-03-19T18:24:52","slug":"adventa-og-fleiri-ljod","status":"publish","type":"product","link":"https:\/\/kindart.is\/en\/vara\/adventa-og-fleiri-ljod\/","title":{"rendered":"A\u00d0VENTA og fleiri lj\u00f3\u00f0"},"content":{"rendered":"<p><strong>A\u00d0VENTA og fleiri lj\u00f3\u00f0<\/strong> eftir Ylfa Egerhorn \u00ed \u00fe\u00fd\u00f0ingu Hallbergs Hallmundssonar. B\u00f3kin er v\u00edrheft \u00ed kartonk\u00e1pu, 20 X 13.3 cm a\u00f0 st\u00e6r\u00f0 og skorin. Hallberg hanna\u00f0i b\u00e6kur s\u00ednar sj\u00e1lfur og gaf \u00fat og er \u00feetta 4. lj\u00f3\u00f0akveri\u00f0 \u00ed \u00fatg\u00e1fu hans.<\/p>\n<p><strong>PRENTUN<\/strong>:<br \/>\nSTENSILL hf, Reykjav\u00edk. 2000.<\/p>\n","protected":false},"excerpt":{"rendered":"<p>A\u00d0VENTA og fleiri lj\u00f3\u00f0 eftir Ylfa Egerhorn \u00ed \u00fe\u00fd\u00f0ingu Hallbergs Hallmundssonar. B\u00f3kin er v\u00edrheft \u00ed kartonk\u00e1pu, 20 X 13.3 cm a\u00f0 st\u00e6r\u00f0 og skorin. Hallberg hanna\u00f0i b\u00e6kur s\u00ednar sj\u00e1lfur og gaf \u00fat og er \u00feetta 4. lj\u00f3\u00f0akveri\u00f0 \u00ed \u00fatg\u00e1fu hans. PRENTUN: STENSILL hf, Reykjav\u00edk. 2000.<\/p>\n","protected":false},"featured_media":10917,"template":"","meta":{"slim_seo":{"title":"A\u00d0VENTA og fleiri lj\u00f3\u00f0 - KindArt","description":"A\u00d0VENTA og fleiri lj\u00f3\u00f0 eftir Ylfa Egerhorn \u00ed \u00fe\u00fd\u00f0ingu Hallbergs Hallmundssonar. B\u00f3kin er v\u00edrheft \u00ed kartonk\u00e1pu, 20 X 13.3 cm a\u00f0 st\u00e6r\u00f0 og skorin. Hallberg hanna\u00f0i"}},"product_brand":[],"product_cat":[82],"product_tag":[],"class_list":{"0":"post-10916","1":"product","2":"type-product","3":"status-publish","4":"has-post-thumbnail","6":"product_cat-baekur","7":"product_shipping_class-litill","9":"first","10":"instock","11":"purchasable","12":"product-type-simple"},"_links":{"self":[{"href":"https:\/\/kindart.is\/en\/wp-json\/wp\/v2\/product\/10916","targetHints":{"allow":["GET"]}}],"collection":[{"href":"https:\/\/kindart.is\/en\/wp-json\/wp\/v2\/product"}],"about":[{"href":"https:\/\/kindart.is\/en\/wp-json\/wp\/v2\/types\/product"}],"wp:featuredmedia":[{"embeddable":true,"href":"https:\/\/kindart.is\/en\/wp-json\/wp\/v2\/media\/10917"}],"wp:attachment":[{"href":"https:\/\/kindart.is\/en\/wp-json\/wp\/v2\/media?parent=10916"}],"wp:term":[{"taxonomy":"product_brand","embeddable":true,"href":"https:\/\/kindart.is\/en\/wp-json\/wp\/v2\/product_brand?post=10916"},{"taxonomy":"product_cat","embeddable":true,"href":"https:\/\/kindart.is\/en\/wp-json\/wp\/v2\/product_cat?post=10916"},{"taxonomy":"product_tag","embeddable":true,"href":"https:\/\/kindart.is\/en\/wp-json\/wp\/v2\/product_tag?post=10916"}],"curies":[{"name":"wp","href":"https:\/\/api.w.org\/{rel}","templated":true}]}}