{"id":10919,"date":"2026-03-19T17:27:35","date_gmt":"2026-03-19T17:27:35","guid":{"rendered":"https:\/\/kindart.is\/?post_type=product&#038;p=10919"},"modified":"2026-03-19T18:22:34","modified_gmt":"2026-03-19T18:22:34","slug":"littu-nidur-ljosa-tungl-og-fleiri-ljod","status":"publish","type":"product","link":"https:\/\/kindart.is\/en\/vara\/littu-nidur-ljosa-tungl-og-fleiri-ljod\/","title":{"rendered":"L\u00edttu ni\u00f0ur lj\u00f3sa tungl og fleiri lj\u00f3\u00f0"},"content":{"rendered":"<p><strong>L\u00edttu ni\u00f0ur lj\u00f3sa tungl og fleiri lj\u00f3\u00f0<\/strong> eftir Walt Whitman. L\u00edti\u00f0 lj\u00f3\u00f0akver \u00ed \u00fe\u00fd\u00f0ingu Hallbergs Hallmundssonar sem um \u00e1rabil \u00e1tti heima \u00ed New York borg og stunda\u00f0i \u00fear ritst\u00f6rf o. fl. &#8211; B\u00f3kin er v\u00edrheft \u00ed kartonk\u00e1pu, 20 X 13.2 cm a\u00f0 st\u00e6r\u00f0 og skorin. Hallberg hanna\u00f0i b\u00e6kur s\u00ednar sj\u00e1lfur og gaf \u00fat og er \u00feetta 5. lj\u00f3\u00f0akveri\u00f0 \u00ed \u00fatg\u00e1fu hans.<\/p>\n<p><strong>PRENTUN<\/strong>:<br \/>\nThirty Fifth, New York. 2001.<\/p>\n","protected":false},"excerpt":{"rendered":"<p>L\u00edttu ni\u00f0ur lj\u00f3sa tungl og fleiri lj\u00f3\u00f0 eftir Walt Whitman. L\u00edti\u00f0 lj\u00f3\u00f0akver \u00ed \u00fe\u00fd\u00f0ingu Hallbergs Hallmundssonar sem um \u00e1rabil \u00e1tti heima \u00ed New York borg og stunda\u00f0i \u00fear ritst\u00f6rf o. fl. &#8211; B\u00f3kin er v\u00edrheft \u00ed kartonk\u00e1pu, 20 X 13.2 cm a\u00f0 st\u00e6r\u00f0 og skorin. Hallberg hanna\u00f0i b\u00e6kur s\u00ednar sj\u00e1lfur og gaf \u00fat og er [&hellip;]<\/p>\n","protected":false},"featured_media":10922,"template":"","meta":{"slim_seo":{"title":"L\u00edttu ni\u00f0ur lj\u00f3sa tungl og fleiri lj\u00f3\u00f0 - KindArt","description":"L\u00edttu ni\u00f0ur lj\u00f3sa tungl og fleiri lj\u00f3\u00f0 eftir Walt Whitman. L\u00edti\u00f0 lj\u00f3\u00f0akver \u00ed \u00fe\u00fd\u00f0ingu Hallbergs Hallmundssonar sem um \u00e1rabil \u00e1tti heima \u00ed New York borg og stunda"}},"product_brand":[],"product_cat":[82],"product_tag":[],"class_list":{"0":"post-10919","1":"product","2":"type-product","3":"status-publish","4":"has-post-thumbnail","6":"product_cat-baekur","7":"product_shipping_class-litill","9":"first","10":"instock","11":"purchasable","12":"product-type-simple"},"_links":{"self":[{"href":"https:\/\/kindart.is\/en\/wp-json\/wp\/v2\/product\/10919","targetHints":{"allow":["GET"]}}],"collection":[{"href":"https:\/\/kindart.is\/en\/wp-json\/wp\/v2\/product"}],"about":[{"href":"https:\/\/kindart.is\/en\/wp-json\/wp\/v2\/types\/product"}],"wp:featuredmedia":[{"embeddable":true,"href":"https:\/\/kindart.is\/en\/wp-json\/wp\/v2\/media\/10922"}],"wp:attachment":[{"href":"https:\/\/kindart.is\/en\/wp-json\/wp\/v2\/media?parent=10919"}],"wp:term":[{"taxonomy":"product_brand","embeddable":true,"href":"https:\/\/kindart.is\/en\/wp-json\/wp\/v2\/product_brand?post=10919"},{"taxonomy":"product_cat","embeddable":true,"href":"https:\/\/kindart.is\/en\/wp-json\/wp\/v2\/product_cat?post=10919"},{"taxonomy":"product_tag","embeddable":true,"href":"https:\/\/kindart.is\/en\/wp-json\/wp\/v2\/product_tag?post=10919"}],"curies":[{"name":"wp","href":"https:\/\/api.w.org\/{rel}","templated":true}]}}