{"id":3320,"date":"2022-03-01T11:46:36","date_gmt":"2022-03-09T11:07:12","guid":{"rendered":"https:\/\/kindart.is\/product\/almanac-volume-1-and-almanac-bindi\/"},"modified":"2022-03-09T11:07:14","modified_gmt":"2022-03-09T11:07:14","slug":"almanac-1-volume-and-almanac-2-volume","status":"publish","type":"product","link":"https:\/\/kindart.is\/en\/vara\/almanac-1-volume-and-almanac-2-volume\/","title":{"rendered":"Almanac Volume 1 and Almanac Bindi"},"content":{"rendered":"<p><strong>Almanac 1. Bindi<\/strong>: 1865, 1878, translated by J\u00f3n Sigur\u00f0sson &#8211; 1882, 1883, 1884, 1885, 1886 and 1888, translated by G\u00edsli Brynj\u00falfsson. &#8211; 1889, 1890, translated by Nikul\u00e1s Run\u00f3lfsson.<\/p>\n<p><strong>Almanac 2. Bindi<\/strong>, 1892, 1894, 1896 and 1898 translated by Nikul\u00e1s Run\u00f3lfsson and finally the almanacs: 1899, 1900, 1902 and 1905, translated by Valt\u00fdr Gu\u00f0mundsson.<br \/>\nThe band is an old wristband and loose in itself, shirting on the keel and corner and cladding old. However, faeces are intact and hold the book together. Profile red. Size: 10 X 16.5 cm. Invalid.<\/p>\n<p><strong>Publishing and printing<\/strong> :<br \/>\nUniversity of Hafnarfj\u00f6r\u00f0ur, Copenhagen. JH Schultz Printing House.<\/p>\n","protected":false},"excerpt":{"rendered":"<p>Almanac 1. Bindi: 1865, 1878, translated by J\u00f3n Sigur\u00f0sson &#8211; 1882, 1883, 1884, 1885, 1886 and 1888, translated by G\u00edsli Brynj\u00falfsson. &#8211; 1889, 1890, translated by Nikul\u00e1s Run\u00f3lfsson. Almanac 2. Bindi, 1892, 1894, 1896 and 1898 translated by Nikul\u00e1s Run\u00f3lfsson and finally the almanacs: 1899, 1900, 1902 and 1905, translated by Valt\u00fdr Gu\u00f0mundsson. The band [&hellip;]<\/p>\n","protected":false},"featured_media":3295,"template":"","meta":{"slim_seo":{"title":"Almanac Volume 1 and Almanac Bindi - KindArt","description":"Almanac 1. Bindi : 1865, 1878, translated by J\u00f3n Sigur\u00f0sson - 1882, 1883, 1884, 1885, 1886 and 1888, translated by G\u00edsli Brynj\u00falfsson. - 1889, 1890, translated"}},"product_brand":[],"product_cat":[83],"product_tag":[],"class_list":{"0":"post-3320","1":"product","2":"type-product","3":"status-publish","4":"has-post-thumbnail","6":"product_cat-books","7":"product_shipping_class-small-en","9":"first","10":"outofstock","11":"sold-individually","12":"purchasable","13":"product-type-simple"},"_links":{"self":[{"href":"https:\/\/kindart.is\/en\/wp-json\/wp\/v2\/product\/3320","targetHints":{"allow":["GET"]}}],"collection":[{"href":"https:\/\/kindart.is\/en\/wp-json\/wp\/v2\/product"}],"about":[{"href":"https:\/\/kindart.is\/en\/wp-json\/wp\/v2\/types\/product"}],"wp:featuredmedia":[{"embeddable":true,"href":"https:\/\/kindart.is\/en\/wp-json\/wp\/v2\/media\/3295"}],"wp:attachment":[{"href":"https:\/\/kindart.is\/en\/wp-json\/wp\/v2\/media?parent=3320"}],"wp:term":[{"taxonomy":"product_brand","embeddable":true,"href":"https:\/\/kindart.is\/en\/wp-json\/wp\/v2\/product_brand?post=3320"},{"taxonomy":"product_cat","embeddable":true,"href":"https:\/\/kindart.is\/en\/wp-json\/wp\/v2\/product_cat?post=3320"},{"taxonomy":"product_tag","embeddable":true,"href":"https:\/\/kindart.is\/en\/wp-json\/wp\/v2\/product_tag?post=3320"}],"curies":[{"name":"wp","href":"https:\/\/api.w.org\/{rel}","templated":true}]}}