{"id":3321,"date":"2022-03-01T11:36:28","date_gmt":"2022-03-09T11:09:02","guid":{"rendered":"https:\/\/kindart.is\/product\/skrudda-ii\/"},"modified":"2022-03-09T11:09:04","modified_gmt":"2022-03-09T11:09:04","slug":"skrudda-ii","status":"publish","type":"product","link":"https:\/\/kindart.is\/en\/vara\/skrudda-ii\/","title":{"rendered":"Skrudda II"},"content":{"rendered":"<p><strong>Skrudda II<\/strong> . Poet P\u00e1ll: Poetry, legends and sayings. Ragnar \u00c1sgeirsson, a horticultural consultant for B\u00fana\u00f0arf\u00e9lag \u00cdslands, has registered. The book is bound in black rexin ribbon, alband. Size: 12.5 X 18.5 cm. 268 p.<\/p>\n<p><strong>Publishing and printing<\/strong> :<br \/>\nPublisher: B\u00fana\u00f0arf\u00e9lag \u00cdslands. Reykjav\u00edk 1958. Printed work by Oddur Bj\u00f6rnsson Akureyri.<\/p>\n","protected":false},"excerpt":{"rendered":"<p>Skrudda II . Poet P\u00e1ll: Poetry, legends and sayings. Ragnar \u00c1sgeirsson, a horticultural consultant for B\u00fana\u00f0arf\u00e9lag \u00cdslands, has registered. The book is bound in black rexin ribbon, alband. Size: 12.5 X 18.5 cm. 268 p. Publishing and printing : Publisher: B\u00fana\u00f0arf\u00e9lag \u00cdslands. Reykjav\u00edk 1958. Printed work by Oddur Bj\u00f6rnsson Akureyri.<\/p>\n","protected":false},"featured_media":3288,"template":"","meta":{"slim_seo":{"title":"Skrudda II - KindArt","description":"Skrudda II . Poet P\u00e1ll: Poetry, legends and sayings. Ragnar \u00c1sgeirsson, a horticultural consultant for B\u00fana\u00f0arf\u00e9lag \u00cdslands, has registered. The book is bound i"}},"product_brand":[],"product_cat":[83],"product_tag":[],"class_list":{"0":"post-3321","1":"product","2":"type-product","3":"status-publish","4":"has-post-thumbnail","6":"product_cat-books","7":"product_shipping_class-small-en","9":"first","10":"instock","11":"sold-individually","12":"purchasable","13":"product-type-simple"},"_links":{"self":[{"href":"https:\/\/kindart.is\/en\/wp-json\/wp\/v2\/product\/3321","targetHints":{"allow":["GET"]}}],"collection":[{"href":"https:\/\/kindart.is\/en\/wp-json\/wp\/v2\/product"}],"about":[{"href":"https:\/\/kindart.is\/en\/wp-json\/wp\/v2\/types\/product"}],"wp:featuredmedia":[{"embeddable":true,"href":"https:\/\/kindart.is\/en\/wp-json\/wp\/v2\/media\/3288"}],"wp:attachment":[{"href":"https:\/\/kindart.is\/en\/wp-json\/wp\/v2\/media?parent=3321"}],"wp:term":[{"taxonomy":"product_brand","embeddable":true,"href":"https:\/\/kindart.is\/en\/wp-json\/wp\/v2\/product_brand?post=3321"},{"taxonomy":"product_cat","embeddable":true,"href":"https:\/\/kindart.is\/en\/wp-json\/wp\/v2\/product_cat?post=3321"},{"taxonomy":"product_tag","embeddable":true,"href":"https:\/\/kindart.is\/en\/wp-json\/wp\/v2\/product_tag?post=3321"}],"curies":[{"name":"wp","href":"https:\/\/api.w.org\/{rel}","templated":true}]}}